{"id":2061,"date":"2018-11-08T11:19:06","date_gmt":"2018-11-08T14:19:06","guid":{"rendered":"http:\/\/leb.inenco.unsa.edu.ar\/?page_id=2061"},"modified":"2020-06-25T11:37:20","modified_gmt":"2020-06-25T14:37:20","slug":"simedif-2-0-calculo-termico-de-edificios","status":"publish","type":"page","link":"https:\/\/leb.inenco.unsa.edu.ar\/index.php\/es\/software\/simedif-2-0-calculo-termico-de-edificios\/","title":{"rendered":"SIMEDIF 2.0 &#8211; C\u00c1LCULO T\u00c9RMICO DE EDIFICIOS"},"content":{"rendered":"<h2 style=\"text-align: justify;\"><span style=\"color: #003366; font-family: verdana, geneva, sans-serif;\"><em><strong>DESCRIPCI\u00d3N<\/strong><\/em><\/span><\/h2>\n<table style=\"width: 702px;\">\n<tbody>\n<tr>\n<td style=\"width: 446px;\"><span style=\"font-family: verdana, geneva, sans-serif; font-size: 10pt;\">\u00a0<img fetchpriority=\"high\" decoding=\"async\" class=\"alignnone wp-image-2063\" src=\"http:\/\/leb.inenco.unsa.edu.ar\/wp-content\/uploads\/2018\/11\/SIMEDIF.jpg\" alt=\"\" width=\"335\" height=\"268\" \/><\/span><\/p>\n<p style=\"text-align: center;\"><span style=\"font-size: 8pt;\"><strong><em><span style=\"font-family: verdana, geneva, sans-serif;\">Pantalla de SIMEDIF<\/span><\/em><\/strong><\/span><\/p>\n<\/td>\n<td style=\"width: 655px; text-align: justify;\"><span style=\"font-family: verdana, geneva, sans-serif; font-size: 10pt;\">El programa <i>SIMEDIF <\/i>es una herramienta de dise\u00f1o para calcular la temperatura horaria en los ambientes interiores de un edificio, la temperatura de las superficies de las paredes y la energ\u00eda auxiliar de calefacci\u00f3n\/refrigeraci\u00f3n que se necesita para mantener los espacios a una dada temperatura y el nivel de confort t\u00e9rmico seg\u00fan ASHRAE55. Permite analizar su comportamiento frente a diferentes condiciones clim\u00e1ticas, detectar problemas de falta de confort (sobrecalentamiento o bajas temperaturas), evaluar las distintas alternativas constructivas durante la etapa de dise\u00f1o, como por ejemplo variaciones en la geometr\u00eda del mismo, orientaci\u00f3n, ubicaci\u00f3n y tama\u00f1o de \u00e1reas vidriadas, estructura y conformaci\u00f3n de la envolvente, materiales y sistemas de acondicionamiento pasivos e h\u00edbridos a utilizar, etc<\/span><span style=\"font-family: verdana, geneva, sans-serif; font-size: 10pt;\">.<\/span><\/td>\n<\/tr>\n<\/tbody>\n<\/table>\n<p style=\"text-align: justify;\"><span style=\"font-family: verdana, geneva, sans-serif; font-size: 10pt;\">En edificios ya construidos el programa permite ajustar los datos medidos, de forma de conocer su comportamiento bajo diferentes condiciones clim\u00e1ticas o de orientaci\u00f3n, detectar problemas de confort y estudiar la eficiencia de posibles alternativas de redise\u00f1o.<\/span><\/p>\n<p style=\"text-align: justify;\"><span style=\"font-family: verdana, geneva, sans-serif; font-size: 10pt;\">El primer SIMEDIF naci\u00f3 en 1984 en el Instituto para la Investigaci\u00f3n de Energ\u00eda No Convencional (INENCO, UNSA-CONICET) de la Universidad Nacional de Salta y CONICET, Argentina. El lenguaje de programaci\u00f3n original era el antiguo GW-Basic. Fue utilizado en el \u201980 por grupos de investigaci\u00f3n de todo el pa\u00eds. El n\u00famero de edificios modelados, monitoreados y simulados con \u00e9xito por SIMEDIF creci\u00f3 a lo largo de los a\u00f1os, debido a los buenos resultados de las predicciones con los resultados experimentales, y como consecuencia, su uso se extendi\u00f3 r\u00e1pidamente a varios grupos de investigaci\u00f3n en Argentina y otros pa\u00edses. Como resultado de este esfuerzo, SIMEDIF se convirti\u00f3 en un software f\u00e1cil de usar. Es una herramienta ideal para usuarios no experimentados y una excelente herramienta para la ense\u00f1anza. Por eso, tambi\u00e9n se utiliza en los cursos de doctorado y m\u00e1ster.<\/span><\/p>\n<p style=\"text-align: justify;\"><span style=\"font-family: verdana, geneva, sans-serif; font-size: 10pt;\">La presente versi\u00f3n para Windows fue dise\u00f1ada por la Dra. Silvana Flores Larsen en el INENCO (Instituto de Investigaciones en Energ\u00eda No Convencional, U.N.Sa.-CONICET), con un m\u00f3dulo de c\u00e1lculo en Python (ingreso de datos en VBasic). La versi\u00f3n primitiva de 1984 para DOS fue realizada por los Dres. Graciela Lesino, Luis Saravia y Dolores Al\u00eda. Todas las sugerencias de mejoras son bienvenidas, para lo cual los interesados pueden enviar sus comentarios, aportes y observaciones.SIMEDIF para Windows.<\/span><\/p>\n<table class=\" aligncenter\" style=\"height: 195px; width: 564px;\">\n<tbody>\n<tr style=\"height: 136px;\">\n<td style=\"width: 164px; text-align: center; vertical-align: middle; height: 136px;\">\n<p><img decoding=\"async\" class=\"alignnone wp-image-2378\" src=\"http:\/\/leb.inenco.unsa.edu.ar\/wp-content\/uploads\/2018\/12\/nuevo-icono-simedif-.jpg\" alt=\"\" width=\"120\" height=\"109\" \/><\/p>\n<p><span style=\"font-size: 8pt;\"><strong><em><span style=\"font-family: verdana, geneva, sans-serif;\">SIMEDIF para Windows<\/span><\/em><\/strong><\/span><\/td>\n<td style=\"width: 377px; height: 136px; text-align: center; vertical-align: middle;\">\n<h5><\/h5>\n<p><a href=\"https:\/\/drive.google.com\/file\/d\/1GGuuExo5iA42pEiVy7ICXsrlLWuMTRtK\/view?usp=sharing\">DESCARGAR ULTIMA VERSI\u00d3N (JUNIO 2020)<\/a><\/p>\n<p><a href=\"https:\/\/drive.google.com\/open?id=1VRTtXXe60Y2M7XGPimzAMibSGuC0wnJT\">DESCARGAR MANUAL\u00a0(12 NOVIEMBRE 2019)<\/a><\/p>\n<p><a href=\"https:\/\/drive.google.com\/open?id=15-nDv9kYy73q-eiGu_FkAuYTZYibOKXG\">DESCARGAR PRESENTACI\u00d3N<\/a><\/td>\n<\/tr>\n<\/tbody>\n<\/table>\n<p style=\"text-align: center;\">\n","protected":false},"excerpt":{"rendered":"<p>DESCRIPCI\u00d3N \u00a0 Pantalla de SIMEDIF El programa SIMEDIF es una herramienta de dise\u00f1o para calcular la temperatura horaria en los ambientes interiores de un edificio, la temperatura de las superficies de las paredes y la energ\u00eda auxiliar de calefacci\u00f3n\/refrigeraci\u00f3n que se necesita para mantener los espacios a una dada temperatura y el nivel de confort&hellip;&nbsp;<a href=\"https:\/\/leb.inenco.unsa.edu.ar\/index.php\/es\/software\/simedif-2-0-calculo-termico-de-edificios\/\" rel=\"bookmark\">Leer m\u00e1s &raquo;<span class=\"screen-reader-text\">SIMEDIF 2.0 &#8211; C\u00c1LCULO T\u00c9RMICO DE EDIFICIOS<\/span><\/a><\/p>\n","protected":false},"author":2,"featured_media":0,"parent":2198,"menu_order":0,"comment_status":"closed","ping_status":"closed","template":"","meta":{"_eb_attr":"","neve_meta_sidebar":"","neve_meta_container":"","neve_meta_enable_content_width":"","neve_meta_content_width":0,"neve_meta_title_alignment":"","neve_meta_author_avatar":"","neve_post_elements_order":"","neve_meta_disable_header":"","neve_meta_disable_footer":"","neve_meta_disable_title":"","_ti_tpc_template_sync":false,"_ti_tpc_template_id":"","footnotes":""},"class_list":["post-2061","page","type-page","status-publish","hentry"],"_links":{"self":[{"href":"https:\/\/leb.inenco.unsa.edu.ar\/index.php\/wp-json\/wp\/v2\/pages\/2061"}],"collection":[{"href":"https:\/\/leb.inenco.unsa.edu.ar\/index.php\/wp-json\/wp\/v2\/pages"}],"about":[{"href":"https:\/\/leb.inenco.unsa.edu.ar\/index.php\/wp-json\/wp\/v2\/types\/page"}],"author":[{"embeddable":true,"href":"https:\/\/leb.inenco.unsa.edu.ar\/index.php\/wp-json\/wp\/v2\/users\/2"}],"replies":[{"embeddable":true,"href":"https:\/\/leb.inenco.unsa.edu.ar\/index.php\/wp-json\/wp\/v2\/comments?post=2061"}],"version-history":[{"count":43,"href":"https:\/\/leb.inenco.unsa.edu.ar\/index.php\/wp-json\/wp\/v2\/pages\/2061\/revisions"}],"predecessor-version":[{"id":2981,"href":"https:\/\/leb.inenco.unsa.edu.ar\/index.php\/wp-json\/wp\/v2\/pages\/2061\/revisions\/2981"}],"up":[{"embeddable":true,"href":"https:\/\/leb.inenco.unsa.edu.ar\/index.php\/wp-json\/wp\/v2\/pages\/2198"}],"wp:attachment":[{"href":"https:\/\/leb.inenco.unsa.edu.ar\/index.php\/wp-json\/wp\/v2\/media?parent=2061"}],"curies":[{"name":"wp","href":"https:\/\/api.w.org\/{rel}","templated":true}]}}