{"id":2082,"date":"2018-11-08T11:41:53","date_gmt":"2018-11-08T14:41:53","guid":{"rendered":"http:\/\/leb.inenco.unsa.edu.ar\/?page_id=2082"},"modified":"2018-11-15T12:55:38","modified_gmt":"2018-11-15T15:55:38","slug":"descarga-e-instalacion","status":"publish","type":"page","link":"https:\/\/leb.inenco.unsa.edu.ar\/index.php\/es\/software\/simedif-2-0-calculo-termico-de-edificios\/descarga-e-instalacion\/","title":{"rendered":"INSTRUCCIONES DE INSTALACI\u00d3N"},"content":{"rendered":"<ol>\n<li style=\"text-align: justify;\">\n<figure id=\"attachment_2060\" aria-describedby=\"caption-attachment-2060\" style=\"width: 237px\" class=\"wp-caption alignright\"><img decoding=\"async\" class=\"wp-image-2060\" title=\"SIMEDIF: programa de dise\u00f1o y c\u00e1lculo t\u00e9rmico de edificios\" src=\"http:\/\/leb.inenco.unsa.edu.ar\/wp-content\/uploads\/2018\/11\/image003.jpg\" alt=\"\" width=\"237\" height=\"165\" \/><figcaption id=\"caption-attachment-2060\" class=\"wp-caption-text\">SIMEDIF: programa de dise\u00f1o y c\u00e1lculo t\u00e9rmico de edificios<\/figcaption><\/figure>\n<p><span style=\"font-family: verdana, geneva, sans-serif; font-size: 10pt;\"><span style=\"font-family: verdana, geneva, sans-serif; font-size: 10pt;\"><span style=\"font-family: verdana, geneva, sans-serif; font-size: 10pt;\"><span style=\"font-family: verdana, geneva, sans-serif; font-size: 10pt;\"><b>Descarga e instalaci\u00f3n: <\/b>Luego de descargar en<\/span><\/span><\/span><\/span><span style=\"font-family: verdana, geneva, sans-serif; font-size: 10pt;\"><span style=\"font-family: verdana, geneva, sans-serif; font-size: 10pt;\"><span style=\"font-family: verdana, geneva, sans-serif; font-size: 10pt;\">su PC\u00a0<\/span><\/span><\/span><span style=\"font-family: verdana, geneva, sans-serif; font-size: 10pt;\">el archivo de instalaci\u00f3n de la<\/span><span style=\"font-family: verdana, geneva, sans-serif; font-size: 10pt;\">p\u00e1gina principal, ejec\u00fatelo haciendo doble click en el mismo para instalarlo. Una vez instalado, puede encontrar el programa en la Barra de Herramientas de Windows. All\u00ed tambi\u00e9n se instala el manual, un archivo comprimido con datos clim\u00e1ticos y un ejemplo.<\/span><\/li>\n<\/ol>\n<ol style=\"text-align: justify;\" start=\"2\">\n<li><span style=\"font-family: verdana, geneva, sans-serif; font-size: 10pt;\"><b> Configuraci\u00f3n de formato de n\u00fameros en Windows: <\/b>Para que el programa funcione correctamente deber\u00e1 configurar el formato de n\u00fameros que utiliza Windows. Para que el programa funcione correctamente los n\u00fameros decimales deben utilizar el punto (y no la coma). Para cambiar la configuraci\u00f3n del n\u00famero decimal que utiliza Windows, debe ir a Inicio-&gt;Panel de Control -&gt; Configuraci\u00f3n regional y de idioma -&gt; Opciones regionales, hacer clic en el bot\u00f3n \u201cPersonalizar\u201d y all\u00ed elegir:<\/span><\/li>\n<li><span style=\"font-family: verdana, geneva, sans-serif; font-size: 10pt;\">Para \u201cS\u00edmbolo decimal\u201d el punto (si no aparece entre las opciones, simplemente escriba el punto desde el teclado).<\/span><\/li>\n<li><span style=\"font-family: verdana, geneva, sans-serif; font-size: 10pt;\">Para \u201cS\u00edmbolo de separaci\u00f3n de miles\u201d la coma<\/span><\/li>\n<\/ol>\n<p style=\"text-align: justify;\"><span style=\"font-family: verdana, geneva, sans-serif; font-size: 10pt;\">Haga clic en \u201cAceptar\u201d para guardar los cambios.<\/span><\/p>\n<p style=\"text-align: justify;\"><span style=\"font-family: verdana, geneva, sans-serif; font-size: 10pt;\"><i>\u00a0<\/i><\/span><\/p>\n<p style=\"text-align: justify;\"><span style=\"font-family: verdana, geneva, sans-serif; font-size: 10pt;\"><i> En caso de una configuraci\u00f3n incorrecta del s\u00edmbolo decimal, SIMEDIF produce una alerta durante el ingreso de datos que indica \u201cError de tipeo\u201d.<\/i><\/span><\/p>\n","protected":false},"excerpt":{"rendered":"<p>Descarga e instalaci\u00f3n: Luego de descargar ensu PC\u00a0el archivo de instalaci\u00f3n de lap\u00e1gina principal, ejec\u00fatelo haciendo doble click en el mismo para instalarlo. Una vez instalado, puede encontrar el programa en la Barra de Herramientas de Windows. All\u00ed tambi\u00e9n se instala el manual, un archivo comprimido con datos clim\u00e1ticos y un ejemplo. Configuraci\u00f3n de formato&hellip;&nbsp;<a href=\"https:\/\/leb.inenco.unsa.edu.ar\/index.php\/es\/software\/simedif-2-0-calculo-termico-de-edificios\/descarga-e-instalacion\/\" rel=\"bookmark\">Leer m\u00e1s &raquo;<span class=\"screen-reader-text\">INSTRUCCIONES DE INSTALACI\u00d3N<\/span><\/a><\/p>\n","protected":false},"author":2,"featured_media":0,"parent":2061,"menu_order":0,"comment_status":"closed","ping_status":"closed","template":"","meta":{"_eb_attr":"","neve_meta_sidebar":"","neve_meta_container":"","neve_meta_enable_content_width":"","neve_meta_content_width":0,"neve_meta_title_alignment":"","neve_meta_author_avatar":"","neve_post_elements_order":"","neve_meta_disable_header":"","neve_meta_disable_footer":"","neve_meta_disable_title":"","_ti_tpc_template_sync":false,"_ti_tpc_template_id":"","footnotes":""},"class_list":["post-2082","page","type-page","status-publish","hentry"],"_links":{"self":[{"href":"https:\/\/leb.inenco.unsa.edu.ar\/index.php\/wp-json\/wp\/v2\/pages\/2082"}],"collection":[{"href":"https:\/\/leb.inenco.unsa.edu.ar\/index.php\/wp-json\/wp\/v2\/pages"}],"about":[{"href":"https:\/\/leb.inenco.unsa.edu.ar\/index.php\/wp-json\/wp\/v2\/types\/page"}],"author":[{"embeddable":true,"href":"https:\/\/leb.inenco.unsa.edu.ar\/index.php\/wp-json\/wp\/v2\/users\/2"}],"replies":[{"embeddable":true,"href":"https:\/\/leb.inenco.unsa.edu.ar\/index.php\/wp-json\/wp\/v2\/comments?post=2082"}],"version-history":[{"count":7,"href":"https:\/\/leb.inenco.unsa.edu.ar\/index.php\/wp-json\/wp\/v2\/pages\/2082\/revisions"}],"predecessor-version":[{"id":2861,"href":"https:\/\/leb.inenco.unsa.edu.ar\/index.php\/wp-json\/wp\/v2\/pages\/2082\/revisions\/2861"}],"up":[{"embeddable":true,"href":"https:\/\/leb.inenco.unsa.edu.ar\/index.php\/wp-json\/wp\/v2\/pages\/2061"}],"wp:attachment":[{"href":"https:\/\/leb.inenco.unsa.edu.ar\/index.php\/wp-json\/wp\/v2\/media?parent=2082"}],"curies":[{"name":"wp","href":"https:\/\/api.w.org\/{rel}","templated":true}]}}