{"id":2089,"date":"2018-11-08T12:00:01","date_gmt":"2018-11-08T15:00:01","guid":{"rendered":"http:\/\/leb.inenco.unsa.edu.ar\/?page_id=2089"},"modified":"2018-11-08T12:18:15","modified_gmt":"2018-11-08T15:18:15","slug":"vinculos-relacionados","status":"publish","type":"page","link":"https:\/\/leb.inenco.unsa.edu.ar\/index.php\/es\/software\/simedif-2-0-calculo-termico-de-edificios\/vinculos-relacionados\/","title":{"rendered":"V\u00cdNCULOS RELACIONADOS"},"content":{"rendered":"<p style=\"text-align: justify;\"><span style=\"font-family: verdana, geneva, sans-serif; font-size: 10pt;\"><b>Propiedades t\u00e9rmicas de materiales, coeficientes, etc.<\/b><\/span><\/p>\n<ul style=\"text-align: justify;\">\n<li><span style=\"font-family: verdana, geneva, sans-serif; font-size: 10pt;\">Tabla de Propiedades t\u00e9rmicas de materiales de construcci\u00f3n<\/span><\/li>\n<li><span style=\"font-family: verdana, geneva, sans-serif; font-size: 10pt;\">Datos clim\u00e1ticos promedio para la ciudad de Salta<\/span><\/li>\n<\/ul>\n<p style=\"text-align: justify;\"><span style=\"font-family: verdana, geneva, sans-serif; font-size: 10pt;\"><b>\u00a0<\/b><b>Art\u00edculos cient\u00edficos<\/b><\/span><\/p>\n<p style=\"text-align: justify;\"><span style=\"font-family: verdana, geneva, sans-serif; font-size: 10pt;\">En ingl\u00e9s:<\/span><\/p>\n<p style=\"text-align: justify;\"><span style=\"font-family: verdana, geneva, sans-serif; font-size: 10pt;\"><a href=\"http:\/\/leb.inenco.unsa.edu.ar\/?wpfb_dl=9\">\u201cA new code for the hour by hour thermal behavior simulation of buildings\u201d<\/a>. FLORES LARSEN S. y LESINO G. Proceedings of <i>Seventh International IBPSA Conference on Building Simulation<\/i>, pp. 75-82, ISBN 8590193942, R\u00edo de Janeiro, Brasil, Agosto de 2001.<\/span><\/p>\n<p style=\"text-align: justify;\"><span style=\"font-family: verdana, geneva, sans-serif; font-size: 10pt;\"><a href=\"http:\/\/www.sciencedirect.com\/science\/article\/pii\/S0378778807002095\">\u201cAn experience on integrating monitoring and simulation tools in the design of energy-saving buildings\u201d<\/a>. FLORES LARSEN S., FILIPP\u00cdN C., BEASCOCHEA A., LESINO G. <i>Energy and Buildings<\/i>, Vol. 40, N\u00ba6, pp. 987-997, Ed. Elsevier, ISSN 0378-7788, 2008.<\/span><\/p>\n<p style=\"text-align: justify;\"><span style=\"font-family: verdana, geneva, sans-serif; font-size: 10pt;\">En espa\u00f1ol:<\/span><\/p>\n<p style=\"text-align: justify;\"><span style=\"font-family: verdana, geneva, sans-serif; font-size: 10pt;\"><a href=\"http:\/\/leb.inenco.unsa.edu.ar\/index.php\/es\/simedif\/simedif-useful-links\/Modelizacion_Heat_Transfer_edificios.pdf\">\u201cModelizaci\u00f3n de la transferencia de calor en edificios\u201d<\/a>. FLORES LARSEN S. y LESINO G. Actas del <i>9<\/i><i><sup>no<\/sup><\/i><i> Congreso Latinoamericano de Transferencia de Calor y Materia LATCYM 2002<\/i>, pp.66-71, San Juan de Puerto Rico, Octubre de 2002.<\/span><\/p>\n<p style=\"text-align: justify;\"><span style=\"font-family: verdana, geneva, sans-serif; font-size: 10pt;\"><a href=\"http:\/\/leb.inenco.unsa.edu.ar\/index.php\/es\/simedif\/simedif-useful-links\/ERMA2006_Sensibilidad%20SIMEDIF.pdf\">\u201c<\/a><a href=\"http:\/\/leb.inenco.unsa.edu.ar\/?wpfb_dl=8\">An\u00e1lisis de sensibilidad del programa SIMEDIF mediante m\u00e9todo de MonteCarlo y diferencial<\/a>\u201d. FLORES LARSEN S., LESINO G. <i>Energ\u00edas Renovables y Medio Ambiente Vol. 9<\/i>, pp. 08.13-08.18, ISSN 0329-5184, a\u00f1o 2005.<\/span><\/p>\n","protected":false},"excerpt":{"rendered":"<p>Propiedades t\u00e9rmicas de materiales, coeficientes, etc. Tabla de Propiedades t\u00e9rmicas de materiales de construcci\u00f3n Datos clim\u00e1ticos promedio para la ciudad de Salta \u00a0Art\u00edculos cient\u00edficos En ingl\u00e9s: \u201cA new code for the hour by hour thermal behavior simulation of buildings\u201d. FLORES LARSEN S. y LESINO G. Proceedings of Seventh International IBPSA Conference on Building Simulation, pp.&hellip;&nbsp;<a href=\"https:\/\/leb.inenco.unsa.edu.ar\/index.php\/es\/software\/simedif-2-0-calculo-termico-de-edificios\/vinculos-relacionados\/\" rel=\"bookmark\">Leer m\u00e1s &raquo;<span class=\"screen-reader-text\">V\u00cdNCULOS RELACIONADOS<\/span><\/a><\/p>\n","protected":false},"author":2,"featured_media":0,"parent":2061,"menu_order":0,"comment_status":"closed","ping_status":"closed","template":"","meta":{"_eb_attr":"","neve_meta_sidebar":"","neve_meta_container":"","neve_meta_enable_content_width":"","neve_meta_content_width":0,"neve_meta_title_alignment":"","neve_meta_author_avatar":"","neve_post_elements_order":"","neve_meta_disable_header":"","neve_meta_disable_footer":"","neve_meta_disable_title":"","_ti_tpc_template_sync":false,"_ti_tpc_template_id":"","footnotes":""},"class_list":["post-2089","page","type-page","status-publish","hentry"],"_links":{"self":[{"href":"https:\/\/leb.inenco.unsa.edu.ar\/index.php\/wp-json\/wp\/v2\/pages\/2089"}],"collection":[{"href":"https:\/\/leb.inenco.unsa.edu.ar\/index.php\/wp-json\/wp\/v2\/pages"}],"about":[{"href":"https:\/\/leb.inenco.unsa.edu.ar\/index.php\/wp-json\/wp\/v2\/types\/page"}],"author":[{"embeddable":true,"href":"https:\/\/leb.inenco.unsa.edu.ar\/index.php\/wp-json\/wp\/v2\/users\/2"}],"replies":[{"embeddable":true,"href":"https:\/\/leb.inenco.unsa.edu.ar\/index.php\/wp-json\/wp\/v2\/comments?post=2089"}],"version-history":[{"count":2,"href":"https:\/\/leb.inenco.unsa.edu.ar\/index.php\/wp-json\/wp\/v2\/pages\/2089\/revisions"}],"predecessor-version":[{"id":2092,"href":"https:\/\/leb.inenco.unsa.edu.ar\/index.php\/wp-json\/wp\/v2\/pages\/2089\/revisions\/2092"}],"up":[{"embeddable":true,"href":"https:\/\/leb.inenco.unsa.edu.ar\/index.php\/wp-json\/wp\/v2\/pages\/2061"}],"wp:attachment":[{"href":"https:\/\/leb.inenco.unsa.edu.ar\/index.php\/wp-json\/wp\/v2\/media?parent=2089"}],"curies":[{"name":"wp","href":"https:\/\/api.w.org\/{rel}","templated":true}]}}