{"id":2093,"date":"2018-11-08T12:01:57","date_gmt":"2018-11-08T15:01:57","guid":{"rendered":"http:\/\/leb.inenco.unsa.edu.ar\/?page_id=2093"},"modified":"2018-11-13T12:26:29","modified_gmt":"2018-11-13T15:26:29","slug":"faq","status":"publish","type":"page","link":"https:\/\/leb.inenco.unsa.edu.ar\/index.php\/es\/software\/simedif-2-0-calculo-termico-de-edificios\/faq\/","title":{"rendered":"FAQ"},"content":{"rendered":"<p><span style=\"font-family: verdana, geneva, sans-serif; font-size: 10pt; color: #0000ff;\">Al intentar grabar los archivos aparece un mensaje de \u201cError de tipeo\u201d en los datos.<\/span><\/p>\n<p><span style=\"font-family: verdana, geneva, sans-serif; font-size: 10pt;\">Para que el programa funcione correctamente los n\u00fameros decimales deben utilizar el punto (y no la coma). Para cambiar la configuraci\u00f3n del n\u00famero decimal que utiliza Windows, debe ir a Inicio-&gt;Panel de Control -&gt; Configuraci\u00f3n regional y de idioma -&gt; Opciones regionales, hacer clic en el bot\u00f3n \u201cPersonalizar\u201d y all\u00ed elegir:<\/span><\/p>\n<ol>\n<li><span style=\"font-family: verdana, geneva, sans-serif; font-size: 10pt;\">Para \u201cS\u00edmbolo decimal\u201d el punto (si no aparece entre las opciones, simplemente escriba el punto desde el teclado).<\/span><\/li>\n<li><span style=\"font-family: verdana, geneva, sans-serif; font-size: 10pt;\">Para \u201cS\u00edmbolo de separaci\u00f3n de miles\u201d la coma<\/span><\/li>\n<\/ol>\n<p><span style=\"font-family: verdana, geneva, sans-serif; font-size: 10pt;\">Haga clic en \u201cAceptar\u201d para guardar los cambios.<\/span><\/p>\n<p><span style=\"font-family: verdana, geneva, sans-serif; font-size: 10pt;\"><i>En caso de una configuraci\u00f3n incorrecta del s\u00edmbolo decimal, SIMEDIF produce una alerta durante el ingreso de datos que indica \u201cError de tipeo\u201d.<\/i><\/span><\/p>\n<p>&nbsp;<\/p>\n<table style=\"background-color: #b3f2bb;\">\n<tbody>\n<tr>\n<td>\n<p style=\"text-align: justify;\"><span style=\"font-family: verdana, geneva, sans-serif; font-size: 10pt;\"><b>RECUERDE:<\/b><\/span><\/p>\n<p style=\"text-align: justify;\"><span style=\"font-family: verdana, geneva, sans-serif; font-size: 10pt;\">SIMEDIF <b><i>NO REEMPLAZA <\/i><\/b>al arquitecto o dise\u00f1ador de un edificio, sino que le ayuda a tomar decisiones de dise\u00f1o para mejorar el comportamiento t\u00e9rmico y el consumo\u00a0energ\u00e9tico de dicho edificio. Es por ello que el programa:<\/span><\/p>\n<p style=\"text-align: justify;\"><span style=\"font-family: verdana, geneva, sans-serif; font-size: 10pt;\">&#8211; <b>NO VERIFICA <\/b>si los valores ingresados son los correctos (por ejemplo, valores de las propiedades f\u00edsicas, o de coeficientes de transferencia).<\/span><\/p>\n<p style=\"text-align: justify;\"><span style=\"font-family: verdana, geneva, sans-serif; font-size: 10pt;\">&#8211; <b>NO ANALIZA NI INTERPRETA <\/b>los resultados obtenidos. Es fundamental la interpretaci\u00f3n de los resultados por parte del usuario para detectar equivocaciones en la entrada de datos.<\/span><\/p>\n<p style=\"text-align: justify;\"><span style=\"font-family: verdana, geneva, sans-serif; font-size: 10pt;\">&#8211; Se requiere que el usuario posea un conocimiento b\u00e1sico previo de los fundamentos de la transferencia de calor en edificios para poder utilizar <i>SIMEDIF <\/i>correctamente.<\/span><\/p>\n<p style=\"text-align: justify;\"><span style=\"font-family: verdana, geneva, sans-serif; font-size: 10pt;\">Si bien el programa fue transformado para simplificar al m\u00e1ximo la entrada de datos, la decisi\u00f3n final de qu\u00e9 elementos utilizar para describir el edificio est\u00e1 a\u00a0cargo del usuario. Una mala elecci\u00f3n en la entrada de datos produce malos resultados.<\/span><\/p>\n<p style=\"text-align: justify;\"><span style=\"font-family: verdana, geneva, sans-serif; font-size: 10pt;\">&#8211; <i>SIMEDIF <\/i>realiza detecci\u00f3n de errores de tipeo (por ejemplo, escribir letras donde van n\u00fameros, olvidar llenar datos, etc.) y alerta al usuario sobre estos errores.<\/span><\/p>\n<p style=\"text-align: justify;\"><span style=\"font-family: verdana, geneva, sans-serif; font-size: 10pt;\">&#8211; <i>SIMEDIF <\/i>brinda bases de datos de materiales para servir de gu\u00eda al usuario, las que de ninguna manera tienen intenci\u00f3n de ser una gu\u00eda completa de todos los\u00a0materiales de construcci\u00f3n actualmente utilizados.<\/span><\/p>\n<p style=\"text-align: justify;\"><span style=\"font-family: verdana, geneva, sans-serif; font-size: 10pt;\">&#8211; <i>SIMEDIF <\/i>es un programa perfectible, por lo que ocasionalmente pueden surgir errores durante su uso. Durante los \u00faltimos a\u00f1os ha sido mejorado y perfeccionado con la ayuda de los usuarios y sus comentarios. Los autores de este programa no reciben ning\u00fan tipo de beneficio econ\u00f3mico proveniente del uso o comercializaci\u00f3n del mismo.<\/span><\/p>\n<\/td>\n<\/tr>\n<\/tbody>\n<\/table>\n<p>&nbsp;<\/p>\n","protected":false},"excerpt":{"rendered":"<p>Al intentar grabar los archivos aparece un mensaje de \u201cError de tipeo\u201d en los datos. Para que el programa funcione correctamente los n\u00fameros decimales deben utilizar el punto (y no la coma). Para cambiar la configuraci\u00f3n del n\u00famero decimal que utiliza Windows, debe ir a Inicio-&gt;Panel de Control -&gt; Configuraci\u00f3n regional y de idioma -&gt;&hellip;&nbsp;<a href=\"https:\/\/leb.inenco.unsa.edu.ar\/index.php\/es\/software\/simedif-2-0-calculo-termico-de-edificios\/faq\/\" rel=\"bookmark\">Leer m\u00e1s &raquo;<span class=\"screen-reader-text\">FAQ<\/span><\/a><\/p>\n","protected":false},"author":2,"featured_media":0,"parent":2061,"menu_order":0,"comment_status":"closed","ping_status":"closed","template":"","meta":{"_eb_attr":"","neve_meta_sidebar":"","neve_meta_container":"","neve_meta_enable_content_width":"","neve_meta_content_width":0,"neve_meta_title_alignment":"","neve_meta_author_avatar":"","neve_post_elements_order":"","neve_meta_disable_header":"","neve_meta_disable_footer":"","neve_meta_disable_title":"","_ti_tpc_template_sync":false,"_ti_tpc_template_id":"","footnotes":""},"class_list":["post-2093","page","type-page","status-publish","hentry"],"_links":{"self":[{"href":"https:\/\/leb.inenco.unsa.edu.ar\/index.php\/wp-json\/wp\/v2\/pages\/2093"}],"collection":[{"href":"https:\/\/leb.inenco.unsa.edu.ar\/index.php\/wp-json\/wp\/v2\/pages"}],"about":[{"href":"https:\/\/leb.inenco.unsa.edu.ar\/index.php\/wp-json\/wp\/v2\/types\/page"}],"author":[{"embeddable":true,"href":"https:\/\/leb.inenco.unsa.edu.ar\/index.php\/wp-json\/wp\/v2\/users\/2"}],"replies":[{"embeddable":true,"href":"https:\/\/leb.inenco.unsa.edu.ar\/index.php\/wp-json\/wp\/v2\/comments?post=2093"}],"version-history":[{"count":4,"href":"https:\/\/leb.inenco.unsa.edu.ar\/index.php\/wp-json\/wp\/v2\/pages\/2093\/revisions"}],"predecessor-version":[{"id":2095,"href":"https:\/\/leb.inenco.unsa.edu.ar\/index.php\/wp-json\/wp\/v2\/pages\/2093\/revisions\/2095"}],"up":[{"embeddable":true,"href":"https:\/\/leb.inenco.unsa.edu.ar\/index.php\/wp-json\/wp\/v2\/pages\/2061"}],"wp:attachment":[{"href":"https:\/\/leb.inenco.unsa.edu.ar\/index.php\/wp-json\/wp\/v2\/media?parent=2093"}],"curies":[{"name":"wp","href":"https:\/\/api.w.org\/{rel}","templated":true}]}}