{"id":2198,"date":"2018-11-15T11:38:15","date_gmt":"2018-11-15T14:38:15","guid":{"rendered":"http:\/\/leb.inenco.unsa.edu.ar\/?page_id=2198"},"modified":"2025-09-19T12:47:02","modified_gmt":"2025-09-19T15:47:02","slug":"software","status":"publish","type":"page","link":"https:\/\/leb.inenco.unsa.edu.ar\/index.php\/es\/software\/","title":{"rendered":"SOFTWARE"},"content":{"rendered":"\t\t<div data-elementor-type=\"wp-page\" data-elementor-id=\"2198\" class=\"elementor elementor-2198\">\n\t\t\t\t\t\t<section class=\"elementor-section elementor-top-section elementor-element elementor-element-96e737e elementor-section-full_width elementor-section-height-default elementor-section-height-default\" data-id=\"96e737e\" data-element_type=\"section\">\n\t\t\t\t\t\t<div class=\"elementor-container elementor-column-gap-default\">\n\t\t\t\t\t<div class=\"elementor-column elementor-col-100 elementor-top-column elementor-element elementor-element-a123931\" data-id=\"a123931\" data-element_type=\"column\">\n\t\t\t<div class=\"elementor-widget-wrap elementor-element-populated\">\n\t\t\t\t\t\t<div class=\"elementor-element elementor-element-7437c0f elementor-widget elementor-widget-heading\" data-id=\"7437c0f\" data-element_type=\"widget\" data-widget_type=\"heading.default\">\n\t\t\t\t<div class=\"elementor-widget-container\">\n\t\t\t<h1 class=\"elementor-heading-title elementor-size-default\">Software<\/h1>\t\t<\/div>\n\t\t\t\t<\/div>\n\t\t\t\t\t<\/div>\n\t\t<\/div>\n\t\t\t\t\t<\/div>\n\t\t<\/section>\n\t\t\t\t<section class=\"elementor-section elementor-top-section elementor-element elementor-element-c6cd763 elementor-section-boxed elementor-section-height-default elementor-section-height-default\" data-id=\"c6cd763\" data-element_type=\"section\" data-settings=\"{&quot;background_background&quot;:&quot;classic&quot;}\">\n\t\t\t\t\t\t<div class=\"elementor-container elementor-column-gap-default\">\n\t\t\t\t\t<div class=\"elementor-column elementor-col-100 elementor-top-column elementor-element elementor-element-a06400e\" data-id=\"a06400e\" data-element_type=\"column\">\n\t\t\t<div class=\"elementor-widget-wrap elementor-element-populated\">\n\t\t\t\t\t\t<div class=\"elementor-element elementor-element-8d521ce elementor-widget elementor-widget-heading\" data-id=\"8d521ce\" data-element_type=\"widget\" data-widget_type=\"heading.default\">\n\t\t\t\t<div class=\"elementor-widget-container\">\n\t\t\t<h4 class=\"elementor-heading-title elementor-size-default\">SIMEDIF<\/h4>\t\t<\/div>\n\t\t\t\t<\/div>\n\t\t\t\t\t<\/div>\n\t\t<\/div>\n\t\t\t\t\t<\/div>\n\t\t<\/section>\n\t\t\t\t<section class=\"elementor-section elementor-top-section elementor-element elementor-element-69ad3ee elementor-section-boxed elementor-section-height-default elementor-section-height-default\" data-id=\"69ad3ee\" data-element_type=\"section\" data-settings=\"{&quot;background_background&quot;:&quot;classic&quot;}\">\n\t\t\t\t\t\t<div class=\"elementor-container elementor-column-gap-default\">\n\t\t\t\t\t<div class=\"elementor-column elementor-col-33 elementor-top-column elementor-element elementor-element-f5ee7c4\" data-id=\"f5ee7c4\" data-element_type=\"column\">\n\t\t\t<div class=\"elementor-widget-wrap elementor-element-populated\">\n\t\t\t\t\t\t<div class=\"elementor-element elementor-element-0d16bad elementor-widget elementor-widget-image\" data-id=\"0d16bad\" data-element_type=\"widget\" data-widget_type=\"image.default\">\n\t\t\t\t<div class=\"elementor-widget-container\">\n\t\t\t\t\t\t\t\t\t\t\t\t\t<img fetchpriority=\"high\" decoding=\"async\" width=\"1024\" height=\"817\" src=\"https:\/\/leb.inenco.unsa.edu.ar\/wp-content\/uploads\/2018\/11\/SIMEDIF.jpg\" class=\"attachment-large size-large wp-image-2063\" alt=\"\" \/>\t\t\t\t\t\t\t\t\t\t\t\t\t<\/div>\n\t\t\t\t<\/div>\n\t\t\t\t\t<\/div>\n\t\t<\/div>\n\t\t\t\t<div class=\"elementor-column elementor-col-66 elementor-top-column elementor-element elementor-element-cc69997\" data-id=\"cc69997\" data-element_type=\"column\">\n\t\t\t<div class=\"elementor-widget-wrap elementor-element-populated\">\n\t\t\t\t\t\t<div class=\"elementor-element elementor-element-84dbb40 elementor-widget elementor-widget-text-editor\" data-id=\"84dbb40\" data-element_type=\"widget\" data-widget_type=\"text-editor.default\">\n\t\t\t\t<div class=\"elementor-widget-container\">\n\t\t\t\t\t\t\t<p><span style=\"font-family: verdana, geneva, sans-serif; font-size: 10pt;\">El programa\u00a0<i>SIMEDIF\u00a0<\/i>es una herramienta de dise\u00f1o para calcular la temperatura horaria en los ambientes interiores de un edificio, la temperatura de las superficies de las paredes y la energ\u00eda auxiliar de calefacci\u00f3n\/refrigeraci\u00f3n que se necesita para mantener los espacios a una dada temperatura y el nivel de confort t\u00e9rmico seg\u00fan ASHRAE55. Permite analizar su comportamiento frente a diferentes condiciones clim\u00e1ticas, detectar problemas de falta de confort (sobrecalentamiento o bajas temperaturas), evaluar las distintas alternativas constructivas durante la etapa de dise\u00f1o, como por ejemplo variaciones en la geometr\u00eda del mismo, orientaci\u00f3n, ubicaci\u00f3n y tama\u00f1o de \u00e1reas vidriadas, estructura y conformaci\u00f3n de la envolvente, materiales y sistemas de acondicionamiento pasivos e h\u00edbridos a utilizar, etc.\u00a0<a href=\"http:\/\/leb.inenco.unsa.edu.ar\/index.php\/es\/software\/simedif-2-0-calculo-termico-de-edificios\/\"><strong>DESCARGA<\/strong><\/a> (JUNIO 2020).\u00a0<\/span><span style=\"font-size: 10pt;\"><span style=\"color: #333399;\"><strong><span style=\"font-family: verdana, geneva, sans-serif;\"><a style=\"color: #333399;\" href=\"http:\/\/leb.inenco.unsa.edu.ar\/index.php\/es\/software\/simedif-2-0-calculo-termico-de-edificios\/descarga-e-instalacion\/\">INSTRUCCIONES DE INSTALACI\u00d3N<\/a>,\u00a0<\/span><\/strong><\/span><span style=\"color: #333399;\"><strong><span style=\"font-family: verdana, geneva, sans-serif;\"><a style=\"color: #333399;\" href=\"http:\/\/leb.inenco.unsa.edu.ar\/index.php\/es\/software\/simedif-2-0-calculo-termico-de-edificios\/vinculos-relacionados\/\">V\u00cdNCULOS RELACIONADOS<\/a>,\u00a0<\/span><\/strong><\/span><span style=\"color: #333399;\"><strong><span style=\"font-family: verdana, geneva, sans-serif;\"><a style=\"color: #333399;\" href=\"http:\/\/leb.inenco.unsa.edu.ar\/index.php\/es\/software\/simedif-2-0-calculo-termico-de-edificios\/faq\/\">FAQ<\/a>,\u00a0<\/span><\/strong><\/span><a href=\"https:\/\/www.youtube.com\/playlist?list=PLrIW8aOoJYD4Zn2Boh0GwUqIemB-Rs0FE\"><strong><span style=\"font-family: verdana, geneva, sans-serif; color: #333399;\">CUSOS VIRTUALES\u00a0 (VIDEOS).<\/span><\/strong><\/a><\/span><\/p>\t\t\t\t\t\t<\/div>\n\t\t\t\t<\/div>\n\t\t\t\t\t<\/div>\n\t\t<\/div>\n\t\t\t\t\t<\/div>\n\t\t<\/section>\n\t\t\t\t<section class=\"elementor-section elementor-top-section elementor-element elementor-element-0f839f4 elementor-section-boxed elementor-section-height-default elementor-section-height-default\" data-id=\"0f839f4\" data-element_type=\"section\" data-settings=\"{&quot;background_background&quot;:&quot;classic&quot;}\">\n\t\t\t\t\t\t<div class=\"elementor-container elementor-column-gap-default\">\n\t\t\t\t\t<div class=\"elementor-column elementor-col-100 elementor-top-column elementor-element elementor-element-d913f49\" data-id=\"d913f49\" data-element_type=\"column\">\n\t\t\t<div class=\"elementor-widget-wrap elementor-element-populated\">\n\t\t\t\t\t\t<div class=\"elementor-element elementor-element-a9929af elementor-widget elementor-widget-heading\" data-id=\"a9929af\" data-element_type=\"widget\" data-widget_type=\"heading.default\">\n\t\t\t\t<div class=\"elementor-widget-container\">\n\t\t\t<h4 class=\"elementor-heading-title elementor-size-default\">PREDISE<\/h4>\t\t<\/div>\n\t\t\t\t<\/div>\n\t\t\t\t\t<\/div>\n\t\t<\/div>\n\t\t\t\t\t<\/div>\n\t\t<\/section>\n\t\t\t\t<section class=\"elementor-section elementor-top-section elementor-element elementor-element-a15057f elementor-section-boxed elementor-section-height-default elementor-section-height-default\" data-id=\"a15057f\" data-element_type=\"section\" data-settings=\"{&quot;background_background&quot;:&quot;classic&quot;}\">\n\t\t\t\t\t\t<div class=\"elementor-container elementor-column-gap-default\">\n\t\t\t\t\t<div class=\"elementor-column elementor-col-33 elementor-top-column elementor-element elementor-element-a37507b\" data-id=\"a37507b\" data-element_type=\"column\">\n\t\t\t<div class=\"elementor-widget-wrap elementor-element-populated\">\n\t\t\t\t\t\t<div class=\"elementor-element elementor-element-d7c30da elementor-widget elementor-widget-image\" data-id=\"d7c30da\" data-element_type=\"widget\" data-widget_type=\"image.default\">\n\t\t\t\t<div class=\"elementor-widget-container\">\n\t\t\t\t\t\t\t\t\t\t\t\t\t<img decoding=\"async\" width=\"300\" height=\"244\" src=\"https:\/\/leb.inenco.unsa.edu.ar\/wp-content\/uploads\/2025\/09\/predise-300x244.png\" class=\"attachment-medium size-medium wp-image-6519\" alt=\"\" srcset=\"https:\/\/leb.inenco.unsa.edu.ar\/wp-content\/uploads\/2025\/09\/predise-300x244.png 300w, https:\/\/leb.inenco.unsa.edu.ar\/wp-content\/uploads\/2025\/09\/predise.png 517w\" sizes=\"(max-width: 300px) 100vw, 300px\" \/>\t\t\t\t\t\t\t\t\t\t\t\t\t<\/div>\n\t\t\t\t<\/div>\n\t\t\t\t\t<\/div>\n\t\t<\/div>\n\t\t\t\t<div class=\"elementor-column elementor-col-66 elementor-top-column elementor-element elementor-element-f4ae1b0\" data-id=\"f4ae1b0\" data-element_type=\"column\">\n\t\t\t<div class=\"elementor-widget-wrap elementor-element-populated\">\n\t\t\t\t\t\t<div class=\"elementor-element elementor-element-da61bbf elementor-widget elementor-widget-text-editor\" data-id=\"da61bbf\" data-element_type=\"widget\" data-widget_type=\"text-editor.default\">\n\t\t\t\t<div class=\"elementor-widget-container\">\n\t\t\t\t\t\t\t<p><span style=\"font-family: verdana, geneva, sans-serif; font-size: 10pt;\">Este programa calcula, en estado estacionario, la temperatura diaria media y la diferencia de la temperatura dentro del edificio, la carga t\u00e9rmica unitaria, y la fracci\u00f3n de ahorro de energ\u00eda convencional mediante el uso de energ\u00eda solar para la calefacci\u00f3n. El mismo utiliza datos clim\u00e1ticos, la ubicaci\u00f3n geogr\u00e1fica del edificio, la geometria del edificio y su descripci\u00f3n geom\u00e9trica y termofisica. Permite cambios en la envolvente del edificio a trav\u00e9s de gr\u00e1ficos interactivos y optimiza el tipo y el grosor de las paredes y los techos, la aislaci\u00f3n t\u00e9rmica, las \u00e1reas de las ventanas y el n\u00famero \u00f3ptimo de vidrios.\u00a0<strong>[wpfilebase tag=fileurl id=6 linktext=&#8217;DESCARGA&#8217; \/]<\/strong><\/span><\/p>\t\t\t\t\t\t<\/div>\n\t\t\t\t<\/div>\n\t\t\t\t\t<\/div>\n\t\t<\/div>\n\t\t\t\t\t<\/div>\n\t\t<\/section>\n\t\t\t\t<section class=\"elementor-section elementor-top-section elementor-element elementor-element-78aa22f elementor-section-boxed elementor-section-height-default elementor-section-height-default\" data-id=\"78aa22f\" data-element_type=\"section\" data-settings=\"{&quot;background_background&quot;:&quot;classic&quot;}\">\n\t\t\t\t\t\t<div class=\"elementor-container elementor-column-gap-default\">\n\t\t\t\t\t<div class=\"elementor-column elementor-col-100 elementor-top-column elementor-element elementor-element-65036e8\" data-id=\"65036e8\" data-element_type=\"column\">\n\t\t\t<div class=\"elementor-widget-wrap elementor-element-populated\">\n\t\t\t\t\t\t<div class=\"elementor-element elementor-element-b406315 elementor-widget elementor-widget-heading\" data-id=\"b406315\" data-element_type=\"widget\" data-widget_type=\"heading.default\">\n\t\t\t\t<div class=\"elementor-widget-container\">\n\t\t\t<h4 class=\"elementor-heading-title elementor-size-default\">VOSVIEWER<\/h4>\t\t<\/div>\n\t\t\t\t<\/div>\n\t\t\t\t\t<\/div>\n\t\t<\/div>\n\t\t\t\t\t<\/div>\n\t\t<\/section>\n\t\t\t\t<section class=\"elementor-section elementor-top-section elementor-element elementor-element-440186c elementor-section-boxed elementor-section-height-default elementor-section-height-default\" data-id=\"440186c\" data-element_type=\"section\" data-settings=\"{&quot;background_background&quot;:&quot;classic&quot;}\">\n\t\t\t\t\t\t<div class=\"elementor-container elementor-column-gap-default\">\n\t\t\t\t\t<div class=\"elementor-column elementor-col-33 elementor-top-column elementor-element elementor-element-c0bdccf\" data-id=\"c0bdccf\" data-element_type=\"column\">\n\t\t\t<div class=\"elementor-widget-wrap elementor-element-populated\">\n\t\t\t\t\t\t<div class=\"elementor-element elementor-element-1e4c9f3 elementor-widget elementor-widget-image\" data-id=\"1e4c9f3\" data-element_type=\"widget\" data-widget_type=\"image.default\">\n\t\t\t\t<div class=\"elementor-widget-container\">\n\t\t\t\t\t\t\t\t\t\t\t\t\t<img decoding=\"async\" width=\"686\" height=\"386\" src=\"https:\/\/leb.inenco.unsa.edu.ar\/wp-content\/uploads\/2025\/09\/vosviewer-2.jpg\" class=\"attachment-large size-large wp-image-6433\" alt=\"\" srcset=\"https:\/\/leb.inenco.unsa.edu.ar\/wp-content\/uploads\/2025\/09\/vosviewer-2.jpg 686w, https:\/\/leb.inenco.unsa.edu.ar\/wp-content\/uploads\/2025\/09\/vosviewer-2-300x169.jpg 300w\" sizes=\"(max-width: 686px) 100vw, 686px\" \/>\t\t\t\t\t\t\t\t\t\t\t\t\t<\/div>\n\t\t\t\t<\/div>\n\t\t\t\t\t<\/div>\n\t\t<\/div>\n\t\t\t\t<div class=\"elementor-column elementor-col-66 elementor-top-column elementor-element elementor-element-7536bf5\" data-id=\"7536bf5\" data-element_type=\"column\">\n\t\t\t<div class=\"elementor-widget-wrap elementor-element-populated\">\n\t\t\t\t\t\t<div class=\"elementor-element elementor-element-7fe9662 elementor-widget elementor-widget-text-editor\" data-id=\"7fe9662\" data-element_type=\"widget\" data-widget_type=\"text-editor.default\">\n\t\t\t\t<div class=\"elementor-widget-container\">\n\t\t\t\t\t\t\t<p><span style=\"font-family: verdana, geneva, sans-serif; font-size: 10pt;\">VOSviewer es un software dise\u00f1ado para construir y visualizar mapas sem\u00e1nticos basados en datos bibliom\u00e9tricos. Es particularmente \u00fatil para la visualizaci\u00f3n de rel<br \/>aciones y redes entre publicaciones cient\u00edficas, autores, revistas y palabras clave. VOSviewer posee una visualizaci\u00f3n interactiva que facilita la interpretaci\u00f3n de grandes conjuntos de datos bibliogr\u00e1ficos. (<strong><a href=\"https:\/\/www.vosviewer.com\/download\">DESCARGA<\/a><\/strong>)<span style=\"color: #003366;\"> <strong><a style=\"color: #003366;\" href=\"https:\/\/drive.google.com\/file\/d\/1GCvLj7gLBeeJEj_Pn2vOMPl7x4fuqAFB\/view?usp=sharing\">TUTORIAL<\/a>,\u00a0<a style=\"color: #003366;\" href=\"https:\/\/drive.google.com\/file\/d\/1c1syY-lV3F_3299LJMVXWNJwdQRCymM9\/view?usp=sharing\">MANUAL<\/a> y <a style=\"color: #003366;\" href=\"https:\/\/www.youtube.com\/watch?v=2PrfxR2LJmQ\">VIDEO<\/a><\/strong><\/span><\/span><\/p>\t\t\t\t\t\t<\/div>\n\t\t\t\t<\/div>\n\t\t\t\t\t<\/div>\n\t\t<\/div>\n\t\t\t\t\t<\/div>\n\t\t<\/section>\n\t\t\t\t<section class=\"elementor-section elementor-top-section elementor-element elementor-element-5557016 elementor-section-boxed elementor-section-height-default elementor-section-height-default\" data-id=\"5557016\" data-element_type=\"section\" data-settings=\"{&quot;background_background&quot;:&quot;classic&quot;}\">\n\t\t\t\t\t\t<div class=\"elementor-container elementor-column-gap-default\">\n\t\t\t\t\t<div class=\"elementor-column elementor-col-100 elementor-top-column elementor-element elementor-element-27436ad\" data-id=\"27436ad\" data-element_type=\"column\">\n\t\t\t<div class=\"elementor-widget-wrap elementor-element-populated\">\n\t\t\t\t\t\t<div class=\"elementor-element elementor-element-36dcca8 elementor-widget elementor-widget-heading\" data-id=\"36dcca8\" data-element_type=\"widget\" data-widget_type=\"heading.default\">\n\t\t\t\t<div class=\"elementor-widget-container\">\n\t\t\t<h4 class=\"elementor-heading-title elementor-size-default\">CpSimulator<\/h4>\t\t<\/div>\n\t\t\t\t<\/div>\n\t\t\t\t\t<\/div>\n\t\t<\/div>\n\t\t\t\t\t<\/div>\n\t\t<\/section>\n\t\t\t\t<section class=\"elementor-section elementor-top-section elementor-element elementor-element-192c16a elementor-section-boxed elementor-section-height-default elementor-section-height-default\" data-id=\"192c16a\" data-element_type=\"section\" data-settings=\"{&quot;background_background&quot;:&quot;classic&quot;}\">\n\t\t\t\t\t\t<div class=\"elementor-container elementor-column-gap-default\">\n\t\t\t\t\t<div class=\"elementor-column elementor-col-33 elementor-top-column elementor-element elementor-element-11eb5c3\" data-id=\"11eb5c3\" data-element_type=\"column\">\n\t\t\t<div class=\"elementor-widget-wrap elementor-element-populated\">\n\t\t\t\t\t\t<div class=\"elementor-element elementor-element-bcf9d56 elementor-widget elementor-widget-image\" data-id=\"bcf9d56\" data-element_type=\"widget\" data-widget_type=\"image.default\">\n\t\t\t\t<div class=\"elementor-widget-container\">\n\t\t\t\t\t\t\t\t\t\t\t\t\t<img loading=\"lazy\" decoding=\"async\" width=\"1024\" height=\"544\" src=\"https:\/\/leb.inenco.unsa.edu.ar\/wp-content\/uploads\/2018\/11\/CapturaCpsimulator-1.png\" class=\"attachment-large size-large wp-image-3214\" alt=\"\" \/>\t\t\t\t\t\t\t\t\t\t\t\t\t<\/div>\n\t\t\t\t<\/div>\n\t\t\t\t\t<\/div>\n\t\t<\/div>\n\t\t\t\t<div class=\"elementor-column elementor-col-66 elementor-top-column elementor-element elementor-element-8aecd04\" data-id=\"8aecd04\" data-element_type=\"column\">\n\t\t\t<div class=\"elementor-widget-wrap elementor-element-populated\">\n\t\t\t\t\t\t<div class=\"elementor-element elementor-element-d4c713c elementor-widget elementor-widget-text-editor\" data-id=\"d4c713c\" data-element_type=\"widget\" data-widget_type=\"text-editor.default\">\n\t\t\t\t<div class=\"elementor-widget-container\">\n\t\t\t\t\t\t\t<p><span style=\"font-family: verdana, geneva, sans-serif; font-size: 10pt;\">C\u00e1lculo de coeficientes de presi\u00f3n de viento. CpSimulator es un servicio basado en CFD validado para obtener datos Cp en una amplia gama de escenarios de construcci\u00f3n, lo que permite a los usuarios lograr proyectos complejos sin la necesidad de experiencia previa en simulaci\u00f3n, ni software y hardware costosos. Para aplicar en:\u00a0 1-\u00a0<strong>Ventilaci\u00f3n natural<\/strong>\u00a0para el confort t\u00e9rmico y dise\u00f1os de edificios energ\u00e9ticos, 2-\u00a0<strong>Cargas de viento medias, <\/strong>para dise\u00f1os de edificios estructurales, y 3-\u00a0<strong>Aplicaciones especificas, <\/strong>para ingenier\u00eda de aditamentos de construcci\u00f3n, tanques de almacenamiento, carteles publicitarios, monumentos, estadios, entre otros.<strong> <a href=\"https:\/\/cpsimulator.cimec.org.ar\/\">ENLACE<\/a><\/strong><\/span><\/p>\t\t\t\t\t\t<\/div>\n\t\t\t\t<\/div>\n\t\t\t\t\t<\/div>\n\t\t<\/div>\n\t\t\t\t\t<\/div>\n\t\t<\/section>\n\t\t\t\t<section class=\"elementor-section elementor-top-section elementor-element elementor-element-dfa5479 elementor-section-boxed elementor-section-height-default elementor-section-height-default\" data-id=\"dfa5479\" data-element_type=\"section\" data-settings=\"{&quot;background_background&quot;:&quot;classic&quot;}\">\n\t\t\t\t\t\t<div class=\"elementor-container elementor-column-gap-default\">\n\t\t\t\t\t<div class=\"elementor-column elementor-col-100 elementor-top-column elementor-element elementor-element-dad3396\" data-id=\"dad3396\" data-element_type=\"column\">\n\t\t\t<div class=\"elementor-widget-wrap elementor-element-populated\">\n\t\t\t\t\t\t<div class=\"elementor-element elementor-element-5d6a02b elementor-widget elementor-widget-heading\" data-id=\"5d6a02b\" data-element_type=\"widget\" data-widget_type=\"heading.default\">\n\t\t\t\t<div class=\"elementor-widget-container\">\n\t\t\t<h4 class=\"elementor-heading-title elementor-size-default\">GEOSOL<\/h4>\t\t<\/div>\n\t\t\t\t<\/div>\n\t\t\t\t\t<\/div>\n\t\t<\/div>\n\t\t\t\t\t<\/div>\n\t\t<\/section>\n\t\t\t\t<section class=\"elementor-section elementor-top-section elementor-element elementor-element-984086b elementor-section-boxed elementor-section-height-default elementor-section-height-default\" data-id=\"984086b\" data-element_type=\"section\" data-settings=\"{&quot;background_background&quot;:&quot;classic&quot;}\">\n\t\t\t\t\t\t<div class=\"elementor-container elementor-column-gap-default\">\n\t\t\t\t\t<div class=\"elementor-column elementor-col-33 elementor-top-column elementor-element elementor-element-0a3b945\" data-id=\"0a3b945\" data-element_type=\"column\">\n\t\t\t<div class=\"elementor-widget-wrap elementor-element-populated\">\n\t\t\t\t\t\t<div class=\"elementor-element elementor-element-7afb9dd elementor-widget elementor-widget-image\" data-id=\"7afb9dd\" data-element_type=\"widget\" data-widget_type=\"image.default\">\n\t\t\t\t<div class=\"elementor-widget-container\">\n\t\t\t\t\t\t\t\t\t\t\t\t\t<img loading=\"lazy\" decoding=\"async\" width=\"792\" height=\"577\" src=\"https:\/\/leb.inenco.unsa.edu.ar\/wp-content\/uploads\/2025\/09\/geosol.jpg\" class=\"attachment-large size-large wp-image-6520\" alt=\"\" srcset=\"https:\/\/leb.inenco.unsa.edu.ar\/wp-content\/uploads\/2025\/09\/geosol.jpg 792w, https:\/\/leb.inenco.unsa.edu.ar\/wp-content\/uploads\/2025\/09\/geosol-300x219.jpg 300w, https:\/\/leb.inenco.unsa.edu.ar\/wp-content\/uploads\/2025\/09\/geosol-768x560.jpg 768w\" sizes=\"(max-width: 792px) 100vw, 792px\" \/>\t\t\t\t\t\t\t\t\t\t\t\t\t<\/div>\n\t\t\t\t<\/div>\n\t\t\t\t\t<\/div>\n\t\t<\/div>\n\t\t\t\t<div class=\"elementor-column elementor-col-66 elementor-top-column elementor-element elementor-element-fca97b1\" data-id=\"fca97b1\" data-element_type=\"column\">\n\t\t\t<div class=\"elementor-widget-wrap elementor-element-populated\">\n\t\t\t\t\t\t<div class=\"elementor-element elementor-element-59b4b1b elementor-widget elementor-widget-text-editor\" data-id=\"59b4b1b\" data-element_type=\"widget\" data-widget_type=\"text-editor.default\">\n\t\t\t\t<div class=\"elementor-widget-container\">\n\t\t\t\t\t\t\t<p><span style=\"font-family: verdana, geneva, sans-serif; font-size: 10pt;\">Este software calcula la posici\u00f3n del sol a lo largo del d\u00eda, la salida y la puesta del sol, la duraci\u00f3n del d\u00eda, la diferencia entre la hora oficial y la solar, la declinaci\u00f3n de cualquier lugar y d\u00eda del a\u00f1o, y la radiaci\u00f3n solar (directa, difusa y global en MJ\/m2) hora por hora, en cualquier superficie especificada por el usuario. Caracter\u00edstica de salida gr\u00e1fica 2D (gr\u00e1fico solar).\u00a0<strong>[wpfilebase tag=fileurl id=5 linktext=&#8217; DESCARGA&#8217; \/]<\/strong><\/span><\/p>\t\t\t\t\t\t<\/div>\n\t\t\t\t<\/div>\n\t\t\t\t\t<\/div>\n\t\t<\/div>\n\t\t\t\t\t<\/div>\n\t\t<\/section>\n\t\t\t\t<\/div>\n\t\t","protected":false},"excerpt":{"rendered":"<p>Software SIMEDIF El programa\u00a0SIMEDIF\u00a0es una herramienta de dise\u00f1o para calcular la temperatura horaria en los ambientes interiores de un edificio, la temperatura de las superficies de las paredes y la energ\u00eda auxiliar de calefacci\u00f3n\/refrigeraci\u00f3n que se necesita para mantener los espacios a una dada temperatura y el nivel de confort t\u00e9rmico seg\u00fan ASHRAE55. Permite analizar&hellip;&nbsp;<a href=\"https:\/\/leb.inenco.unsa.edu.ar\/index.php\/es\/software\/\" rel=\"bookmark\">Leer m\u00e1s &raquo;<span class=\"screen-reader-text\">SOFTWARE<\/span><\/a><\/p>\n","protected":false},"author":2,"featured_media":0,"parent":0,"menu_order":0,"comment_status":"closed","ping_status":"closed","template":"","meta":{"_eb_attr":"","neve_meta_sidebar":"","neve_meta_container":"","neve_meta_enable_content_width":"","neve_meta_content_width":0,"neve_meta_title_alignment":"","neve_meta_author_avatar":"","neve_post_elements_order":"","neve_meta_disable_header":"","neve_meta_disable_footer":"","neve_meta_disable_title":"","_ti_tpc_template_sync":false,"_ti_tpc_template_id":"","footnotes":""},"class_list":["post-2198","page","type-page","status-publish","hentry"],"_links":{"self":[{"href":"https:\/\/leb.inenco.unsa.edu.ar\/index.php\/wp-json\/wp\/v2\/pages\/2198"}],"collection":[{"href":"https:\/\/leb.inenco.unsa.edu.ar\/index.php\/wp-json\/wp\/v2\/pages"}],"about":[{"href":"https:\/\/leb.inenco.unsa.edu.ar\/index.php\/wp-json\/wp\/v2\/types\/page"}],"author":[{"embeddable":true,"href":"https:\/\/leb.inenco.unsa.edu.ar\/index.php\/wp-json\/wp\/v2\/users\/2"}],"replies":[{"embeddable":true,"href":"https:\/\/leb.inenco.unsa.edu.ar\/index.php\/wp-json\/wp\/v2\/comments?post=2198"}],"version-history":[{"count":101,"href":"https:\/\/leb.inenco.unsa.edu.ar\/index.php\/wp-json\/wp\/v2\/pages\/2198\/revisions"}],"predecessor-version":[{"id":6535,"href":"https:\/\/leb.inenco.unsa.edu.ar\/index.php\/wp-json\/wp\/v2\/pages\/2198\/revisions\/6535"}],"wp:attachment":[{"href":"https:\/\/leb.inenco.unsa.edu.ar\/index.php\/wp-json\/wp\/v2\/media?parent=2198"}],"curies":[{"name":"wp","href":"https:\/\/api.w.org\/{rel}","templated":true}]}}