{"id":2365,"date":"2018-12-10T11:44:53","date_gmt":"2018-12-10T14:44:53","guid":{"rendered":"http:\/\/leb.inenco.unsa.edu.ar\/?page_id=2365"},"modified":"2019-04-15T16:56:08","modified_gmt":"2019-04-15T19:56:08","slug":"palermo-building-salta","status":"publish","type":"page","link":"https:\/\/leb.inenco.unsa.edu.ar\/index.php\/en\/buildings\/palermo-building-salta\/","title":{"rendered":"Palermo Building &#8211; Salta City"},"content":{"rendered":"<p><strong>Location: Downtown of Salta (1200msnm)<\/strong><\/p>\n<p><strong>Design: Arq. Luis Rengifo<\/strong><\/p>\n<p><strong>Advice: Dr. Silvana Flores Larsen &#8211; INENCO<\/strong><\/p>\n<p style=\"text-align: center;\"><span style=\"font-size: 10pt; font-family: verdana, geneva, sans-serif;\"><img fetchpriority=\"high\" decoding=\"async\" class=\"alignnone wp-image-1716\" src=\"http:\/\/leb.inenco.unsa.edu.ar\/wp-content\/uploads\/2018\/02\/^9FCD7A51E298F090DBBFA679FEA6477C98762482FA5C3223E0^pimgpsh_fullsize_distr.png\" alt=\"\" width=\"329\" height=\"246\" \/>\u00a0\u00a0\u00a0\u00a0\u00a0\u00a0\u00a0<\/span><\/p>\n<p style=\"text-align: center;\"><span style=\"font-size: 10pt; font-family: verdana, geneva, sans-serif;\">Previous design of the Palermo Salta building<\/span><\/p>\n<p style=\"text-align: center;\"><span style=\"font-size: 10pt; font-family: verdana, geneva, sans-serif;\"><img decoding=\"async\" class=\"alignnone wp-image-1712\" src=\"http:\/\/leb.inenco.unsa.edu.ar\/wp-content\/uploads\/2018\/02\/^E71E2015773142E20A59F27C0E7DDCE9179963D6A230C54C8D^pimgpsh_fullsize_distr.png\" alt=\"\" width=\"332\" height=\"235\" \/><\/span><\/p>\n<p style=\"text-align: center;\"><span style=\"font-size: 10pt; font-family: verdana, geneva, sans-serif;\">Current Image of the Palermo Salta Building<\/span><\/p>\n<p style=\"text-align: justify;\"><span style=\"font-size: 10pt; font-family: verdana, geneva, sans-serif;\">It is a commercial building located in the city of Salta with West orientation. It has a covered area of 5500m2, height of 18m, three basements that function as parking, ground floor and five floors of office.<\/span><\/p>\n<table>\n<tbody>\n<tr>\n<td style=\"width: 288px;\"><span style=\"font-size: 10pt;\"><img decoding=\"async\" class=\"alignnone wp-image-1713\" src=\"http:\/\/leb.inenco.unsa.edu.ar\/wp-content\/uploads\/2018\/02\/^49BB371CF075E5EFFF5FD4FEB46602FA993B9D169FAA5517C0^pimgpsh_fullsize_distr.png\" alt=\"\" width=\"287\" height=\"277\" \/><\/span><\/td>\n<td style=\"width: 314px;\"><span style=\"font-size: 10pt;\"><img loading=\"lazy\" decoding=\"async\" class=\"alignnone wp-image-1714 aligncenter\" src=\"http:\/\/leb.inenco.unsa.edu.ar\/wp-content\/uploads\/2018\/02\/^FE29C38ECA22BB0FD051A9C447A405A67A80CF3FD6CF95CEA5^pimgpsh_fullsize_distr.png\" alt=\"\" width=\"312\" height=\"270\" \/><\/span><\/td>\n<\/tr>\n<\/tbody>\n<\/table>\n<p style=\"text-align: center;\"><span style=\"font-size: 10pt; font-family: verdana, geneva, sans-serif;\">Side and floor view of the building<\/span><\/p>\n<p style=\"text-align: justify;\"><span style=\"font-size: 10pt; font-family: verdana, geneva, sans-serif;\">El objetivo del asesoramiento fue reducir el consumo energ\u00e9tico y buscar el confort t\u00e9rmico del edificio, considerando que ya estaba previamente dise\u00f1ado con una fachada vidriada en su frente. Las estrategias utilizadas teniendo en cuenta la orientaci\u00f3n Oeste, fue la doble fachada vidriada, utilizando vidrios con reducci\u00f3n del ingreso de radiaci\u00f3n solar y el uso de fachada verde al Este. De esta manera se logr\u00f3 reducir el alto consumo en refrigeraci\u00f3n simulado en el verano y limitar el consumo por calefacci\u00f3n en invierno a consumos eventuales.<\/span><\/p>\n<h5 style=\"text-align: justify;\"><span style=\"font-size: 10pt; font-family: verdana, geneva, sans-serif;\">El Techo<\/span><\/h5>\n<table>\n<tbody>\n<tr style=\"height: 242.5px;\">\n<td style=\"height: 242.5px;\"><span style=\"font-size: 10pt;\"><img loading=\"lazy\" decoding=\"async\" class=\"alignnone wp-image-1717\" src=\"http:\/\/leb.inenco.unsa.edu.ar\/wp-content\/uploads\/2018\/02\/^02B44DAB38C1C5F9AC4377BBA9D3DCDA55CA45C64F5D666928^pimgpsh_fullsize_distr.png\" alt=\"\" width=\"319\" height=\"233\" \/><\/span><\/td>\n<td style=\"height: 242.5px;\"><span style=\"font-size: 10pt;\"><img loading=\"lazy\" decoding=\"async\" class=\"alignnone wp-image-1710 aligncenter\" src=\"http:\/\/leb.inenco.unsa.edu.ar\/wp-content\/uploads\/2018\/02\/^433113AC6E30C2673131528797888BDBA165470845FF518353^pimgpsh_fullsize_distr.png\" alt=\"\" width=\"236\" height=\"179\" \/><\/span><\/td>\n<\/tr>\n<\/tbody>\n<\/table>\n<p style=\"text-align: center;\"><span style=\"font-size: 10pt; font-family: verdana, geneva, sans-serif;\">Composici\u00f3n e imagen del techo<\/span><\/p>\n<p style=\"text-align: justify;\"><span style=\"font-size: 10pt; font-family: verdana, geneva, sans-serif;\">La estructura del techo consiste en una losa de hormig\u00f3n armado (0,15m de espesor), cuyo lado exterior est\u00e1 acabado por una losa de hormig\u00f3n pobre (0,05m de espesor). Hacia el interior hay un espacio a\u00e9reo (0.25m de espesor) y un tablero de yeso (0.0125m de espesor) con aislamiento t\u00e9rmico y ac\u00fastico de lana de vidrio (0.03m) como acabado de techo. Debido a los altos niveles de radiaci\u00f3n solar en la azotea en verano, se utiliz\u00f3 un novedoso sistema de sombreado del techo, que consiste en baldosas cuadradas de hormig\u00f3n (0,03m de espesor) sostenidas en sus cuatro esquinas por pivotes de PVC cil\u00edndricos de 0,12m de altura rellenos de hormig\u00f3n. Por lo tanto, las baldosas proporcionan sombra a la azotea, un espacio de aire por encima del techo y una superficie transitable. La resistencia t\u00e9rmica del techo es R=3.04 m2K\/W y la transmitancia t\u00e9rmica es U=0.33 W\/(m2K).<\/span><\/p>\n<h5 style=\"text-align: justify;\"><span style=\"font-size: 10pt; font-family: verdana, geneva, sans-serif;\"><strong>La Pared<\/strong><\/span><\/h5>\n<p style=\"text-align: center;\"><span style=\"font-size: 10pt; font-family: verdana, geneva, sans-serif;\"><img loading=\"lazy\" decoding=\"async\" class=\"alignnone wp-image-1711\" src=\"http:\/\/leb.inenco.unsa.edu.ar\/wp-content\/uploads\/2018\/02\/^85BEA7E4A927E827415502FAAD385BEF02918541841D8ED94B^pimgpsh_fullsize_distr.png\" alt=\"\" width=\"354\" height=\"283\" \/><\/span><\/p>\n<p style=\"text-align: center;\"><span style=\"font-size: 10pt; font-family: verdana, geneva, sans-serif;\">Composici\u00f3n de Pared Exterior<\/span><\/p>\n<p style=\"text-align: justify;\"><span style=\"font-size: 10pt; font-family: verdana, geneva, sans-serif;\">Paredes exteriores opacas (se construyeron con cinco capas, de afuera hacia adentro: enlucido exterior (3 cm de espesor, pintura beige), mamposter\u00eda cer\u00e1mica hueca (0,12 m de espesor), yeso con pintura asf\u00e1ltica impermeabilizante (0,03 m de espesor), aislamiento t\u00e9rmico y ac\u00fastico de lana de vidrio (0.03 m de espesor) y tablero de yeso con pintura blanca (0.0125 m de espesor). La resistencia t\u00e9rmica total de la pared es R = 1.28 m2K \/ W mientras que su transmitancia t\u00e9rmica es U = 0.78 W \/ (m2K).<\/span><\/p>\n<h5 style=\"text-align: justify;\"><span style=\"font-size: 10pt; font-family: verdana, geneva, sans-serif;\"><strong>Doble fachada vidriada<\/strong><\/span><\/h5>\n<p style=\"text-align: center;\"><span style=\"font-size: 10pt; font-family: verdana, geneva, sans-serif;\"><img loading=\"lazy\" decoding=\"async\" class=\"alignnone size-full wp-image-1715\" src=\"http:\/\/leb.inenco.unsa.edu.ar\/wp-content\/uploads\/2018\/02\/^50F4FF87EB9206A482F3B5A598FB7533FD9CB89369B2AB7232^pimgpsh_fullsize_distr.png\" alt=\"\" width=\"200\" height=\"199\" \/><\/span><\/p>\n<p style=\"text-align: center;\"><span style=\"font-size: 10pt; font-family: verdana, geneva, sans-serif;\">Doble Fachada Vidriada<\/span><\/p>\n<p style=\"text-align: justify;\"><span style=\"font-size: 10pt; font-family: verdana, geneva, sans-serif;\">Se utilizaron paneles de doble acristalamiento herm\u00e9ticos Low-e con una c\u00e1mara de aire de 9\/12 mm, con un acristalamiento gris de baja emisividad en el lado orientado hacia el DGF (6 mm) y vidrio transparente de 6 mm de espesor en el lado interior. El acristalamiento de baja emisividad refleja una alta fracci\u00f3n del calor emitido por el vidrio del DGF cuando es calentado por el sol. El factor solar SHGC del sistema es 0.31. La transmitancia solar del panel DGF se redujo utilizando una serigraf\u00eda en la parte posterior que bloquea alrededor del 55-60% de la luz solar. Es importante tener en cuenta que esta pantalla tambi\u00e9n aumenta la absorci\u00f3n de energ\u00eda del vidrio y la temperatura del vidrio del DGF , que es un efecto colateral negativo. Por lo tanto, en este caso, la selecci\u00f3n de un vidrio de baja emisividad en el lado exterior de las ventanas es obligatorio para reducir la transferencia de calor.<\/span><\/p>\n","protected":false},"excerpt":{"rendered":"<p>Location: Downtown of Salta (1200msnm) Design: Arq. Luis Rengifo Advice: Dr. Silvana Flores Larsen &#8211; INENCO \u00a0\u00a0\u00a0\u00a0\u00a0\u00a0\u00a0 Previous design of the Palermo Salta building Current Image of the Palermo Salta Building It is a commercial building located in the city of Salta with West orientation. It has a covered area of 5500m2, height of 18m,&hellip;&nbsp;<a href=\"https:\/\/leb.inenco.unsa.edu.ar\/index.php\/en\/buildings\/palermo-building-salta\/\" rel=\"bookmark\">Leer m\u00e1s &raquo;<span class=\"screen-reader-text\">Palermo Building &#8211; Salta City<\/span><\/a><\/p>\n","protected":false},"author":2,"featured_media":0,"parent":2361,"menu_order":0,"comment_status":"closed","ping_status":"closed","template":"","meta":{"_eb_attr":"","neve_meta_sidebar":"","neve_meta_container":"","neve_meta_enable_content_width":"","neve_meta_content_width":0,"neve_meta_title_alignment":"","neve_meta_author_avatar":"","neve_post_elements_order":"","neve_meta_disable_header":"","neve_meta_disable_footer":"","neve_meta_disable_title":"","_ti_tpc_template_sync":false,"_ti_tpc_template_id":"","footnotes":""},"class_list":["post-2365","page","type-page","status-publish","hentry"],"_links":{"self":[{"href":"https:\/\/leb.inenco.unsa.edu.ar\/index.php\/wp-json\/wp\/v2\/pages\/2365"}],"collection":[{"href":"https:\/\/leb.inenco.unsa.edu.ar\/index.php\/wp-json\/wp\/v2\/pages"}],"about":[{"href":"https:\/\/leb.inenco.unsa.edu.ar\/index.php\/wp-json\/wp\/v2\/types\/page"}],"author":[{"embeddable":true,"href":"https:\/\/leb.inenco.unsa.edu.ar\/index.php\/wp-json\/wp\/v2\/users\/2"}],"replies":[{"embeddable":true,"href":"https:\/\/leb.inenco.unsa.edu.ar\/index.php\/wp-json\/wp\/v2\/comments?post=2365"}],"version-history":[{"count":7,"href":"https:\/\/leb.inenco.unsa.edu.ar\/index.php\/wp-json\/wp\/v2\/pages\/2365\/revisions"}],"predecessor-version":[{"id":2630,"href":"https:\/\/leb.inenco.unsa.edu.ar\/index.php\/wp-json\/wp\/v2\/pages\/2365\/revisions\/2630"}],"up":[{"embeddable":true,"href":"https:\/\/leb.inenco.unsa.edu.ar\/index.php\/wp-json\/wp\/v2\/pages\/2361"}],"wp:attachment":[{"href":"https:\/\/leb.inenco.unsa.edu.ar\/index.php\/wp-json\/wp\/v2\/media?parent=2365"}],"curies":[{"name":"wp","href":"https:\/\/api.w.org\/{rel}","templated":true}]}}