{"id":2368,"date":"2018-12-10T11:48:51","date_gmt":"2018-12-10T14:48:51","guid":{"rendered":"http:\/\/leb.inenco.unsa.edu.ar\/?page_id=2368"},"modified":"2018-12-12T11:20:41","modified_gmt":"2018-12-12T14:20:41","slug":"centro-termal-recreativo-y-social-en-termas-de-pompeya","status":"publish","type":"page","link":"https:\/\/leb.inenco.unsa.edu.ar\/index.php\/en\/buildings\/centro-termal-recreativo-y-social-en-termas-de-pompeya\/","title":{"rendered":"Recreational and Social Center Thermal in &#8220;Termas de Pompeya&#8221;"},"content":{"rendered":"<p style=\"text-align: justify;\"><span style=\"font-family: verdana, geneva, sans-serif; font-size: 10pt;\"><strong>Ubicaci\u00f3n: San Antonio de los Cobres (3775msnm)<\/strong><\/span><\/p>\n<p style=\"text-align: justify;\"><span style=\"font-family: verdana, geneva, sans-serif; font-size: 10pt;\"><strong>Dise\u00f1o: Arq. Marco Macrelli<\/strong><\/span><\/p>\n<p style=\"text-align: justify;\"><strong>Asesoramiento: Dra. Silvana Flores Larsen &#8211; INENCO<\/strong><\/p>\n<p style=\"text-align: justify;\"><span style=\"font-family: verdana, geneva, sans-serif; font-size: 10pt;\">Es un proyecto aun no finalizado que tiene como entidad beneficiaria a la Municipalidad de San Antonio de los Cobres (km 164, Ruta Nacional N51), y como contraparte a la Secretar\u00eda de Turismo Contraparte: Municipalidad de San Antonio de los Cobres, Recursos Energ\u00e9ticos y Mineros de Salta SA (REMSA SA), INENCO \u2013 Instituto de Investigaciones en Energ\u00eda No Convencional \u2013 U.N.Sa. \u2013 CONICET.\u00a0Coordinadora del proyecto (2011-2013): Dra. Silvana Flores Larsen \u2013 INENCO.<\/span><\/p>\n<p style=\"text-align: justify;\"><span style=\"font-size: 10pt; font-family: verdana, geneva, sans-serif;\"><img fetchpriority=\"high\" decoding=\"async\" class=\"alignnone size-full wp-image-1734\" src=\"http:\/\/leb.inenco.unsa.edu.ar\/wp-content\/uploads\/2018\/02\/^EC11A2EF982D5633CB61C01649F0D1C26277C94C981E4139B8^pimgpsh_fullsize_distr.png\" alt=\"\" width=\"607\" height=\"229\" \/><\/span><\/p>\n<p style=\"text-align: justify;\"><span style=\"font-family: verdana, geneva, sans-serif; font-size: 10pt;\">Se finaliz\u00f3 el dise\u00f1o arquitect\u00f3nico del edificio, a cargo de los Arq. Marco Macrelli e Ignacio Car\u00f3n (25\/02\/2013). Se entregaron los planos correspondientes y la memoria t\u00e9cnica al Ing. Iba\u00f1ez, de la Municipalidad de San Antonio de los Cobres.<\/span><\/p>\n<p style=\"text-align: justify;\"><span style=\"font-size: 10pt; font-family: verdana, geneva, sans-serif;\"><img decoding=\"async\" class=\"alignnone size-full wp-image-1735\" src=\"http:\/\/leb.inenco.unsa.edu.ar\/wp-content\/uploads\/2018\/02\/^594F8761312BAE1AE7900030F17D0CB374D7836A88C26D8710^pimgpsh_fullsize_distr.png\" alt=\"\" width=\"606\" height=\"269\" \/><\/span><\/p>\n<p style=\"text-align: justify;\"><span style=\"font-family: verdana, geneva, sans-serif; font-size: 10pt;\">Se planific\u00f3 la utilizaci\u00f3n de los siguientes recursos y estrategias bioclim\u00e1ticas:\u00a0Materiales, mano de obra y tecnolog\u00eda de la zona tales como muros de piedra, techo de paja, etc. Aislaci\u00f3n t\u00e9rmica en muros y techos, uso de luz solar difusa para iluminaci\u00f3n natural, uso de luz solar directa y muros Trombe para calefacci\u00f3n, y uso de paneles fotovoltaicos para provisi\u00f3n de electricidad.<\/span><\/p>\n","protected":false},"excerpt":{"rendered":"<p>Ubicaci\u00f3n: San Antonio de los Cobres (3775msnm) Dise\u00f1o: Arq. Marco Macrelli Asesoramiento: Dra. Silvana Flores Larsen &#8211; INENCO Es un proyecto aun no finalizado que tiene como entidad beneficiaria a la Municipalidad de San Antonio de los Cobres (km 164, Ruta Nacional N51), y como contraparte a la Secretar\u00eda de Turismo Contraparte: Municipalidad de San&hellip;&nbsp;<a href=\"https:\/\/leb.inenco.unsa.edu.ar\/index.php\/en\/buildings\/centro-termal-recreativo-y-social-en-termas-de-pompeya\/\" rel=\"bookmark\">Leer m\u00e1s &raquo;<span class=\"screen-reader-text\">Recreational and Social Center Thermal in &#8220;Termas de Pompeya&#8221;<\/span><\/a><\/p>\n","protected":false},"author":2,"featured_media":0,"parent":2361,"menu_order":0,"comment_status":"closed","ping_status":"closed","template":"","meta":{"_eb_attr":"","neve_meta_sidebar":"","neve_meta_container":"","neve_meta_enable_content_width":"","neve_meta_content_width":0,"neve_meta_title_alignment":"","neve_meta_author_avatar":"","neve_post_elements_order":"","neve_meta_disable_header":"","neve_meta_disable_footer":"","neve_meta_disable_title":"","_ti_tpc_template_sync":false,"_ti_tpc_template_id":"","footnotes":""},"class_list":["post-2368","page","type-page","status-publish","hentry"],"_links":{"self":[{"href":"https:\/\/leb.inenco.unsa.edu.ar\/index.php\/wp-json\/wp\/v2\/pages\/2368"}],"collection":[{"href":"https:\/\/leb.inenco.unsa.edu.ar\/index.php\/wp-json\/wp\/v2\/pages"}],"about":[{"href":"https:\/\/leb.inenco.unsa.edu.ar\/index.php\/wp-json\/wp\/v2\/types\/page"}],"author":[{"embeddable":true,"href":"https:\/\/leb.inenco.unsa.edu.ar\/index.php\/wp-json\/wp\/v2\/users\/2"}],"replies":[{"embeddable":true,"href":"https:\/\/leb.inenco.unsa.edu.ar\/index.php\/wp-json\/wp\/v2\/comments?post=2368"}],"version-history":[{"count":3,"href":"https:\/\/leb.inenco.unsa.edu.ar\/index.php\/wp-json\/wp\/v2\/pages\/2368\/revisions"}],"predecessor-version":[{"id":2487,"href":"https:\/\/leb.inenco.unsa.edu.ar\/index.php\/wp-json\/wp\/v2\/pages\/2368\/revisions\/2487"}],"up":[{"embeddable":true,"href":"https:\/\/leb.inenco.unsa.edu.ar\/index.php\/wp-json\/wp\/v2\/pages\/2361"}],"wp:attachment":[{"href":"https:\/\/leb.inenco.unsa.edu.ar\/index.php\/wp-json\/wp\/v2\/media?parent=2368"}],"curies":[{"name":"wp","href":"https:\/\/api.w.org\/{rel}","templated":true}]}}