{"id":2370,"date":"2018-12-10T11:49:55","date_gmt":"2018-12-10T14:49:55","guid":{"rendered":"http:\/\/leb.inenco.unsa.edu.ar\/?page_id=2370"},"modified":"2018-12-12T11:21:36","modified_gmt":"2018-12-12T14:21:36","slug":"escuela-solar-en-catrilo-la-pampa","status":"publish","type":"page","link":"https:\/\/leb.inenco.unsa.edu.ar\/index.php\/en\/buildings\/escuela-solar-en-catrilo-la-pampa\/","title":{"rendered":"Solar School in Catril\u00f3 &#8211; La Pampa"},"content":{"rendered":"<p><span style=\"font-size: 10pt; font-family: verdana, geneva, sans-serif;\"><strong>Ubicaci\u00f3n: Localidad de Catril\u00f3 &#8211; Provincia de La Pampa (113msnm)<\/strong><\/span><\/p>\n<p style=\"text-align: justify;\"><span style=\"font-family: verdana, geneva, sans-serif; font-size: 10pt;\"><strong>Dise\u00f1o: Alicia Beascochea y Celina Filippin<\/strong><\/span><\/p>\n<p style=\"text-align: justify;\"><span style=\"font-family: verdana, geneva, sans-serif; font-size: 10pt;\"><strong>Asesoramiento: Dra. Graciela Lessino &#8211; INENCO<\/strong><\/span><\/p>\n<table style=\"width: 550px;\">\n<tbody>\n<tr style=\"height: 20px;\">\n<td style=\"text-align: justify; width: 203px; height: 20px;\">\n<p><img decoding=\"async\" class=\"alignnone wp-image-1535\" src=\"http:\/\/leb.inenco.unsa.edu.ar\/wp-content\/uploads\/2017\/06\/Escuela-Catrilo-01_4x6.jpg\" alt=\"\" width=\"119\" height=\"80\" \/><\/p>\n<p><img decoding=\"async\" class=\"alignnone wp-image-1536\" src=\"http:\/\/leb.inenco.unsa.edu.ar\/wp-content\/uploads\/2017\/06\/Escuela-Catrilo-02_4x6.jpg\" alt=\"\" width=\"118\" height=\"80\" \/><\/p>\n<p><img decoding=\"async\" class=\"alignnone wp-image-1536\" src=\"http:\/\/leb.inenco.unsa.edu.ar\/wp-content\/uploads\/2017\/06\/Escuela-Catrilo-02_4x6.jpg\" alt=\"\" width=\"118\" height=\"80\" \/><br \/>\n<img decoding=\"async\" class=\"alignnone wp-image-1538\" src=\"http:\/\/leb.inenco.unsa.edu.ar\/wp-content\/uploads\/2017\/06\/Escuela-Catrilo-04_4x6.jpg\" alt=\"\" width=\"117\" height=\"80\" \/><\/p>\n<p><img loading=\"lazy\" decoding=\"async\" class=\"alignnone wp-image-1539\" src=\"http:\/\/leb.inenco.unsa.edu.ar\/wp-content\/uploads\/2017\/06\/Escuela-Catrilo-05_4x6.jpg\" alt=\"\" width=\"117\" height=\"80\" \/><\/p>\n<p><img loading=\"lazy\" decoding=\"async\" class=\"alignnone wp-image-1537\" src=\"http:\/\/leb.inenco.unsa.edu.ar\/wp-content\/uploads\/2017\/06\/Escuela-Catrilo-03_4x6.jpg\" alt=\"\" width=\"118\" height=\"80\" \/><\/td>\n<td style=\"width: 399px; height: 20px;\">\n<p class=\"style14\" style=\"text-align: justify;\" align=\"left\"><span style=\"font-family: verdana, geneva, sans-serif; font-size: 10pt;\">Esta escuela destinada al nivel EGB III, est\u00e1 localizada en Catril\u00f3 &#8211; Provincia de La Pampa. Es una Regi\u00f3n clasificada como templada fr\u00eda, sub-h\u00fameda con 1545 GD anuales de necesidad de calefaccionamiento en base 18\u00baC.<\/span><\/p>\n<p class=\"style14\" style=\"text-align: justify;\"><span style=\"font-family: verdana, geneva, sans-serif; font-size: 10pt;\">Est\u00e1 constituida por 3 aulas principales, laboratorio, sal\u00f3n de usos m\u00faltiples, taller y servicios administrativos y auxiliares. El proyecto es de Alicia Beascochea y Celina Filippin con la colaboraci\u00f3n de Graciela Lessino del INENCO en el dise\u00f1o de los colectores solares pasivos.<\/span><\/p>\n<p class=\"style14\" style=\"text-align: justify;\"><span style=\"font-family: verdana, geneva, sans-serif; font-size: 10pt;\">Se utilizaron como estrategias de dise\u00f1o: aventanamientos al Norte en todas las areas funcionales, inercia t\u00e9rmica, ganancia solar directa, iluminaci\u00f3n natural, un an\u00e1lisis cuidadoso de la conservaci\u00f3n de la energ\u00eda utilizando fuertes espesores de aislantes y masa t\u00e9rmica acorde, un invernadero como extensi\u00f3n del Laboratorio, ventilaci\u00f3n y refrescamiento mediante flujos controlados de aire, tomados tanto del exterior en forma directa, como luego de haberlos hecho pasar por conductos subterr\u00e1neos, y finalmente, eliminaci\u00f3n de veredas perimetrales para disminuir la radiaci\u00f3n solar reflejada.<\/span><\/p>\n<p class=\"style14\" style=\"text-align: justify;\"><span style=\"font-family: verdana, geneva, sans-serif; font-size: 10pt;\">Como tecnolog\u00eda novedosa, se destaca el empleo de colectores instant\u00e1neos de aire empleados en algunos de los locales.<\/span><\/p>\n<p class=\"style14\" style=\"text-align: justify;\"><span class=\"style14\" style=\"font-family: verdana, geneva, sans-serif; font-size: 10pt;\">Las sucesivas mediciones y evaluaciones con referencia al comportamiento t\u00e9rmico del edificio, permiten demostrar el buen resultado del mismo. La amplitudes t\u00e9rmicas internas se redujeron en forma notable, la mayor parte del tiempo se mantuvieron condiciones de confort y el ahorro en gas natural comparado con otra escuela de similares caracter\u00edsticas funcionales, pero sin ninguna de las estrategias aqu\u00ed aplicadas, es superior al 50% con valores de 62,7 kwh\/m2 anuales de consumo para calefacci\u00f3n.<\/span><\/p>\n<\/td>\n<\/tr>\n<\/tbody>\n<\/table>\n<p>&#8212;&#8212;&#8212;&#8212;&#8212;&#8212;&#8212;&#8212;&#8212;&#8212;&#8212;&#8212;&#8212;&#8212;&#8212;&#8212;&#8212;&#8212;&#8212;&#8212;&#8212;&#8212;&#8212;&#8212;&#8212;&#8212;&#8212;&#8212;&#8212;&#8212;&#8212;&#8212;&#8212;&#8212;&#8212;&#8212;&#8212;&#8212;&#8212;&#8212;&#8212;&#8212;&#8212;-<\/p>\n<table style=\"width: 550px; height: 200px;\">\n<tbody>\n<tr>\n<td style=\"width: 357px;\"><img loading=\"lazy\" decoding=\"async\" class=\"wp-image-1542 aligncenter\" src=\"http:\/\/leb.inenco.unsa.edu.ar\/wp-content\/uploads\/2017\/06\/Escuela-Catrilo-08_4x6.jpg\" alt=\"\" width=\"286\" height=\"193\" \/><img loading=\"lazy\" decoding=\"async\" class=\"wp-image-1541 aligncenter\" src=\"http:\/\/leb.inenco.unsa.edu.ar\/wp-content\/uploads\/2017\/06\/Escuela-Catrilo-07_4x6.jpg\" alt=\"\" width=\"288\" height=\"196\" \/><\/td>\n<td style=\"width: 267px;\"><img loading=\"lazy\" decoding=\"async\" class=\"wp-image-1544 alignright\" src=\"http:\/\/leb.inenco.unsa.edu.ar\/wp-content\/uploads\/2017\/06\/Escuela-Catrilo-11_4x6.jpg\" alt=\"\" width=\"148\" height=\"220\" \/><img loading=\"lazy\" decoding=\"async\" class=\"wp-image-1543 alignright\" src=\"http:\/\/leb.inenco.unsa.edu.ar\/wp-content\/uploads\/2017\/06\/Escuela-Catrilo-09_4x6.jpg\" alt=\"\" width=\"410\" height=\"276\" \/><\/td>\n<\/tr>\n<\/tbody>\n<\/table>\n<p>&nbsp;<\/p>\n","protected":false},"excerpt":{"rendered":"<p>Ubicaci\u00f3n: Localidad de Catril\u00f3 &#8211; Provincia de La Pampa (113msnm) Dise\u00f1o: Alicia Beascochea y Celina Filippin Asesoramiento: Dra. Graciela Lessino &#8211; INENCO Esta escuela destinada al nivel EGB III, est\u00e1 localizada en Catril\u00f3 &#8211; Provincia de La Pampa. Es una Regi\u00f3n clasificada como templada fr\u00eda, sub-h\u00fameda con 1545 GD anuales de necesidad de calefaccionamiento en&hellip;&nbsp;<a href=\"https:\/\/leb.inenco.unsa.edu.ar\/index.php\/en\/buildings\/escuela-solar-en-catrilo-la-pampa\/\" rel=\"bookmark\">Leer m\u00e1s &raquo;<span class=\"screen-reader-text\">Solar School in Catril\u00f3 &#8211; La Pampa<\/span><\/a><\/p>\n","protected":false},"author":2,"featured_media":0,"parent":2361,"menu_order":0,"comment_status":"closed","ping_status":"closed","template":"","meta":{"_eb_attr":"","neve_meta_sidebar":"","neve_meta_container":"","neve_meta_enable_content_width":"","neve_meta_content_width":0,"neve_meta_title_alignment":"","neve_meta_author_avatar":"","neve_post_elements_order":"","neve_meta_disable_header":"","neve_meta_disable_footer":"","neve_meta_disable_title":"","_ti_tpc_template_sync":false,"_ti_tpc_template_id":"","footnotes":""},"class_list":["post-2370","page","type-page","status-publish","hentry"],"_links":{"self":[{"href":"https:\/\/leb.inenco.unsa.edu.ar\/index.php\/wp-json\/wp\/v2\/pages\/2370"}],"collection":[{"href":"https:\/\/leb.inenco.unsa.edu.ar\/index.php\/wp-json\/wp\/v2\/pages"}],"about":[{"href":"https:\/\/leb.inenco.unsa.edu.ar\/index.php\/wp-json\/wp\/v2\/types\/page"}],"author":[{"embeddable":true,"href":"https:\/\/leb.inenco.unsa.edu.ar\/index.php\/wp-json\/wp\/v2\/users\/2"}],"replies":[{"embeddable":true,"href":"https:\/\/leb.inenco.unsa.edu.ar\/index.php\/wp-json\/wp\/v2\/comments?post=2370"}],"version-history":[{"count":3,"href":"https:\/\/leb.inenco.unsa.edu.ar\/index.php\/wp-json\/wp\/v2\/pages\/2370\/revisions"}],"predecessor-version":[{"id":2488,"href":"https:\/\/leb.inenco.unsa.edu.ar\/index.php\/wp-json\/wp\/v2\/pages\/2370\/revisions\/2488"}],"up":[{"embeddable":true,"href":"https:\/\/leb.inenco.unsa.edu.ar\/index.php\/wp-json\/wp\/v2\/pages\/2361"}],"wp:attachment":[{"href":"https:\/\/leb.inenco.unsa.edu.ar\/index.php\/wp-json\/wp\/v2\/media?parent=2370"}],"curies":[{"name":"wp","href":"https:\/\/api.w.org\/{rel}","templated":true}]}}