{"id":2372,"date":"2018-12-10T11:53:01","date_gmt":"2018-12-10T14:53:01","guid":{"rendered":"http:\/\/leb.inenco.unsa.edu.ar\/?page_id=2372"},"modified":"2018-12-12T11:23:05","modified_gmt":"2018-12-12T14:23:05","slug":"estacion-experimental-inta-abra-pampa","status":"publish","type":"page","link":"https:\/\/leb.inenco.unsa.edu.ar\/index.php\/en\/buildings\/estacion-experimental-inta-abra-pampa\/","title":{"rendered":"INTA Experimental Station Abra Pampa"},"content":{"rendered":"<p><span style=\"font-size: 10pt; font-family: verdana, geneva, sans-serif;\"><strong>Ubicaci\u00f3n: Localidad de Abra Pampa &#8211; Provincia Jujuy (3500msnm)<\/strong><\/span><\/p>\n<p style=\"text-align: justify;\"><span style=\"font-family: verdana, geneva, sans-serif; font-size: 10pt;\"><strong>Dise\u00f1o: Arq. Rafael Requena (INTA)<\/strong><\/span><\/p>\n<p style=\"text-align: justify;\"><span style=\"font-family: verdana, geneva, sans-serif; font-size: 10pt;\"><strong>Asesoramiento: Dra. Graciela Lessino &#8211; INENCO<\/strong><\/span><\/p>\n<table class=\"tg\" style=\"width: 640px;\">\n<tbody>\n<tr>\n<td class=\"tg-031e\" style=\"width: 134px;\">\n<p><figure id=\"attachment_500\" aria-describedby=\"caption-attachment-500\" style=\"width: 120px\" class=\"wp-caption alignnone\"><img decoding=\"async\" class=\"wp-image-500\" src=\"http:\/\/leb.inenco.unsa.edu.ar\/wp-content\/uploads\/2016\/11\/Abra-pampa-01_4x6.jpg\" alt=\"abra-pampa-01_4x6\" width=\"120\" height=\"81\" \/><figcaption id=\"caption-attachment-500\" class=\"wp-caption-text\">1<\/figcaption><\/figure><\/td>\n<td class=\"tg-031e\" style=\"width: 494px; text-align: justify;\"><span style=\"font-family: verdana, geneva, sans-serif; font-size: 10pt;\">La sub-Estaci\u00f3n Experimental del INTA en Abra Pampa, se halla localizada en la puna juje\u00f1a, pr\u00f3xima al pueblo del mismo nombre, en una planicie a 3500m sobre el nivel del mar y sus principales actividades son el estudio de la cr\u00eda sustentable de cam\u00e9lidos y la recuperaci\u00f3n del cultivo de la quinoa. Esta zona se encuentra entre las que mayor radiaci\u00f3n solar reciben en la Argentina, con muy escasas lluvias estivales, grandes amplitudes t\u00e9rmicas diarias y necesidad permanente de calefaccionamiento de los edificios a pesar de tener una latitud menor a la del Tr\u00f3pico de Capricornio.<\/span><\/td>\n<\/tr>\n<tr>\n<td class=\"tg-031e\" style=\"width: 134px;\">\n<p><figure id=\"attachment_501\" aria-describedby=\"caption-attachment-501\" style=\"width: 120px\" class=\"wp-caption alignnone\"><img decoding=\"async\" class=\"wp-image-501\" src=\"http:\/\/leb.inenco.unsa.edu.ar\/wp-content\/uploads\/2016\/11\/Abra-pampa-02_4x6.jpg\" alt=\"abra-pampa-02_4x6\" width=\"120\" height=\"81\" \/><figcaption id=\"caption-attachment-501\" class=\"wp-caption-text\">2<\/figcaption><\/figure><\/td>\n<td class=\"tg-031e\" style=\"width: 494px; text-align: justify;\"><span style=\"font-size: 10pt; font-family: verdana, geneva, sans-serif;\">Es una regi\u00f3n clasificada como muy fr\u00eda y son frecuentes en el invierno temperaturas m\u00ednimas de -10\u00baC. La vegetaci\u00f3n es escasa y de caracter\u00edsticas xer\u00f3filas y agrava el panorama el viento permanente que arrastra part\u00edculas y polvo. All\u00ed se construy\u00f3 esta vivienda para el Director de la Sub-Estaci\u00f3n y el proyecto es del Arq. Rafael Requena (del INTA) con el asesoramiento, dimensionamiento y testeo del INENCO de la Universidad de Salta. Este proyecto se fundament\u00f3 sobre criterios constructivos orientados a la conservaci\u00f3n de la energ\u00eda y la aplicaci\u00f3n de sistemas solares pasivos.<\/span><\/td>\n<\/tr>\n<tr>\n<td class=\"tg-031e\" style=\"width: 134px;\">\n<p><figure id=\"attachment_502\" aria-describedby=\"caption-attachment-502\" style=\"width: 120px\" class=\"wp-caption alignnone\"><img decoding=\"async\" class=\"wp-image-502\" src=\"http:\/\/leb.inenco.unsa.edu.ar\/wp-content\/uploads\/2016\/11\/Abra-pampa-03_4x6.jpg\" alt=\"abra-pampa-03_4x6\" width=\"120\" height=\"81\" \/><figcaption id=\"caption-attachment-502\" class=\"wp-caption-text\">3<\/figcaption><\/figure><\/td>\n<td class=\"tg-031e\" style=\"width: 494px; text-align: justify;\"><span style=\"font-size: 10pt; font-family: verdana, geneva, sans-serif;\">La vivienda tiene una superficie total de 270m2 incluyendo el espacio invernadero ubicado en su cara Este y el garage. Est\u00e1 construida con gruesos muros dobles de piedra con aislamiento t\u00e9rmico en el medio y toda su extensa cara norte es un muro Tromb\u00e9 Michel que incluye aventanamientos para ganancia directa. La cubierta es liviana, con terminaci\u00f3n exterior de chapa de acero y fuertemente aislada en lo t\u00e9rmico. Toda la construcci\u00f3n es antis\u00edsmica mediante una r\u00edgida estructura de hormig\u00f3n armado.<\/span><\/td>\n<\/tr>\n<tr>\n<td class=\"tg-031e\" style=\"width: 134px;\">\n<p><figure id=\"attachment_503\" aria-describedby=\"caption-attachment-503\" style=\"width: 120px\" class=\"wp-caption alignnone\"><img loading=\"lazy\" decoding=\"async\" class=\"wp-image-503\" src=\"http:\/\/leb.inenco.unsa.edu.ar\/wp-content\/uploads\/2016\/11\/Abra-pampa-04_4x6.jpg\" alt=\"abra-pampa-04_4x6\" width=\"120\" height=\"81\" \/><figcaption id=\"caption-attachment-503\" class=\"wp-caption-text\">4<\/figcaption><\/figure><\/td>\n<td class=\"tg-031e\" style=\"width: 494px; text-align: justify;\"><span style=\"font-size: 10pt; font-family: verdana, geneva, sans-serif;\">Dada la muy alta luminosidad de la zona, las aberturas (excepto el invernadero) son peque\u00f1as y controladas. Un detalle interesante para destacar es la incorporaci\u00f3n de vapor de agua al aire interior mediante la utilizaci\u00f3n de cubetas llenas de agua colocadas en las aberturas inferiores del Muro Trombe. El vapor de agua se incorpora al aire cuando \u00e9ste ingresa en la c\u00e1mara entre muro y vidriado y reingresa al interior de la vivienda por la abertura superior. Esta humidificaci\u00f3n del aire interior es indispensable en un clima de tan baja humedad absoluta.<\/span><\/td>\n<\/tr>\n<tr>\n<td class=\"tg-031e\" style=\"width: 134px;\">\n<p><figure id=\"attachment_506\" aria-describedby=\"caption-attachment-506\" style=\"width: 120px\" class=\"wp-caption alignnone\"><img loading=\"lazy\" decoding=\"async\" class=\"wp-image-506\" src=\"http:\/\/leb.inenco.unsa.edu.ar\/wp-content\/uploads\/2016\/11\/Abra-pampa-07_4x6.jpg\" alt=\"abra-pampa-07_4x6\" width=\"120\" height=\"81\" \/><figcaption id=\"caption-attachment-506\" class=\"wp-caption-text\">7<\/figcaption><\/figure><\/td>\n<td class=\"tg-031e\" style=\"width: 494px; text-align: justify;\"><span style=\"font-size: 10pt; font-family: verdana, geneva, sans-serif;\">La vivienda se proyect\u00f3 con el criterio de vivienda experimental, lo que limit\u00f3 un tanto la aplicaci\u00f3n de un mayor despliegue de recursos arquitect\u00f3nicos formales. Fue durante un tiempo objeto de estudio por parte de los especialistas locales (en las fotos se muestra la visita de un grupo de ellos) y es un interesante ejemplo de adaptaci\u00f3n al riguroso clima de la Puna.<\/span><\/td>\n<\/tr>\n<tr>\n<td class=\"tg-yw4l\" style=\"width: 134px; text-align: justify;\">\n<p><figure id=\"attachment_504\" aria-describedby=\"caption-attachment-504\" style=\"width: 81px\" class=\"wp-caption alignleft\"><img loading=\"lazy\" decoding=\"async\" class=\"wp-image-504\" src=\"http:\/\/leb.inenco.unsa.edu.ar\/wp-content\/uploads\/2016\/11\/Abra-pampa-05_4x6.jpg\" alt=\"abra-pampa-05_4x6\" width=\"81\" height=\"120\" \/><figcaption id=\"caption-attachment-504\" class=\"wp-caption-text\"><span style=\"font-size: 10pt; font-family: verdana, geneva, sans-serif;\">5<\/span><\/figcaption><\/figure><\/td>\n<td class=\"tg-yw4l\" style=\"width: 494px; text-align: justify;\">\n<p><span style=\"font-size: 8pt;\">Referencias:<\/span><\/p>\n<figure id=\"attachment_505\" aria-describedby=\"caption-attachment-505\" style=\"width: 81px\" class=\"wp-caption alignright\"><img loading=\"lazy\" decoding=\"async\" class=\"wp-image-505\" src=\"http:\/\/leb.inenco.unsa.edu.ar\/wp-content\/uploads\/2016\/11\/Abra-pampa-06_4x6.jpg\" alt=\"abra-pampa-06_4x6\" width=\"81\" height=\"120\" \/><figcaption id=\"caption-attachment-505\" class=\"wp-caption-text\"><span style=\"font-size: 8pt; font-family: verdana, geneva, sans-serif;\">6<\/span><\/figcaption><\/figure>\n<p><span style=\"font-size: 8pt; font-family: verdana, geneva, sans-serif;\">01 &#8211; El paisaje circundante<\/span><br \/>\n<span style=\"font-size: 8pt; font-family: verdana, geneva, sans-serif;\">02 &#8211; Vista general desde el SE.- Muros bajos para frenar a las part\u00edculas que trae el viento<\/span><br \/>\n<span style=\"font-size: 8pt; font-family: verdana, geneva, sans-serif;\">03 &#8211; El ingreso en la cara Sur<\/span><br \/>\n<span style=\"font-size: 8pt; font-family: verdana, geneva, sans-serif;\">04 &#8211; La extensa cara Norte con el muro Trombe Michel<\/span><br \/>\n<span style=\"font-size: 8pt; font-family: verdana, geneva, sans-serif;\">05 &#8211; Interior del invernadero<\/span><br \/>\n<span style=\"font-size: 8pt; font-family: verdana, geneva, sans-serif;\">06 &#8211; Interior de la zona de estar<\/span><br \/>\n<span style=\"font-size: 8pt; font-family: verdana, geneva, sans-serif;\">07 -Las cubetas que contienen agua y las mechas para el humedecimiento del aire<\/span><\/td>\n<\/tr>\n<\/tbody>\n<\/table>\n<p><\/p>\n","protected":false},"excerpt":{"rendered":"<p>Ubicaci\u00f3n: Localidad de Abra Pampa &#8211; Provincia Jujuy (3500msnm) Dise\u00f1o: Arq. Rafael Requena (INTA) Asesoramiento: Dra. Graciela Lessino &#8211; INENCO La sub-Estaci\u00f3n Experimental del INTA en Abra Pampa, se halla localizada en la puna juje\u00f1a, pr\u00f3xima al pueblo del mismo nombre, en una planicie a 3500m sobre el nivel del mar y sus principales actividades&hellip;&nbsp;<a href=\"https:\/\/leb.inenco.unsa.edu.ar\/index.php\/en\/buildings\/estacion-experimental-inta-abra-pampa\/\" rel=\"bookmark\">Leer m\u00e1s &raquo;<span class=\"screen-reader-text\">INTA Experimental Station Abra Pampa<\/span><\/a><\/p>\n","protected":false},"author":2,"featured_media":0,"parent":2361,"menu_order":0,"comment_status":"closed","ping_status":"closed","template":"","meta":{"_eb_attr":"","neve_meta_sidebar":"","neve_meta_container":"","neve_meta_enable_content_width":"","neve_meta_content_width":0,"neve_meta_title_alignment":"","neve_meta_author_avatar":"","neve_post_elements_order":"","neve_meta_disable_header":"","neve_meta_disable_footer":"","neve_meta_disable_title":"","_ti_tpc_template_sync":false,"_ti_tpc_template_id":"","footnotes":""},"class_list":["post-2372","page","type-page","status-publish","hentry"],"_links":{"self":[{"href":"https:\/\/leb.inenco.unsa.edu.ar\/index.php\/wp-json\/wp\/v2\/pages\/2372"}],"collection":[{"href":"https:\/\/leb.inenco.unsa.edu.ar\/index.php\/wp-json\/wp\/v2\/pages"}],"about":[{"href":"https:\/\/leb.inenco.unsa.edu.ar\/index.php\/wp-json\/wp\/v2\/types\/page"}],"author":[{"embeddable":true,"href":"https:\/\/leb.inenco.unsa.edu.ar\/index.php\/wp-json\/wp\/v2\/users\/2"}],"replies":[{"embeddable":true,"href":"https:\/\/leb.inenco.unsa.edu.ar\/index.php\/wp-json\/wp\/v2\/comments?post=2372"}],"version-history":[{"count":3,"href":"https:\/\/leb.inenco.unsa.edu.ar\/index.php\/wp-json\/wp\/v2\/pages\/2372\/revisions"}],"predecessor-version":[{"id":2489,"href":"https:\/\/leb.inenco.unsa.edu.ar\/index.php\/wp-json\/wp\/v2\/pages\/2372\/revisions\/2489"}],"up":[{"embeddable":true,"href":"https:\/\/leb.inenco.unsa.edu.ar\/index.php\/wp-json\/wp\/v2\/pages\/2361"}],"wp:attachment":[{"href":"https:\/\/leb.inenco.unsa.edu.ar\/index.php\/wp-json\/wp\/v2\/media?parent=2372"}],"curies":[{"name":"wp","href":"https:\/\/api.w.org\/{rel}","templated":true}]}}