{"id":2374,"date":"2018-12-10T11:54:07","date_gmt":"2018-12-10T14:54:07","guid":{"rendered":"http:\/\/leb.inenco.unsa.edu.ar\/?page_id=2374"},"modified":"2018-12-12T11:26:02","modified_gmt":"2018-12-12T14:26:02","slug":"hospital-de-susques-ciudad-de-jujuy","status":"publish","type":"page","link":"https:\/\/leb.inenco.unsa.edu.ar\/index.php\/en\/buildings\/hospital-de-susques-ciudad-de-jujuy\/","title":{"rendered":"Susques Hospital &#8211; Jujuy"},"content":{"rendered":"<p style=\"text-align: justify;\"><span style=\"font-size: 10pt; font-family: verdana, geneva, sans-serif;\"><strong>Ubicaci\u00f3n: Localidad de Susques &#8211; Ciudad de Jujuy (3675msnm)<\/strong><\/span><\/p>\n<p style=\"text-align: justify;\"><span style=\"font-family: verdana, geneva, sans-serif; font-size: 10pt;\"><strong>Dise\u00f1o:\u00a0Arqts. Lina Rodriguez y Julio Linares &#8211; Ministerio de Salud Provincial<\/strong><\/span><\/p>\n<p style=\"text-align: justify;\"><span style=\"font-family: verdana, geneva, sans-serif; font-size: 10pt;\"><strong>Asesoramiento:\u00a0Dres. Alejandro Hern\u00e1ndez y Graciela Lesino &#8211; INENCO<\/strong><\/span><\/p>\n<p style=\"text-align: justify;\"><img fetchpriority=\"high\" decoding=\"async\" class=\"wp-image-446 alignleft\" src=\"http:\/\/leb.inenco.unsa.edu.ar\/wp-content\/uploads\/2016\/11\/AccesoP.gif\" alt=\"accesop\" width=\"271\" height=\"203\" \/><span style=\"font-family: verdana, geneva, sans-serif; font-size: 10pt;\">La localidad de Susques es la cabecera del Departamento del mismo nombre en la Puna Juje\u00f1a. Con una poblaci\u00f3n aproximada de 3600 habitantes est\u00e1 localizada a 3675 msnm. en el paralelo 23\u00ba26\u00a8 Sur y con longitud 66\u00ba30\u00a8 W.<\/span><\/p>\n<p style=\"text-align: justify;\"><span style=\"font-family: verdana, geneva, sans-serif; font-size: 10pt;\">Hasta la construcci\u00f3n del nuevo hospital inaugurado en el 2008, la atenci\u00f3n sanitaria en el lugar era muy deficitaria, con muchos casos de partos domiciliarios realizados bajo dudosas condiciones de asepsia y altos \u00edndices de mortalidad infantil.<\/span><\/p>\n<p style=\"text-align: justify;\"><span style=\"font-family: verdana, geneva, sans-serif; font-size: 10pt;\">Las caracter\u00edsticas socio-culturales locales obligan, en la mayor\u00eda de los casos, a alojar en el hospital no solo al paciente o a la parturienta sino tambi\u00e9n a todo el grupo familiar que se desplaza en conjunto. En el caso de los partos, estas internaciones preventivas suelen tener una estad\u00eda de hasta dos semanas previas al momento del parto.<\/span><\/p>\n<p style=\"text-align: justify;\"><span style=\"font-family: verdana, geneva, sans-serif; font-size: 10pt;\">Finalmente en el 2004 se inici\u00f3 el proyecto del nuevo hospital, que adem\u00e1s de ser moderno y funcional, ten\u00eda que estar muy bien equipado debido a las condiciones de relativo aislamiento en que desenvolver\u00eda su labor. El proyecto es de los Arqts. Lina Rodriguez y Julio Linares, ambos del Ministerio de Salud Provincial, quienes contaron con el asesoramiento bioclim\u00e1tico del INENCO de la Universidad de Salta, grupo que tiene ya una vasta experiencia en esta tarea con varios edificios y conjuntos construidos bajo similares condiciones de rigurosidad clim\u00e1tica en la Puna Juje\u00f1a y Salte\u00f1a. Participaron del INENCO en esta labor los Dres. Alejandro Hern\u00e1ndez y Graciela Lesino.<\/span><\/p>\n<p style=\"text-align: justify;\"><span style=\"font-family: verdana, geneva, sans-serif; font-size: 10pt;\">Cabe destacar que se trata del primer hospital bioclim\u00e1tico construido en la Argentina. Tiene una superficie de 750m2 y fue financiado conjuntamente por los Gobiernos Nacional y de la Provincia de Jujuy<\/span><\/p>\n<p style=\"text-align: justify;\"><span style=\"font-family: verdana, geneva, sans-serif; font-size: 10pt;\"><b>El clima local<\/b><\/span><\/p>\n<p style=\"text-align: justify;\"><span style=\"font-family: verdana, geneva, sans-serif; font-size: 10pt;\">El clima de la Puna, en la regi\u00f3n andina del noroeste de Argentina, se caracteriza por ser extremadamente fr\u00edo y con bajo contenido de agua en el aire (entre 0.1 y 10g de agua por kg de aire seco a lo largo del a\u00f1o) lo cual genera una diferencia de temperatura exterior de hasta 30\u00b0C entre el mediod\u00eda y la noche.<\/span><\/p>\n<p style=\"text-align: justify;\"><span style=\"font-family: verdana, geneva, sans-serif; font-size: 10pt;\">Esta gran amplitud t\u00e9rmica exterior obliga a incluir materiales de alta densidad (piedra) y aislaci\u00f3n \u00a0t\u00e9rmica en la envolvente edilicia a fin de disminuir la amplitud t\u00e9rmica interior a valores\u00a0aceptables para su habitabilidad y el desarrollo de las actividades del personal del hospital.<\/span><\/p>\n<p style=\"text-align: justify;\"><span style=\"font-family: verdana, geneva, sans-serif; font-size: 10pt;\">Durante el invierno la temperatura ambiente llega a 23\u00b0C bajo cero, con valores medios diarios del orden de\u00a03\u00b0C. A lo largo del a\u00f1o, todas las temperaturas medias mensuales se encuentran por debajo del rango de confort, raz\u00f3n por la cual, se precisa de calefacci\u00f3n auxiliar tanto en invierno como en verano.<\/span><\/p>\n<p style=\"text-align: justify;\"><span style=\"font-family: verdana, geneva, sans-serif; font-size: 10pt;\">Durante el a\u00f1o, s\u00f3lo el 5,2% del tiempo el clima local est\u00e1 dentro del rango de confort mientras que el resto del tiempo se necesita calefacci\u00f3n auxiliar (56,4%) y\/o solar combinada con inercia t\u00e9rmica (38,5%).<\/span><\/p>\n<p style=\"text-align: justify;\"><span style=\"font-family: verdana, geneva, sans-serif; font-size: 10pt;\">Los vientos suelen ser fuertes y polvorientos y el nivel de irradiaci\u00f3n solar es muy alto con valores que alcanzan los 18 MJ\/m2d\u00eda sobre plano horizontal en invierno.<\/span><\/p>\n<p style=\"text-align: justify;\"><span style=\"font-family: verdana, geneva, sans-serif; font-size: 10pt;\"><b>El Programa del Hospital<\/b><\/span><\/p>\n<p style=\"text-align: justify;\"><span style=\"font-family: verdana, geneva, sans-serif; font-size: 10pt;\">El Hospital posee consultorios externos (6 cl\u00ednicos y 1 odontol\u00f3gico) sala de rayos X y laboratorio<\/span><br \/>\n<span style=\"font-family: verdana, geneva, sans-serif; font-size: 10pt;\">de an\u00e1lisis cl\u00ednicos, quir\u00f3fano, sala de partos y 6 habitaciones para internaci\u00f3n con 2 camas c\/u, sala de neonatolog\u00eda, y sector de guardia, adem\u00e1s de farmacia, esperas, sanitarios, sector administrativo, etc. La guardia atiende durante las 24hs. todos los d\u00edas del a\u00f1o.<\/span><\/p>\n<p style=\"text-align: justify;\"><span style=\"font-family: verdana, geneva, sans-serif; font-size: 10pt;\"><b>El Dise\u00f1o de la Envolvente<\/b><\/span><\/p>\n<p style=\"text-align: justify;\"><span class=\"style14\" style=\"font-family: verdana, geneva, sans-serif; font-size: 10pt;\">Debido a lo riguroso del clima y teniendo en cuenta que la localidad no posee red de abastecimiento de gas natural, el dise\u00f1o de la envolvente fue crucial para minimizar el consumo de la energ\u00eda auxiliar empleada parala calefacci\u00f3n. Se emplearon t\u00e9cnicas para:<\/span><\/p>\n<p style=\"text-align: justify;\"><span class=\"style14\" style=\"font-family: verdana, geneva, sans-serif; font-size: 10pt;\">1. Disminuir las p\u00e9rdidas de calor hacia elexterior,<br \/>\n2. Colectar\u00a0radiaci\u00f3n solar con sistemas pasivos y<br \/>\n3. Acumular esta energ\u00eda colectada durante las horas de sol para disponerla durante la noche, disminuyendo as\u00ed el salto t\u00e9rmico diario dentro del edificio.<\/span><\/p>\n<p style=\"text-align: justify;\"><span style=\"font-family: verdana, geneva, sans-serif; font-size: 10pt;\"><img decoding=\"async\" class=\"size-full wp-image-453 alignnone\" src=\"http:\/\/leb.inenco.unsa.edu.ar\/wp-content\/uploads\/2016\/11\/plano.jpg\" alt=\"plano\" width=\"550\" height=\"349\" \/><\/span><\/p>\n<p style=\"text-align: justify;\"><span class=\"style14\" style=\"font-family: verdana, geneva, sans-serif; font-size: 10pt;\">Para la construcci\u00f3n de la envolvente vertical se seleccionaron dos tipos de mamposter\u00eda de acuerdo a la orientaci\u00f3n de las paredes:<\/span><\/p>\n<p style=\"text-align: justify;\"><span style=\"font-family: verdana, geneva, sans-serif; font-size: 10pt;\"><img decoding=\"async\" class=\"size-medium wp-image-450 alignleft\" src=\"http:\/\/leb.inenco.unsa.edu.ar\/wp-content\/uploads\/2016\/11\/detalle_muroP.gif\" alt=\"detalle_murop\" width=\"200\" height=\"267\" \/>&#8221; En la fachada Norte se construyeron muros colectores-acumuladores (sin ventanillas) de 40cm de espesor construido con piedra cuarcita del lugar, que incluye ventanas para ganancia solar directa. Estos muros colectores-acumuladores tienen doble vidriado herm\u00e9tico en su cara exterior y suman una superficie total de 96 m2.<\/span><br \/>\n<span style=\"font-family: verdana, geneva, sans-serif; font-size: 10pt;\">&#8221; En las fachadas Sur, Este y Oeste: se construyeron muros dobles de piedra cuarcita de 40cm de espesor hacia el exterior y otros 40cm de piedra cuarcita hacia el interior, separados por 5cm de poliestireno expandido.<\/span><\/p>\n<p style=\"text-align: justify;\"><span class=\"style14\" style=\"font-family: verdana, geneva, sans-serif; font-size: 10pt;\">Para cada orientaci\u00f3n se diferenciaron los locales de uso diurno de los de uso tambi\u00e9n nocturno.<\/span><\/p>\n<p style=\"text-align: justify;\"><span class=\"style14\" style=\"font-family: verdana, geneva, sans-serif; font-size: 10pt;\"><img loading=\"lazy\" decoding=\"async\" class=\"size-medium wp-image-451 alignright\" src=\"http:\/\/leb.inenco.unsa.edu.ar\/wp-content\/uploads\/2016\/11\/muroP.gif\" alt=\"murop\" width=\"200\" height=\"150\" \/>El calefaccionamiento de los locales de uso diurno incluy\u00f3 colectores solares activos de aire (40,2 m2 de superficie de este tipo de colectores).<\/span><\/p>\n<p style=\"text-align: justify;\"><span style=\"font-family: verdana, geneva, sans-serif; font-size: 10pt;\">Para cada orientaci\u00f3n se diferenciaron los locales de uso diurno de los de uso tambi\u00e9n nocturno. El calefaccionamiento de los locales de uso diurno incluy\u00f3 colectores solares activos de aire (40,2m2 de superficie de este tipo de colectores).<img loading=\"lazy\" decoding=\"async\" class=\"size-medium wp-image-447 alignleft\" src=\"http:\/\/leb.inenco.unsa.edu.ar\/wp-content\/uploads\/2016\/11\/colector_aireP.gif\" alt=\"colector_airep\" width=\"200\" height=\"150\" \/><\/span><\/p>\n<p style=\"text-align: justify;\"><span style=\"font-family: verdana, geneva, sans-serif; font-size: 10pt;\">El empleo del hormig\u00f3n armado en la envolvente se redujo al m\u00ednimo imprescindible debido a las fuertes tensiones que las grandes amplitudes t\u00e9rmicas provocan en este material.<\/span><\/p>\n<p style=\"text-align: justify;\"><span style=\"font-family: verdana, geneva, sans-serif; font-size: 10pt;\">En cambio, si se lo emple\u00f3 como acumulador secundario en todos los contrapisos del hospital. Los pisos tienen aislamiento perimetral de poliestireno expandido.<\/span><\/p>\n<p style=\"text-align: justify;\"><span style=\"font-family: verdana, geneva, sans-serif; font-size: 10pt;\">Las puertas y ventanas son de aluminio con ruptor de puente t\u00e9rmico interior y doble vidrio herm\u00e9tico con c\u00e1mara de aire estanca de 12mm de espesor. Las hojas de abrir tienen doble contacto para minimizar las infiltraciones de aire y todos los accesos incluyen doble puerta a fin de limitar las p\u00e9rdidas de calor por el continuo ingreso y egreso de personas. En total, el edificio posee 23m2 de ventanas en su envolvente para potenciar la colecci\u00f3n solar pasiva<\/span><\/p>\n<p style=\"text-align: justify;\"><span style=\"font-family: verdana, geneva, sans-serif; font-size: 10pt;\"><img loading=\"lazy\" decoding=\"async\" class=\"size-medium wp-image-448 alignright\" src=\"http:\/\/leb.inenco.unsa.edu.ar\/wp-content\/uploads\/2016\/11\/colector_solarP.gif\" alt=\"colector_solarp\" width=\"200\" height=\"150\" \/>El techo est\u00e1 construido con chapas de hierro galvanizado, aisladas t\u00e9rmicamente por debajo con lana de vidrio de 10 cm de espesor para evitar la condensaci\u00f3n nocturna. El cielorraso, construido con paneles de yeso de 1 cm de espesor, est\u00e1 aislado por encima con 10 cm de lana de vidrio, quedando una c\u00e1mara de aire ventilada entre \u00e9l y la cubierta met\u00e1lica para la eliminaci\u00f3n de olores o de humedad provenientes del interior del edificio.<\/span><\/p>\n<p style=\"text-align: justify;\"><span style=\"font-family: verdana, geneva, sans-serif; font-size: 10pt;\"><img loading=\"lazy\" decoding=\"async\" class=\"size-medium wp-image-452 alignleft\" src=\"http:\/\/leb.inenco.unsa.edu.ar\/wp-content\/uploads\/2016\/11\/vista_hospitalP.gif\" alt=\"vista_hospitalp\" width=\"200\" height=\"150\" \/>Todos los lavatorios, duchas e instalaciones de lavado de material hospitalario poseen agua caliente provista por 5 equipos de colectores solares calentadores de agua de 4m2 de \u00e1rea cada uno, con una capacidad de acumulaci\u00f3n de agua caliente de 2000 litros para satisfacer los requerimientos de todo el hospital.<\/span><\/p>\n<p style=\"text-align: justify;\"><span style=\"font-family: verdana, geneva, sans-serif; font-size: 10pt;\"><b>Las simulaciones de funcionamiento<\/b><\/span><\/p>\n<p style=\"text-align: justify;\"><span class=\"style14\" style=\"font-family: verdana, geneva, sans-serif; font-size: 10pt;\">La simulaci\u00f3n del comportamiento t\u00e9rmico del edificio fue realizada con el programa SIMEDIF desarrollado en el INENCO. Los resultados obtenidos indican que los sectores que incluyen en su envolvente muros Trombe presentan valores de temperatura media del orden de 20\u00b0C con una amplitud t\u00e9rmica interior de 3.7\u00b0C, no requiriendo de calefacci\u00f3n auxiliar para su acondicionamiento t\u00e9rmico.<\/span><\/p>\n<p style=\"text-align: justify;\"><span style=\"font-family: verdana, geneva, sans-serif; font-size: 10pt;\">El sector de Neonatolog\u00eda no fue acondicionado mediante colectores solares ya que precisa una temperatura media muy estable del orden de 30\u00b0C, durante todo el a\u00f1o, para la recepci\u00f3n y observaci\u00f3n de los reci\u00e9n nacidos. En este caso es conveniente emplear una bomba de calor para lograr el nivel de temperatura requerido.<\/span><\/p>\n<p style=\"text-align: justify;\"><span style=\"font-family: verdana, geneva, sans-serif; font-size: 10pt;\"><img loading=\"lazy\" decoding=\"async\" class=\"wp-image-449 alignnone\" src=\"http:\/\/leb.inenco.unsa.edu.ar\/wp-content\/uploads\/2016\/11\/Cortecolector.gif\" alt=\"cortecolector\" width=\"445\" height=\"141\" \/><\/span><\/p>\n<p style=\"text-align: justify;\"><span style=\"font-family: verdana, geneva, sans-serif; font-size: 10pt;\">De acuerdo a los resultados de la simulaci\u00f3n, todos los sectores calefaccionados mediante colectores solares activos poseen temperaturas interiores que oscilan, durante las horas de sol, entre 10 y 25\u00b0C, valores que resultan satisfactorios dada la rigurosidad del clima exterior. El sector m\u00e1s fr\u00edo de todo el hospital corresponde a la guardia con temperaturas que no superan los 15\u00b0C, requiriendo calefacci\u00f3n auxiliar durante la noche.<\/span><\/p>\n<p style=\"text-align: justify;\"><span style=\"font-family: verdana, geneva, sans-serif; font-size: 10pt;\">Promediando las temperaturas de todos los locales se obtiene una temperatura media diaria interior, para todo el edificio, de 18oC. Este valor es considerado \u00f3ptimo dado que los habitantes de Susques est\u00e1n acostumbrados a vivir a temperaturas muy bajas durante todo el a\u00f1o. As\u00ed, con el aporte energ\u00e9tico de los colectores solares pasivos y activos, la fracci\u00f3n solar estimada es del 100% en base 18oC y del 90% en base 20oC.<\/span><\/p>\n<p style=\"text-align: justify;\"><span style=\"font-family: verdana, geneva, sans-serif; font-size: 10pt;\">En s\u00edntesis, mediante la incorporaci\u00f3n de aislaci\u00f3n t\u00e9rmica en la envolvente, la construcci\u00f3n de 96m2 de muro Trombe combinados con 23m2 de ganancia directa por ventanas, 20m2 de colectores solares calentadores de agua y 40.2m2 de colectores solares calentadores de aire, se logr\u00f3 un dise\u00f1o de edificio energ\u00e9ticamente eficiente y de menor impacto ambiental que uno convencional, que aprovecha la energ\u00eda del sol y que s\u00f3lo requiere de energ\u00eda auxiliar para calefaccionar los sectores de Guardia y Neonatolog\u00eda, debido a sus requerimientos t\u00e9rmicos espec\u00edficos.<\/span><\/p>\n","protected":false},"excerpt":{"rendered":"<p>Ubicaci\u00f3n: Localidad de Susques &#8211; Ciudad de Jujuy (3675msnm) Dise\u00f1o:\u00a0Arqts. Lina Rodriguez y Julio Linares &#8211; Ministerio de Salud Provincial Asesoramiento:\u00a0Dres. Alejandro Hern\u00e1ndez y Graciela Lesino &#8211; INENCO La localidad de Susques es la cabecera del Departamento del mismo nombre en la Puna Juje\u00f1a. Con una poblaci\u00f3n aproximada de 3600 habitantes est\u00e1 localizada a 3675&hellip;&nbsp;<a href=\"https:\/\/leb.inenco.unsa.edu.ar\/index.php\/en\/buildings\/hospital-de-susques-ciudad-de-jujuy\/\" rel=\"bookmark\">Leer m\u00e1s &raquo;<span class=\"screen-reader-text\">Susques Hospital &#8211; Jujuy<\/span><\/a><\/p>\n","protected":false},"author":2,"featured_media":0,"parent":2361,"menu_order":0,"comment_status":"closed","ping_status":"closed","template":"","meta":{"_eb_attr":"","neve_meta_sidebar":"","neve_meta_container":"","neve_meta_enable_content_width":"","neve_meta_content_width":0,"neve_meta_title_alignment":"","neve_meta_author_avatar":"","neve_post_elements_order":"","neve_meta_disable_header":"","neve_meta_disable_footer":"","neve_meta_disable_title":"","_ti_tpc_template_sync":false,"_ti_tpc_template_id":"","footnotes":""},"class_list":["post-2374","page","type-page","status-publish","hentry"],"_links":{"self":[{"href":"https:\/\/leb.inenco.unsa.edu.ar\/index.php\/wp-json\/wp\/v2\/pages\/2374"}],"collection":[{"href":"https:\/\/leb.inenco.unsa.edu.ar\/index.php\/wp-json\/wp\/v2\/pages"}],"about":[{"href":"https:\/\/leb.inenco.unsa.edu.ar\/index.php\/wp-json\/wp\/v2\/types\/page"}],"author":[{"embeddable":true,"href":"https:\/\/leb.inenco.unsa.edu.ar\/index.php\/wp-json\/wp\/v2\/users\/2"}],"replies":[{"embeddable":true,"href":"https:\/\/leb.inenco.unsa.edu.ar\/index.php\/wp-json\/wp\/v2\/comments?post=2374"}],"version-history":[{"count":3,"href":"https:\/\/leb.inenco.unsa.edu.ar\/index.php\/wp-json\/wp\/v2\/pages\/2374\/revisions"}],"predecessor-version":[{"id":2490,"href":"https:\/\/leb.inenco.unsa.edu.ar\/index.php\/wp-json\/wp\/v2\/pages\/2374\/revisions\/2490"}],"up":[{"embeddable":true,"href":"https:\/\/leb.inenco.unsa.edu.ar\/index.php\/wp-json\/wp\/v2\/pages\/2361"}],"wp:attachment":[{"href":"https:\/\/leb.inenco.unsa.edu.ar\/index.php\/wp-json\/wp\/v2\/media?parent=2374"}],"curies":[{"name":"wp","href":"https:\/\/api.w.org\/{rel}","templated":true}]}}