{"id":2401,"date":"2018-12-11T11:30:23","date_gmt":"2018-12-11T14:30:23","guid":{"rendered":"http:\/\/leb.inenco.unsa.edu.ar\/?page_id=2401"},"modified":"2020-06-30T10:34:47","modified_gmt":"2020-06-30T13:34:47","slug":"proyectos-2","status":"publish","type":"page","link":"https:\/\/leb.inenco.unsa.edu.ar\/index.php\/en\/proyectos-2\/","title":{"rendered":"RESEARCH PROJECTS"},"content":{"rendered":"<table style=\"border-collapse: collapse; border-spacing: 0;\">\n<tbody>\n<tr>\n<th style=\"font-family: Arial, sans-serif; font-size: 14px; font-weight: bold; padding: 10px 5px; border-style: solid; border-width: 1px; overflow: hidden; word-break: normal;\">PROJECT NAME<\/th>\n<th style=\"font-family: Arial, sans-serif; font-size: 14px; font-weight: bold; padding: 10px 5px; border-style: solid; border-width: 1px; overflow: hidden; word-break: normal;\">DIRECTOR<\/th>\n<th style=\"font-family: Arial, sans-serif; font-size: 14px; font-weight: bold; padding: 10px 5px; border-style: solid; border-width: 1px; overflow: hidden; word-break: normal;\">PERIOD<\/th>\n<\/tr>\n<tr>\n<td style=\"font-family: Arial, sans-serif; font-size: 14px; padding: 10px 5px; border-style: solid; border-width: 1px; overflow: hidden; word-break: normal; vertical-align: top;\">Eficiencia Energ\u00e9tica de la envolvente urbano-edilicia. Valoraci\u00f3n termo-lum\u00ednica de materiales y componentes<\/td>\n<td style=\"font-family: Arial, sans-serif; font-size: 14px; padding: 10px 5px; border-style: solid; border-width: 1px; overflow: hidden; word-break: normal; vertical-align: top;\">Dra. Noelia Alchapar<\/td>\n<td style=\"font-family: Arial, sans-serif; font-size: 14px; padding: 10px 5px; border-style: solid; border-width: 1px; overflow: hidden; word-break: normal; vertical-align: top;\">2020-2023<\/td>\n<\/tr>\n<tr>\n<td style=\"font-family: Arial, sans-serif; font-size: 14px; padding: 10px 5px; border-style: solid; border-width: 1px; overflow: hidden; word-break: normal; vertical-align: top;\">Modelaci\u00f3n y experimentaci\u00f3n de sistemas de refrescamiento por acumulaci\u00f3n estructural orientados a mejorar la eficiencia energ\u00e9tica en edificios<\/td>\n<td style=\"font-family: Arial, sans-serif; font-size: 14px; padding: 10px 5px; border-style: solid; border-width: 1px; overflow: hidden; word-break: normal; vertical-align: top;\">Dr. Marcos Hongn<\/td>\n<td style=\"font-family: Arial, sans-serif; font-size: 14px; padding: 10px 5px; border-style: solid; border-width: 1px; overflow: hidden; word-break: normal; vertical-align: top;\">2020-2022<\/td>\n<\/tr>\n<tr>\n<td style=\"font-family: Arial, sans-serif; font-size: 14px; padding: 10px 5px; border-style: solid; border-width: 1px; overflow: hidden; word-break: normal; vertical-align: top;\">Efectos Esta\u0301ticos y Dina\u0301micos del Viento sobre Paneles Fotovoltaicos y sus Estructuras de Soporte en Parques Solares<\/td>\n<td style=\"font-family: Arial, sans-serif; font-size: 14px; padding: 10px 5px; border-style: solid; border-width: 1px; overflow: hidden; word-break: normal; vertical-align: top;\">Marcelo F. Valdez<\/td>\n<td style=\"font-family: Arial, sans-serif; font-size: 14px; padding: 10px 5px; border-style: solid; border-width: 1px; overflow: hidden; word-break: normal; vertical-align: top;\">2019-2021<\/td>\n<\/tr>\n<tr>\n<td style=\"font-family: Arial, sans-serif; font-size: 14px; padding: 10px 5px; border-style: solid; border-width: 1px; overflow: hidden; word-break: normal; vertical-align: top;\">Inclusi\u00f3n de material vegetal en el dise\u00f1o de edificios energ\u00e9ticamente eficientes<\/td>\n<td style=\"font-family: Arial, sans-serif; font-size: 14px; padding: 10px 5px; border-style: solid; border-width: 1px; overflow: hidden; word-break: normal; vertical-align: top;\">Dra. Silvana Flores Larsen<\/td>\n<td style=\"font-family: Arial, sans-serif; font-size: 14px; padding: 10px 5px; border-style: solid; border-width: 1px; overflow: hidden; word-break: normal; vertical-align: top;\">2019-2022<\/td>\n<\/tr>\n<tr>\n<td style=\"font-family: Arial, sans-serif; font-size: 14px; padding: 10px 5px; border-style: solid; border-width: 1px; overflow: hidden; word-break: normal; vertical-align: top;\">Modelaci\u00f3n y experimentaci\u00f3n de sistemas de refrescamiento por acumulaci\u00f3n estructural orientados a mejorar la eficiencia energ\u00e9tica en edificios<\/td>\n<td style=\"font-family: Arial, sans-serif; font-size: 14px; padding: 10px 5px; border-style: solid; border-width: 1px; overflow: hidden; word-break: normal; vertical-align: top;\">Dr. Marcos Hongn<\/td>\n<td style=\"font-family: Arial, sans-serif; font-size: 14px; padding: 10px 5px; border-style: solid; border-width: 1px; overflow: hidden; word-break: normal; vertical-align: top;\">2019-2020<\/td>\n<\/tr>\n<tr>\n<td style=\"font-family: Arial, sans-serif; font-size: 14px; padding: 10px 5px; border-style: solid; border-width: 1px; overflow: hidden; word-break: normal; vertical-align: top;\"><a href=\"http:\/\/leb.inenco.unsa.edu.ar\/index.php\/es\/2016\/07\/12\/energy-independent-low-energy-buildings-in-rural-regions\/\">Energy Independent Low Energy Buildings in Rural Regions<\/a><\/td>\n<td style=\"font-family: Arial, sans-serif; font-size: 14px; padding: 10px 5px; border-style: solid; border-width: 1px; overflow: hidden; word-break: normal; vertical-align: top;\">Dra. Silvana Flores Larsen<\/td>\n<td style=\"font-family: Arial, sans-serif; font-size: 14px; padding: 10px 5px; border-style: solid; border-width: 1px; overflow: hidden; word-break: normal; vertical-align: top;\">2015-2017<\/td>\n<\/tr>\n<tr>\n<td style=\"font-family: Arial, sans-serif; font-size: 14px; padding: 10px 5px; border-style: solid; border-width: 1px; overflow: hidden; word-break: normal; vertical-align: top;\"><a href=\"http:\/\/leb.inenco.unsa.edu.ar\/index.php\/es\/2016\/07\/12\/disminucion-de-las-cargas-de-enfriamiento-a-traves-del-uso-de-cobserturas-vegetales-en-fachadas-para-edificios-en-climas-aridos\/\">Disminuci\u00f3n de las cargas de enfriamiento a trav\u00e9s del uso de coberturas vegetales en fachadas para edificios en climas \u00e1ridos<\/a><\/td>\n<td style=\"font-family: Arial, sans-serif; font-size: 14px; padding: 10px 5px; border-style: solid; border-width: 1px; overflow: hidden; word-break: normal; vertical-align: top;\">Dra. Silvana Flores Larsen<\/td>\n<td style=\"font-family: Arial, sans-serif; font-size: 14px; padding: 10px 5px; border-style: solid; border-width: 1px; overflow: hidden; word-break: normal; vertical-align: top;\">2014<\/td>\n<\/tr>\n<tr>\n<td style=\"font-family: Arial, sans-serif; font-size: 14px; padding: 10px 5px; border-style: solid; border-width: 1px; overflow: hidden; word-break: normal;\">Energ\u00edas Renovables y eficiencia energ\u00e9tica en construcciones para la propagaci\u00f3n ag\u00e1mica de plantas<\/td>\n<td style=\"font-family: Arial, sans-serif; font-size: 14px; padding: 10px 5px; border-style: solid; border-width: 1px; overflow: hidden; word-break: normal;\">Dra. Graciela Lesino<\/td>\n<td style=\"font-family: Arial, sans-serif; font-size: 14px; padding: 10px 5px; border-style: solid; border-width: 1px; overflow: hidden; word-break: normal;\">2008-2011<\/td>\n<\/tr>\n<tr>\n<td style=\"font-family: Arial, sans-serif; font-size: 14px; padding: 10px 5px; border-style: solid; border-width: 1px; overflow: hidden; word-break: normal; vertical-align: top;\"><a href=\"http:\/\/leb.inenco.unsa.edu.ar\/index.php\/es\/2016\/07\/12\/reduccion-del-consumo-de-energia-convencional-a-traves-del-acondicionamiento-de-edificios-residenciales-y-agroindustriales-con-energia-solar\/\">Reducci\u00f3n del consumo de energ\u00eda convencional a trav\u00e9s del acondicionamiento de edificios residenciales y agroindustriales con energ\u00eda solar<\/a><\/td>\n<td style=\"font-family: Arial, sans-serif; font-size: 14px; padding: 10px 5px; border-style: solid; border-width: 1px; overflow: hidden; word-break: normal; vertical-align: top;\">Dra. Silvana Flores Larsen<\/td>\n<td style=\"font-family: Arial, sans-serif; font-size: 14px; padding: 10px 5px; border-style: solid; border-width: 1px; overflow: hidden; word-break: normal; vertical-align: top;\">2008-2011<\/td>\n<\/tr>\n<tr>\n<td style=\"font-family: Arial, sans-serif; font-size: 14px; padding: 10px 5px; border-style: solid; border-width: 1px; overflow: hidden; word-break: normal; vertical-align: top;\">Sistema solar h\u00edbrido de generaci\u00f3n de aire caliente para la reducci\u00f3n del consumo energ\u00e9tico en la agroindustria y en viviendas<\/td>\n<td style=\"font-family: Arial, sans-serif; font-size: 14px; padding: 10px 5px; border-style: solid; border-width: 1px; overflow: hidden; word-break: normal; vertical-align: top;\">Dra. Silvana Flores Larsen<\/td>\n<td style=\"font-family: Arial, sans-serif; font-size: 14px; padding: 10px 5px; border-style: solid; border-width: 1px; overflow: hidden; word-break: normal; vertical-align: top;\">2008-2010<\/td>\n<\/tr>\n<tr>\n<td style=\"font-family: Arial, sans-serif; font-size: 14px; padding: 10px 5px; border-style: solid; border-width: 1px; overflow: hidden; word-break: normal; vertical-align: top;\">Centro Termal, Interpretativo, Recreativo y Social en Termas de Pompeya<\/td>\n<td style=\"font-family: Arial, sans-serif; font-size: 14px; padding: 10px 5px; border-style: solid; border-width: 1px; overflow: hidden; word-break: normal; vertical-align: top;\"><\/td>\n<td style=\"font-family: Arial, sans-serif; font-size: 14px; padding: 10px 5px; border-style: solid; border-width: 1px; overflow: hidden; word-break: normal; vertical-align: top;\">2010<\/td>\n<\/tr>\n<tr>\n<td style=\"font-family: Arial, sans-serif; font-size: 14px; padding: 10px 5px; border-style: solid; border-width: 1px; overflow: hidden; word-break: normal;\"><a href=\"http:\/\/leb.inenco.unsa.edu.ar\/index.php\/es\/2016\/07\/12\/estrategias-de-ahorro-energetico-y-sustitucion-de-energia-convencional-por-energias-renovables-en-construcciones\/\">Estrategias de ahorro energ\u00e9tico y sustituci\u00f3n de energ\u00eda convencional por energ\u00edas renovables en construcciones<\/a><\/td>\n<td style=\"font-family: Arial, sans-serif; font-size: 14px; padding: 10px 5px; border-style: solid; border-width: 1px; overflow: hidden; word-break: normal;\">Dra. Silvana Flores Larsen<\/td>\n<td style=\"font-family: Arial, sans-serif; font-size: 14px; padding: 10px 5px; border-style: solid; border-width: 1px; overflow: hidden; word-break: normal;\">2009<\/td>\n<\/tr>\n<tr>\n<td style=\"font-family: Arial, sans-serif; font-size: 14px; padding: 10px 5px; border-style: solid; border-width: 1px; overflow: hidden; word-break: normal;\"><a href=\"http:\/\/leb.inenco.unsa.edu.ar\/index.php\/es\/2016\/07\/12\/estudio-de-envolventes-edilicias-mediante-simulacion-computacional-y-termografia-infrarroja-para-maximizar-el-ahorro-energetico\/\">Estudio de envolventes edilicias mediante simulaci\u00f3n computacional y termograf\u00eda infrarroja para maximizar el ahorro energ\u00e9tico<\/a><\/td>\n<td style=\"font-family: Arial, sans-serif; font-size: 14px; padding: 10px 5px; border-style: solid; border-width: 1px; overflow: hidden; word-break: normal;\">Dra. Silvana Flores Larsen<\/td>\n<td style=\"font-family: Arial, sans-serif; font-size: 14px; padding: 10px 5px; border-style: solid; border-width: 1px; overflow: hidden; word-break: normal;\"><\/td>\n<\/tr>\n<tr>\n<td style=\"font-family: Arial, sans-serif; font-size: 14px; padding: 10px 5px; border-style: solid; border-width: 1px; overflow: hidden; word-break: normal; vertical-align: top;\"><a href=\"http:\/\/leb.inenco.unsa.edu.ar\/index.php\/es\/2016\/07\/12\/diseno-y-optimizacion-de-camaras-para-produccion-vegetal\/\">Dise\u00f1o y optimizaci\u00f3n de c\u00e1maras para producci\u00f3n vegetal<\/a><\/td>\n<td style=\"font-family: Arial, sans-serif; font-size: 14px; padding: 10px 5px; border-style: solid; border-width: 1px; overflow: hidden; word-break: normal; vertical-align: top;\">Dra. Silvana Flores Larsen<\/td>\n<td style=\"font-family: Arial, sans-serif; font-size: 14px; padding: 10px 5px; border-style: solid; border-width: 1px; overflow: hidden; word-break: normal; vertical-align: top;\">2005-2007<\/td>\n<\/tr>\n<tr>\n<td style=\"font-family: Arial, sans-serif; font-size: 14px; padding: 10px 5px; border-style: solid; border-width: 1px; overflow: hidden; word-break: normal; vertical-align: top;\">Sistema de automatizaci\u00f3n para viviendas con estrategias solares de dise\u00f1o<\/td>\n<td style=\"font-family: Arial, sans-serif; font-size: 14px; padding: 10px 5px; border-style: solid; border-width: 1px; overflow: hidden; word-break: normal; vertical-align: top;\">Dra. Silvana Flores Larsen<\/td>\n<td style=\"font-family: Arial, sans-serif; font-size: 14px; padding: 10px 5px; border-style: solid; border-width: 1px; overflow: hidden; word-break: normal; vertical-align: top;\">2003-2004<\/td>\n<\/tr>\n<tr>\n<td style=\"font-family: Arial, sans-serif; font-size: 14px; padding: 10px 5px; border-style: solid; border-width: 1px; overflow: hidden; word-break: normal; vertical-align: top;\">Dise\u00f1o de envolventes de construcciones bioclim\u00e1ticas adecuadas para diferentes requerimientos higrot\u00e9rmicos y lum\u00ednicos<\/td>\n<td style=\"font-family: Arial, sans-serif; font-size: 14px; padding: 10px 5px; border-style: solid; border-width: 1px; overflow: hidden; word-break: normal; vertical-align: top;\">Dra. Graciela Lesino<\/td>\n<td style=\"font-family: Arial, sans-serif; font-size: 14px; padding: 10px 5px; border-style: solid; border-width: 1px; overflow: hidden; word-break: normal; vertical-align: top;\">2002-2004<\/td>\n<\/tr>\n<tr>\n<td style=\"font-family: Arial, sans-serif; font-size: 14px; padding: 10px 5px; border-style: solid; border-width: 1px; overflow: hidden; word-break: normal; vertical-align: top;\">Dise\u00f1o de envolventes de construcciones bioclim\u00e1ticas adecuadas para diferentes requerimientos higrot\u00e9rmicos y lum\u00ednicos<\/td>\n<td style=\"font-family: Arial, sans-serif; font-size: 14px; padding: 10px 5px; border-style: solid; border-width: 1px; overflow: hidden; word-break: normal; vertical-align: top;\">Dra. Silvana Flores Larsen<\/td>\n<td style=\"font-family: Arial, sans-serif; font-size: 14px; padding: 10px 5px; border-style: solid; border-width: 1px; overflow: hidden; word-break: normal; vertical-align: top;\">2002-2006<\/td>\n<\/tr>\n<tr>\n<td style=\"font-family: Arial, sans-serif; font-size: 14px; padding: 10px 5px; border-style: solid; border-width: 1px; overflow: hidden; word-break: normal; vertical-align: top;\">Sistemas pasivos e h\u00edbridos de refrescamiento<\/td>\n<td style=\"font-family: Arial, sans-serif; font-size: 14px; padding: 10px 5px; border-style: solid; border-width: 1px; overflow: hidden; word-break: normal; vertical-align: top;\">Dra. Graciela Lesino<\/td>\n<td style=\"font-family: Arial, sans-serif; font-size: 14px; padding: 10px 5px; border-style: solid; border-width: 1px; overflow: hidden; word-break: normal; vertical-align: top;\">1999-2001<\/td>\n<\/tr>\n<tr>\n<td style=\"font-family: Arial, sans-serif; font-size: 14px; padding: 10px 5px; border-style: solid; border-width: 1px; overflow: hidden; word-break: normal; vertical-align: top;\">Sistemas pasivos e h\u00edbridos de refrescamiento<\/td>\n<td style=\"font-family: Arial, sans-serif; font-size: 14px; padding: 10px 5px; border-style: solid; border-width: 1px; overflow: hidden; word-break: normal; vertical-align: top;\"><\/td>\n<td style=\"font-family: Arial, sans-serif; font-size: 14px; padding: 10px 5px; border-style: solid; border-width: 1px; overflow: hidden; word-break: normal; vertical-align: top;\">1998-2000<\/td>\n<\/tr>\n<tr>\n<td style=\"font-family: Arial, sans-serif; font-size: 14px; padding: 10px 5px; border-style: solid; border-width: 1px; overflow: hidden; word-break: normal; vertical-align: top;\">Desarrollo de invern\u00e1culos con acondicionamiento t\u00e9rmico de invierno y verano mediante energ\u00edas renovables para la producci\u00f3n agr\u00edcola intensiva<\/td>\n<td style=\"font-family: Arial, sans-serif; font-size: 14px; padding: 10px 5px; border-style: solid; border-width: 1px; overflow: hidden; word-break: normal; vertical-align: top;\">Dr. Luis Saravia<\/td>\n<td style=\"font-family: Arial, sans-serif; font-size: 14px; padding: 10px 5px; border-style: solid; border-width: 1px; overflow: hidden; word-break: normal; vertical-align: top;\">1996-1998<\/td>\n<\/tr>\n<tr>\n<td style=\"font-family: Arial, sans-serif; font-size: 14px; padding: 10px 5px; border-style: solid; border-width: 1px; overflow: hidden; word-break: normal; vertical-align: top;\">Ensayo y certificaci\u00f3n de equipos solares t\u00e9rmicos y edificios bioclim\u00e1ticos<\/td>\n<td style=\"font-family: Arial, sans-serif; font-size: 14px; padding: 10px 5px; border-style: solid; border-width: 1px; overflow: hidden; word-break: normal; vertical-align: top;\">Dra. Graciela Lesino<\/td>\n<td style=\"font-family: Arial, sans-serif; font-size: 14px; padding: 10px 5px; border-style: solid; border-width: 1px; overflow: hidden; word-break: normal; vertical-align: top;\"><\/td>\n<\/tr>\n<\/tbody>\n<\/table>\n<p>&nbsp;<\/p>\n","protected":false},"excerpt":{"rendered":"<p>PROJECT NAME DIRECTOR PERIOD Eficiencia Energ\u00e9tica de la envolvente urbano-edilicia. Valoraci\u00f3n termo-lum\u00ednica de materiales y componentes Dra. Noelia Alchapar 2020-2023 Modelaci\u00f3n y experimentaci\u00f3n de sistemas de refrescamiento por acumulaci\u00f3n estructural orientados a mejorar la eficiencia energ\u00e9tica en edificios Dr. Marcos Hongn 2020-2022 Efectos Esta\u0301ticos y Dina\u0301micos del Viento sobre Paneles Fotovoltaicos y sus Estructuras de&hellip;&nbsp;<a href=\"https:\/\/leb.inenco.unsa.edu.ar\/index.php\/en\/proyectos-2\/\" rel=\"bookmark\">Leer m\u00e1s &raquo;<span class=\"screen-reader-text\">RESEARCH PROJECTS<\/span><\/a><\/p>\n","protected":false},"author":2,"featured_media":0,"parent":0,"menu_order":0,"comment_status":"closed","ping_status":"closed","template":"","meta":{"_eb_attr":"","neve_meta_sidebar":"","neve_meta_container":"","neve_meta_enable_content_width":"","neve_meta_content_width":0,"neve_meta_title_alignment":"","neve_meta_author_avatar":"","neve_post_elements_order":"","neve_meta_disable_header":"","neve_meta_disable_footer":"","neve_meta_disable_title":"","_ti_tpc_template_sync":false,"_ti_tpc_template_id":"","footnotes":""},"class_list":["post-2401","page","type-page","status-publish","hentry"],"_links":{"self":[{"href":"https:\/\/leb.inenco.unsa.edu.ar\/index.php\/wp-json\/wp\/v2\/pages\/2401"}],"collection":[{"href":"https:\/\/leb.inenco.unsa.edu.ar\/index.php\/wp-json\/wp\/v2\/pages"}],"about":[{"href":"https:\/\/leb.inenco.unsa.edu.ar\/index.php\/wp-json\/wp\/v2\/types\/page"}],"author":[{"embeddable":true,"href":"https:\/\/leb.inenco.unsa.edu.ar\/index.php\/wp-json\/wp\/v2\/users\/2"}],"replies":[{"embeddable":true,"href":"https:\/\/leb.inenco.unsa.edu.ar\/index.php\/wp-json\/wp\/v2\/comments?post=2401"}],"version-history":[{"count":13,"href":"https:\/\/leb.inenco.unsa.edu.ar\/index.php\/wp-json\/wp\/v2\/pages\/2401\/revisions"}],"predecessor-version":[{"id":3044,"href":"https:\/\/leb.inenco.unsa.edu.ar\/index.php\/wp-json\/wp\/v2\/pages\/2401\/revisions\/3044"}],"wp:attachment":[{"href":"https:\/\/leb.inenco.unsa.edu.ar\/index.php\/wp-json\/wp\/v2\/media?parent=2401"}],"curies":[{"name":"wp","href":"https:\/\/api.w.org\/{rel}","templated":true}]}}