{"id":2514,"date":"2018-12-17T12:25:41","date_gmt":"2018-12-17T15:25:41","guid":{"rendered":"http:\/\/leb.inenco.unsa.edu.ar\/?page_id=2514"},"modified":"2020-06-30T10:04:37","modified_gmt":"2020-06-30T13:04:37","slug":"articles-in-national-journals","status":"publish","type":"page","link":"https:\/\/leb.inenco.unsa.edu.ar\/index.php\/en\/publicaciones-2\/articles-in-national-journals\/","title":{"rendered":"Articles in National Journals"},"content":{"rendered":"<table style=\"border-collapse: collapse; border-spacing: 0px; border-color: #cccccc; width: 625px;\">\n<tbody>\n<tr>\n<th style=\"font-size: 14px; font-weight: normal; padding: 10px 5px; overflow: hidden; word-break: normal; color: #333333; background-color: #f0f0f0; border: 1px solid #cccccc; font-family: Verdana, Geneva, sans-serif !important; width: 401px;\">TITLE<\/th>\n<th style=\"font-size: 14px; font-weight: normal; padding: 10px 5px; overflow: hidden; word-break: normal; color: #333333; background-color: #f0f0f0; border: 1px solid #cccccc; font-family: Verdana, Geneva, sans-serif !important; width: 152px;\">AUTHORS<\/th>\n<th style=\"font-size: 14px; font-weight: normal; padding: 10px 5px; overflow: hidden; word-break: normal; color: #333333; background-color: #f0f0f0; border: 1px solid #cccccc; font-family: Verdana, Geneva, sans-serif !important; width: 38px;\">DATE<\/th>\n<\/tr>\n<tr>\n<td style=\"font-size: 14px; padding: 10px 5px; overflow: hidden; word-break: normal; color: #333333; background-color: #ffffff; border: 1px solid #cccccc; font-family: Verdana, Geneva, sans-serif !important; width: 401px;\">Estudio Aerodin\u00e1mico y Determinaci\u00f3n de Cargas de Viento en Paneles Fotovoltaicos de Granjas Solares<\/td>\n<td style=\"font-size: 14px; padding: 10px 5px; overflow: hidden; word-break: normal; color: #333333; background-color: #ffffff; border: 1px solid #cccccc; font-family: Verdana, Geneva, sans-serif !important; width: 152px;\">Valdez, M. F., Preidikman, S., y Flores Larsen, S.<\/td>\n<td style=\"font-size: 14px; padding: 10px 5px; overflow: hidden; word-break: normal; color: #333333; background-color: #ffffff; border: 1px solid #cccccc; font-family: Verdana, Geneva, sans-serif !important; width: 38px;\">2019<\/td>\n<\/tr>\n<tr>\n<td style=\"font-size: 14px; padding: 10px 5px; overflow: hidden; word-break: normal; color: #333333; background-color: #ffffff; border: 1px solid #cccccc; font-family: Verdana, Geneva, sans-serif !important; width: 401px;\">Aerodin\u00e1mica de Perfiles con M\u00fatiples Superficies de Control de Flujo<\/td>\n<td style=\"font-size: 14px; padding: 10px 5px; overflow: hidden; word-break: normal; color: #333333; background-color: #ffffff; border: 1px solid #cccccc; font-family: Verdana, Geneva, sans-serif !important; width: 152px;\">Valdez, M. F., Preidikman, S., y Flores Larsen, S.<\/td>\n<td style=\"font-size: 14px; padding: 10px 5px; overflow: hidden; word-break: normal; color: #333333; background-color: #ffffff; border: 1px solid #cccccc; font-family: Verdana, Geneva, sans-serif !important; width: 38px;\">2018<\/td>\n<\/tr>\n<tr>\n<td style=\"font-size: 14px; padding: 10px 5px; overflow: hidden; word-break: normal; color: #333333; background-color: #ffffff; border: 1px solid #cccccc; font-family: Verdana, Geneva, sans-serif !important; width: 401px;\">Simulaci\u00f3n computacional del comportamiento t\u00e9rmico de una vivienda social en Salta Capital<\/td>\n<td style=\"font-size: 14px; padding: 10px 5px; overflow: hidden; word-break: normal; color: #333333; background-color: #ffffff; border: 1px solid #cccccc; font-family: Verdana, Geneva, sans-serif !important; width: 152px;\">Rizzarello F., Hongn M., Gea M.<\/td>\n<td style=\"font-size: 14px; padding: 10px 5px; overflow: hidden; word-break: normal; color: #333333; background-color: #ffffff; border: 1px solid #cccccc; font-family: Verdana, Geneva, sans-serif !important; width: 38px;\">2018<\/td>\n<\/tr>\n<tr>\n<td style=\"font-size: 14px; padding: 10px 5px; overflow: hidden; word-break: normal; color: #333333; background-color: #ffffff; border: 1px solid #cccccc; font-family: Verdana, Geneva, sans-serif !important; width: 401px;\">Estudio Aerodin\u00e1mico y Determinaci\u00f3n de Cargas de Viento en Sistemas de Generaci\u00f3n de Energ\u00eda Solar<\/td>\n<td style=\"font-size: 14px; padding: 10px 5px; overflow: hidden; word-break: normal; color: #333333; background-color: #ffffff; border: 1px solid #cccccc; font-family: Verdana, Geneva, sans-serif !important; width: 152px;\">Valdez, M. F., Preidikman, S., y Flores Larsen, S.<\/td>\n<td style=\"font-size: 14px; padding: 10px 5px; overflow: hidden; word-break: normal; color: #333333; background-color: #ffffff; border: 1px solid #cccccc; font-family: Verdana, Geneva, sans-serif !important; width: 38px;\">2018<\/td>\n<\/tr>\n<tr>\n<td style=\"font-size: 14px; padding: 10px 5px; overflow: hidden; word-break: normal; color: #333333; background-color: #ffffff; border: 1px solid #cccccc; font-family: Verdana, Geneva, sans-serif !important; width: 401px;\">Integraci\u00f3n del proceso del dise\u00f1o y construcci\u00f3n de un edificio bioclim\u00e1tico para el INTA-Guatrach\u00e9. Monitoreo, performance energ\u00e9tica y relocalizaci\u00f3n<\/td>\n<td style=\"font-size: 14px; padding: 10px 5px; overflow: hidden; word-break: normal; color: #333333; background-color: #ffffff; border: 1px solid #cccccc; font-family: Verdana, Geneva, sans-serif !important; width: 152px;\">FILIPP\u00cdN C., MAREK L., FLORES LARSEN S.<\/td>\n<td style=\"font-size: 14px; padding: 10px 5px; overflow: hidden; word-break: normal; color: #333333; background-color: #ffffff; border: 1px solid #cccccc; font-family: Verdana, Geneva, sans-serif !important; width: 38px;\">2017<\/td>\n<\/tr>\n<tr>\n<td style=\"font-size: 14px; padding: 10px 5px; overflow: hidden; word-break: normal; color: #333333; background-color: #ffffff; border: 1px solid #cccccc; font-family: Verdana, Geneva, sans-serif !important; width: 401px;\">An\u00e1lisis Aerodin\u00e1mico de Perfiles con M\u00faltiples Superficies para Control y Redirecci\u00f3n de Flujo<\/td>\n<td style=\"font-size: 14px; padding: 10px 5px; overflow: hidden; word-break: normal; color: #333333; background-color: #ffffff; border: 1px solid #cccccc; font-family: Verdana, Geneva, sans-serif !important; width: 152px;\">Valdez, M. F., Preidikman, S., y Flores Larsen, S.<\/td>\n<td style=\"font-size: 14px; padding: 10px 5px; overflow: hidden; word-break: normal; color: #333333; background-color: #ffffff; border: 1px solid #cccccc; font-family: Verdana, Geneva, sans-serif !important; width: 38px;\">2017<\/td>\n<\/tr>\n<tr>\n<td style=\"font-size: 14px; padding: 10px 5px; overflow: hidden; word-break: normal; color: #333333; background-color: #ffffff; border: 1px solid #cccccc; font-family: Verdana, Geneva, sans-serif !important; width: 401px;\">Impacto potencial del cambio clim\u00e1tico en una escuela solar en Argentina<\/td>\n<td style=\"font-size: 14px; padding: 10px 5px; overflow: hidden; word-break: normal; color: #333333; background-color: #ffffff; border: 1px solid #cccccc; font-family: Verdana, Geneva, sans-serif !important; width: 152px;\">MAZZOCO M.P., FILIPP\u00cdN C., FLORES LARSEN S.<\/td>\n<td style=\"font-size: 14px; padding: 10px 5px; overflow: hidden; word-break: normal; color: #333333; background-color: #ffffff; border: 1px solid #cccccc; font-family: Verdana, Geneva, sans-serif !important; width: 38px;\">2017<\/td>\n<\/tr>\n<tr>\n<td style=\"font-size: 14px; padding: 10px 5px; overflow: hidden; word-break: normal; color: #333333; background-color: #ffffff; border: 1px solid #cccccc; font-family: Verdana, Geneva, sans-serif !important; width: 401px;\"><a href=\"http:\/\/leb.inenco.unsa.edu.ar\/index.php\/es\/2016\/08\/01\/analisis-del-ciclo-de-vida-de-una-vivienda-auditada-en-condiciones-reales-de-uso-en-la-region-central-de-argentina\/\">An\u00e1lisis del ciclo de vida de una vivienda auditada en condiciones reales de uso en la regi\u00f3n central de Argentina.<\/a><\/td>\n<td style=\"font-size: 14px; padding: 10px 5px; overflow: hidden; word-break: normal; color: #333333; background-color: #ffffff; border: 1px solid #cccccc; font-family: Verdana, Geneva, sans-serif !important; width: 152px;\">Filipp\u00edn C., Sipowicz E., Flores Larsen S.<\/td>\n<td style=\"font-size: 14px; padding: 10px 5px; overflow: hidden; word-break: normal; color: #333333; background-color: #ffffff; border: 1px solid #cccccc; font-family: Verdana, Geneva, sans-serif !important; width: 38px;\">2015<\/td>\n<\/tr>\n<tr>\n<td style=\"font-size: 14px; padding: 10px 5px; overflow: hidden; word-break: normal; color: #333333; background-color: #ffffff; border: 1px solid #cccccc; font-family: Verdana, Geneva, sans-serif !important; width: 401px;\"><a href=\"http:\/\/leb.inenco.unsa.edu.ar\/index.php\/es\/2016\/08\/01\/las-cargas-de-calefaccion-y-el-dimensionamiento-de-colectores-solares-de-aire-efectos-de-la-variabilidad-horaria-en-el-sobrecalentamiento-interior\/\">Las cargas de calefacci\u00f3n y el dimensionamiento de colectores solares de aire: efectos de la variabilidad horaria en el sobrecalentamiento interior<\/a><\/td>\n<td style=\"font-size: 14px; padding: 10px 5px; overflow: hidden; word-break: normal; color: #333333; background-color: #ffffff; border: 1px solid #cccccc; font-family: Verdana, Geneva, sans-serif !important; width: 152px;\">Flores Larsen S., Hern\u00e1ndez A., Gonz\u00e1lez S., Qui\u00f1onez J.<\/td>\n<td style=\"font-size: 14px; padding: 10px 5px; overflow: hidden; word-break: normal; color: #333333; background-color: #ffffff; border: 1px solid #cccccc; font-family: Verdana, Geneva, sans-serif !important; width: 38px;\">2013<\/td>\n<\/tr>\n<tr>\n<td style=\"font-size: 14px; padding: 10px 5px; overflow: hidden; word-break: normal; color: #333333; background-color: #ffffff; border: 1px solid #cccccc; font-family: Verdana, Geneva, sans-serif !important; width: 401px;\"><a href=\"http:\/\/leb.inenco.unsa.edu.ar\/index.php\/es\/2016\/08\/01\/sistema-de-calefaccion-radiante-solar-pasivo-diseno-construccion-de-un-prototipo-y-obtencion-de-resultados\/\">Sistema de calefacci\u00f3n radiante solar pasivo. Dise\u00f1o, construcci\u00f3n de un prototipo y obtenci\u00f3n de resultados<\/a><\/td>\n<td style=\"font-size: 14px; padding: 10px 5px; overflow: hidden; word-break: normal; color: #333333; background-color: #ffffff; border: 1px solid #cccccc; font-family: Verdana, Geneva, sans-serif !important; width: 152px;\">Mercado V., Esteves A., Filippin C., Flores Larsen S.<\/td>\n<td style=\"font-size: 14px; padding: 10px 5px; overflow: hidden; word-break: normal; color: #333333; background-color: #ffffff; border: 1px solid #cccccc; font-family: Verdana, Geneva, sans-serif !important; width: 38px;\">2009<\/td>\n<\/tr>\n<tr>\n<td style=\"font-size: 14px; padding: 10px 5px; overflow: hidden; word-break: normal; color: #333333; background-color: #ffffff; border: 1px solid #cccccc; font-family: Verdana, Geneva, sans-serif !important; width: 401px;\"><a href=\"http:\/\/leb.inenco.unsa.edu.ar\/index.php\/es\/2016\/08\/01\/comportamiento-energetico-de-edificios-bioclimaticos-de-uso-intermitente-y-de-alta-carga-interna-en-la-pampa\/\">Comportamiento energ\u00e9tico de edificios bioclim\u00e1ticos de uso intermitente y de alta carga interna en La Pampa<\/a><\/td>\n<td style=\"font-size: 14px; padding: 10px 5px; overflow: hidden; word-break: normal; color: #333333; background-color: #ffffff; border: 1px solid #cccccc; font-family: Verdana, Geneva, sans-serif !important; width: 152px;\">Filippin C., Flores Larsen S., Beascochea A.<\/td>\n<td style=\"font-size: 14px; padding: 10px 5px; overflow: hidden; word-break: normal; color: #333333; background-color: #ffffff; border: 1px solid #cccccc; font-family: Verdana, Geneva, sans-serif !important; width: 38px;\">2007<\/td>\n<\/tr>\n<tr>\n<td style=\"font-size: 14px; padding: 10px 5px; overflow: hidden; word-break: normal; color: #333333; background-color: #ffffff; border: 1px solid #cccccc; font-family: Verdana, Geneva, sans-serif !important; width: 401px;\"><a href=\"http:\/\/leb.inenco.unsa.edu.ar\/index.php\/es\/2016\/08\/01\/estimacion-del-error-en-la-simulacion-del-comportamiento-termico-de-edificios-aplicacion-al-simedif\/\">Estimaci\u00f3n del error en la simulaci\u00f3n del comportamiento t\u00e9rmico de edificios. Aplicaci\u00f3n al SIMEDIF<\/a><\/td>\n<td style=\"font-size: 14px; padding: 10px 5px; overflow: hidden; word-break: normal; color: #333333; background-color: #ffffff; border: 1px solid #cccccc; font-family: Verdana, Geneva, sans-serif !important; width: 152px;\">Flores Larsen S., Saravia L., Lesino G.<\/td>\n<td style=\"font-size: 14px; padding: 10px 5px; overflow: hidden; word-break: normal; color: #333333; background-color: #ffffff; border: 1px solid #cccccc; font-family: Verdana, Geneva, sans-serif !important; width: 38px;\">2006<\/td>\n<\/tr>\n<tr>\n<td style=\"font-size: 14px; padding: 10px 5px; overflow: hidden; word-break: normal; color: #333333; background-color: #ffffff; border: 1px solid #cccccc; font-family: Verdana, Geneva, sans-serif !important; width: 401px;\"><a href=\"http:\/\/leb.inenco.unsa.edu.ar\/index.php\/es\/2016\/08\/01\/estrategias-bioclimaticas-para-la-produccion-de-plantines-de-nogal-microinjertados\/\">Estrategias bioclim\u00e1ticas para la producci\u00f3n de plantines de nogal microinjertados<\/a><\/td>\n<td style=\"font-size: 14px; padding: 10px 5px; overflow: hidden; word-break: normal; color: #333333; background-color: #ffffff; border: 1px solid #cccccc; font-family: Verdana, Geneva, sans-serif !important; width: 152px;\">Garc\u00eda V., Iriarte A., Lesino G., Flores Larsen S., Matias C.<\/td>\n<td style=\"font-size: 14px; padding: 10px 5px; overflow: hidden; word-break: normal; color: #333333; background-color: #ffffff; border: 1px solid #cccccc; font-family: Verdana, Geneva, sans-serif !important; width: 38px;\">2006<\/td>\n<\/tr>\n<tr>\n<td style=\"font-size: 14px; padding: 10px 5px; overflow: hidden; word-break: normal; color: #333333; background-color: #ffffff; border: 1px solid #cccccc; font-family: Verdana, Geneva, sans-serif !important; width: 401px;\"><a href=\"http:\/\/leb.inenco.unsa.edu.ar\/index.php\/es\/2016\/08\/01\/comportamiento-termico-energetico-de-un-auditorio-bioclimatico-en-la-region-central-de-argentina\/\">Comportamiento t\u00e9rmico-energ\u00e9tico de un auditorio bioclim\u00e1tico en la regi\u00f3n central de Argentina<\/a><\/td>\n<td style=\"font-size: 14px; padding: 10px 5px; overflow: hidden; word-break: normal; color: #333333; background-color: #ffffff; border: 1px solid #cccccc; font-family: Verdana, Geneva, sans-serif !important; width: 152px;\">Filippin C., Beascochea A., Rubio M., Flores Larsen S.<\/td>\n<td style=\"font-size: 14px; padding: 10px 5px; overflow: hidden; word-break: normal; color: #333333; background-color: #ffffff; border: 1px solid #cccccc; font-family: Verdana, Geneva, sans-serif !important; width: 38px;\">2006<\/td>\n<\/tr>\n<tr>\n<td style=\"font-size: 14px; padding: 10px 5px; overflow: hidden; word-break: normal; color: #333333; background-color: #ffffff; border: 1px solid #cccccc; font-family: Verdana, Geneva, sans-serif !important; width: 401px;\"><a href=\"http:\/\/leb.inenco.unsa.edu.ar\/index.php\/es\/2016\/08\/01\/locales-con-acondicionamiento-bioclimatico-para-la-multiplicacion-de-plantas-frutales\/\">Locales con acondicionamiento bioclim\u00e1tico para la multiplicaci\u00f3n de plantas frutales<\/a><\/td>\n<td style=\"font-size: 14px; padding: 10px 5px; overflow: hidden; word-break: normal; color: #333333; background-color: #ffffff; border: 1px solid #cccccc; font-family: Verdana, Geneva, sans-serif !important; width: 152px;\">Iriarte A., Garcia V., Lesino G., Matias C., Flores Larsen S.<\/td>\n<td style=\"font-size: 14px; padding: 10px 5px; overflow: hidden; word-break: normal; color: #333333; background-color: #ffffff; border: 1px solid #cccccc; font-family: Verdana, Geneva, sans-serif !important; width: 38px;\">2005<\/td>\n<\/tr>\n<tr>\n<td style=\"font-size: 14px; padding: 10px 5px; overflow: hidden; word-break: normal; color: #333333; background-color: #ffffff; border: 1px solid #cccccc; font-family: Verdana, Geneva, sans-serif !important; width: 401px;\"><a href=\"http:\/\/leb.inenco.unsa.edu.ar\/index.php\/es\/2016\/08\/01\/monitoreo-higrotermico-energetico-y-socio-ambiental-de-una-escuela-solar-en-la-provincia-de-la-pampa\/\">Monitoreo higrot\u00e9rmico, energ\u00e9tico y socio ambiental de una escuela solar en la provincia de La Pampa<\/a><\/td>\n<td style=\"font-size: 14px; padding: 10px 5px; overflow: hidden; word-break: normal; color: #333333; background-color: #ffffff; border: 1px solid #cccccc; font-family: Verdana, Geneva, sans-serif !important; width: 152px;\">Filippin C., Flores Larsen S., Marek L., Lesino G.<\/td>\n<td style=\"font-size: 14px; padding: 10px 5px; overflow: hidden; word-break: normal; color: #333333; background-color: #ffffff; border: 1px solid #cccccc; font-family: Verdana, Geneva, sans-serif !important; width: 38px;\">2005<\/td>\n<\/tr>\n<tr>\n<td style=\"font-size: 14px; padding: 10px 5px; overflow: hidden; word-break: normal; color: #333333; background-color: #ffffff; border: 1px solid #cccccc; font-family: Verdana, Geneva, sans-serif !important; width: 401px;\"><a href=\"http:\/\/leb.inenco.unsa.edu.ar\/index.php\/es\/2016\/08\/01\/cubiertas-translucidas-para-acondicionamiento-de-edificios-en-verano\/\">Cubiertas transl\u00facidas para acondicionamiento de edificios en verano<\/a><\/td>\n<td style=\"font-size: 14px; padding: 10px 5px; overflow: hidden; word-break: normal; color: #333333; background-color: #ffffff; border: 1px solid #cccccc; font-family: Verdana, Geneva, sans-serif !important; width: 152px;\">Flores Larsen S. y Lesino G.<\/td>\n<td style=\"font-size: 14px; padding: 10px 5px; overflow: hidden; word-break: normal; color: #333333; background-color: #ffffff; border: 1px solid #cccccc; font-family: Verdana, Geneva, sans-serif !important; width: 38px;\">2003<\/td>\n<\/tr>\n<tr>\n<td style=\"font-size: 14px; padding: 10px 5px; overflow: hidden; word-break: normal; color: #333333; background-color: #ffffff; border: 1px solid #cccccc; font-family: Verdana, Geneva, sans-serif !important; width: 401px;\"><a href=\"http:\/\/leb.inenco.unsa.edu.ar\/index.php\/es\/2016\/08\/01\/diseno-y-tecnologia-de-un-conjunto-de-viviendas-bioclimaticas-de-la-universidad-nacional-de-la-pampa\/\">Dise\u00f1o y tecnolog\u00eda de un conjunto de viviendas bioclim\u00e1ticas de la Universidad Nacional de La Pampa<\/a><\/td>\n<td style=\"font-size: 14px; padding: 10px 5px; overflow: hidden; word-break: normal; color: #333333; background-color: #ffffff; border: 1px solid #cccccc; font-family: Verdana, Geneva, sans-serif !important; width: 152px;\">Filippin C., Beascochea A., Flores Larsen S. y Lesino G.<\/td>\n<td style=\"font-size: 14px; padding: 10px 5px; overflow: hidden; word-break: normal; color: #333333; background-color: #ffffff; border: 1px solid #cccccc; font-family: Verdana, Geneva, sans-serif !important; width: 38px;\">2002<\/td>\n<\/tr>\n<tr>\n<td style=\"font-size: 14px; padding: 10px 5px; overflow: hidden; word-break: normal; color: #333333; background-color: #ffffff; border: 1px solid #cccccc; font-family: Verdana, Geneva, sans-serif !important; width: 401px;\"><a href=\"http:\/\/leb.inenco.unsa.edu.ar\/index.php\/es\/2016\/08\/01\/analisis-comparativo-de-la-simulacion-de-un-auditorio\/\">An\u00e1lisis comparativo de la simulaci\u00f3n de un Auditorio<\/a><\/td>\n<td style=\"font-size: 14px; padding: 10px 5px; overflow: hidden; word-break: normal; color: #333333; background-color: #ffffff; border: 1px solid #cccccc; font-family: Verdana, Geneva, sans-serif !important; width: 152px;\">Flores Larsen S., Filippin C. y Lesino G.<\/td>\n<td style=\"font-size: 14px; padding: 10px 5px; overflow: hidden; word-break: normal; color: #333333; background-color: #ffffff; border: 1px solid #cccccc; font-family: Verdana, Geneva, sans-serif !important; width: 38px;\">2002<\/td>\n<\/tr>\n<tr>\n<td style=\"font-size: 14px; padding: 10px 5px; overflow: hidden; word-break: normal; color: #333333; background-color: #ffffff; border: 1px solid #cccccc; font-family: Verdana, Geneva, sans-serif !important; width: 401px;\"><a href=\"http:\/\/leb.inenco.unsa.edu.ar\/index.php\/es\/2016\/08\/01\/modelo-termico-del-programa-simedif-de-simulacion-de-edificios\/\">Modelo t\u00e9rmico del programa SIMEDIF de simulaci\u00f3n de edificios<\/a><\/td>\n<td style=\"font-size: 14px; padding: 10px 5px; overflow: hidden; word-break: normal; color: #333333; background-color: #ffffff; border: 1px solid #cccccc; font-family: Verdana, Geneva, sans-serif !important; width: 152px;\">Flores Larsen S. y Lesino G.<\/td>\n<td style=\"font-size: 14px; padding: 10px 5px; overflow: hidden; word-break: normal; color: #333333; background-color: #ffffff; border: 1px solid #cccccc; font-family: Verdana, Geneva, sans-serif !important; width: 38px;\">2001<\/td>\n<\/tr>\n<\/tbody>\n<\/table>\n<p>&nbsp;<\/p>\n","protected":false},"excerpt":{"rendered":"<p>TITLE AUTHORS DATE Estudio Aerodin\u00e1mico y Determinaci\u00f3n de Cargas de Viento en Paneles Fotovoltaicos de Granjas Solares Valdez, M. F., Preidikman, S., y Flores Larsen, S. 2019 Aerodin\u00e1mica de Perfiles con M\u00fatiples Superficies de Control de Flujo Valdez, M. F., Preidikman, S., y Flores Larsen, S. 2018 Simulaci\u00f3n computacional del comportamiento t\u00e9rmico de una vivienda&hellip;&nbsp;<a href=\"https:\/\/leb.inenco.unsa.edu.ar\/index.php\/en\/publicaciones-2\/articles-in-national-journals\/\" rel=\"bookmark\">Leer m\u00e1s &raquo;<span class=\"screen-reader-text\">Articles in National Journals<\/span><\/a><\/p>\n","protected":false},"author":2,"featured_media":0,"parent":2379,"menu_order":0,"comment_status":"closed","ping_status":"closed","template":"","meta":{"_eb_attr":"","neve_meta_sidebar":"","neve_meta_container":"","neve_meta_enable_content_width":"","neve_meta_content_width":0,"neve_meta_title_alignment":"","neve_meta_author_avatar":"","neve_post_elements_order":"","neve_meta_disable_header":"","neve_meta_disable_footer":"","neve_meta_disable_title":"","_ti_tpc_template_sync":false,"_ti_tpc_template_id":"","footnotes":""},"class_list":["post-2514","page","type-page","status-publish","hentry"],"_links":{"self":[{"href":"https:\/\/leb.inenco.unsa.edu.ar\/index.php\/wp-json\/wp\/v2\/pages\/2514"}],"collection":[{"href":"https:\/\/leb.inenco.unsa.edu.ar\/index.php\/wp-json\/wp\/v2\/pages"}],"about":[{"href":"https:\/\/leb.inenco.unsa.edu.ar\/index.php\/wp-json\/wp\/v2\/types\/page"}],"author":[{"embeddable":true,"href":"https:\/\/leb.inenco.unsa.edu.ar\/index.php\/wp-json\/wp\/v2\/users\/2"}],"replies":[{"embeddable":true,"href":"https:\/\/leb.inenco.unsa.edu.ar\/index.php\/wp-json\/wp\/v2\/comments?post=2514"}],"version-history":[{"count":6,"href":"https:\/\/leb.inenco.unsa.edu.ar\/index.php\/wp-json\/wp\/v2\/pages\/2514\/revisions"}],"predecessor-version":[{"id":3035,"href":"https:\/\/leb.inenco.unsa.edu.ar\/index.php\/wp-json\/wp\/v2\/pages\/2514\/revisions\/3035"}],"up":[{"embeddable":true,"href":"https:\/\/leb.inenco.unsa.edu.ar\/index.php\/wp-json\/wp\/v2\/pages\/2379"}],"wp:attachment":[{"href":"https:\/\/leb.inenco.unsa.edu.ar\/index.php\/wp-json\/wp\/v2\/media?parent=2514"}],"curies":[{"name":"wp","href":"https:\/\/api.w.org\/{rel}","templated":true}]}}