{"id":2518,"date":"2018-12-17T12:30:49","date_gmt":"2018-12-17T15:30:49","guid":{"rendered":"http:\/\/leb.inenco.unsa.edu.ar\/?page_id=2518"},"modified":"2020-06-30T10:32:00","modified_gmt":"2020-06-30T13:32:00","slug":"articles-in-national-congresses-and-conferences","status":"publish","type":"page","link":"https:\/\/leb.inenco.unsa.edu.ar\/index.php\/en\/publicaciones-2\/articles-in-national-congresses-and-conferences\/","title":{"rendered":"Articles in National Congresses and Conferences"},"content":{"rendered":"<table style=\"border-collapse: collapse; border-spacing: 0; border-color: #ccc;\">\n<tbody>\n<tr>\n<th style=\"font-family: Verdana, Geneva, sans-serif !important; ;font-size: 14px; font-weight: normal; padding: 10px 5px; overflow: hidden; word-break: normal; color: #333; background-color: #f0f0f0; text-align: center; border: 1px solid #ccc;\">TITLE<\/th>\n<th style=\"font-family: Verdana, Geneva, sans-serif !important; ;font-size: 14px; font-weight: normal; padding: 10px 5px; overflow: hidden; word-break: normal; color: #333; background-color: #f0f0f0; text-align: center; border: 1px solid #ccc;\">AUTHORS<\/th>\n<th style=\"font-family: Verdana, Geneva, sans-serif !important; ;font-size: 14px; font-weight: normal; padding: 10px 5px; overflow: hidden; word-break: normal; color: #333; background-color: #f0f0f0; text-align: center; border: 1px solid #ccc;\">DATE<\/th>\n<\/tr>\n<tr>\n<td style=\"font-family: Verdana, Geneva, sans-serif !important; ;font-size: 14px; padding: 5px 5px; overflow: hidden; word-break: normal; color: #333; background-color: #fff; border: 1px solid #ccc;\">Modelizaci\u00f3n del microclima del campus de la Universidad Nacional de Salta utilizando el software ENVI-met. Confort t\u00e9rmico y estrategias de mitigaci\u00f3n para verano<\/td>\n<td style=\"font-family: Verdana, Geneva, sans-serif !important; ;font-size: 14px; padding: 5px 5px; overflow: hidden; word-break: normal; color: #333; background-color: #fff; border: 1px solid #ccc;\">JAIME D., FLORES LARSEN S.<\/td>\n<td style=\"font-family: Verdana, Geneva, sans-serif !important; ;font-size: 14px; padding: 5px 5px; overflow: hidden; word-break: normal; color: #333; background-color: #fff; border: 1px solid #ccc;\">2019<\/td>\n<\/tr>\n<tr>\n<td style=\"font-family: Verdana, Geneva, sans-serif !important; ;font-size: 14px; padding: 5px 5px; overflow: hidden; word-break: normal; color: #333; background-color: #fff; border: 1px solid #ccc;\">An\u00e1lisis Aerodin\u00e1mico Inestacionario y No-lineal de Perfiles con M\u00faltiples Superficies de Control de Flujo Inspirados en las Alas de las Aves<\/td>\n<td style=\"font-family: Verdana, Geneva, sans-serif !important; ;font-size: 14px; padding: 5px 5px; overflow: hidden; word-break: normal; color: #333; background-color: #fff; border: 1px solid #ccc;\">Valdez, M. F., Preidikman S. y Flores Larsen, S.<\/td>\n<td style=\"font-family: Verdana, Geneva, sans-serif !important; ;font-size: 14px; padding: 5px 5px; overflow: hidden; word-break: normal; color: #333; background-color: #fff; border: 1px solid #ccc;\">2017<\/td>\n<\/tr>\n<tr>\n<td style=\"font-family: Verdana, Geneva, sans-serif !important; ;font-size: 14px; padding: 5px 5px; overflow: hidden; word-break: normal; color: #333; background-color: #fff; border: 1px solid #ccc;\">Procedimiento para Calcular la Distribuci\u00f3n de Presiones en Cuerpos con Espesor Finito por Medio del M\u00e9todo de Red de V\u00e9rtices Inestacionario<\/td>\n<td style=\"font-family: Verdana, Geneva, sans-serif !important; ;font-size: 14px; padding: 5px 5px; overflow: hidden; word-break: normal; color: #333; background-color: #fff; border: 1px solid #ccc;\">Valdez, M. F. y Preidikman S.<\/td>\n<td style=\"font-family: Verdana, Geneva, sans-serif !important; ;font-size: 14px; padding: 5px 5px; overflow: hidden; word-break: normal; color: #333; background-color: #fff; border: 1px solid #ccc;\">2017<\/td>\n<\/tr>\n<tr>\n<td style=\"font-family: Verdana, Geneva, sans-serif !important; ;font-size: 14px; padding: 5px 5px; overflow: hidden; word-break: normal; color: #333; background-color: #fff; border: 1px solid #ccc;\"><a href=\"http:\/\/leb.inenco.unsa.edu.ar\/index.php\/es\/2016\/08\/08\/propuesta-para-incentivar-las-energias-renovables-mediante-legislacion-provincial\/\">Propuesta para incentivar las energ\u00edas renovables mediante legislaci\u00f3n provincial<\/a><\/td>\n<td style=\"font-family: Verdana, Geneva, sans-serif !important; ;font-size: 14px; padding: 5px 5px; overflow: hidden; word-break: normal; color: #333; background-color: #fff; border: 1px solid #ccc;\">Tilca F., Flores Larsen S., Soler I.<\/td>\n<td style=\"font-family: Verdana, Geneva, sans-serif !important; ;font-size: 14px; padding: 5px 5px; overflow: hidden; word-break: normal; color: #333; background-color: #fff; border: 1px solid #ccc;\">2013<\/td>\n<\/tr>\n<tr>\n<td style=\"font-family: Verdana, Geneva, sans-serif !important; ;font-size: 14px; padding: 5px 5px; overflow: hidden; word-break: normal; color: #333; background-color: #fff; border: 1px solid #ccc;\"><a href=\"http:\/\/leb.inenco.unsa.edu.ar\/index.php\/es\/2016\/08\/08\/evaluacion-termica-de-un-edificio-modificado-para-produccion-agamica-de-plantas-mediante-simedif\/\">Evaluaci\u00f3n t\u00e9rmica de un edificio modificado para producci\u00f3n ag\u00e1mica de plantas mediante SIMEDIF<\/a><\/td>\n<td style=\"font-family: Verdana, Geneva, sans-serif !important; ;font-size: 14px; padding: 5px 5px; overflow: hidden; word-break: normal; color: #333; background-color: #fff; border: 1px solid #ccc;\">Garc\u00eda V., Irirarte A., Flores Larsen S., Lesino G<\/td>\n<td style=\"font-family: Verdana, Geneva, sans-serif !important; ;font-size: 14px; padding: 5px 5px; overflow: hidden; word-break: normal; color: #333; background-color: #fff; border: 1px solid #ccc;\">2012<\/td>\n<\/tr>\n<tr>\n<td style=\"font-family: Verdana, Geneva, sans-serif !important; ;font-size: 14px; padding: 5px 5px; overflow: hidden; word-break: normal; color: #333; background-color: #fff; border: 1px solid #ccc;\"><a href=\"http:\/\/leb.inenco.unsa.edu.ar\/index.php\/es\/2016\/08\/08\/simulacion-del-comportamiento-termico-de-un-colector-solar-de-aire-de-doble-flujo-mediante-el-software-simusol\/\">Simulaci\u00f3n del comportamiento t\u00e9rmico de un colector solar de aire de doble flujo mediante el software SIMUSOL<\/a><\/td>\n<td style=\"font-family: Verdana, Geneva, sans-serif !important; ;font-size: 14px; padding: 5px 5px; overflow: hidden; word-break: normal; color: #333; background-color: #fff; border: 1px solid #ccc;\">Gonz\u00e1lez S., Flores Larsen S., H\u00e9rnandez A.<\/td>\n<td style=\"font-family: Verdana, Geneva, sans-serif !important; ;font-size: 14px; padding: 5px 5px; overflow: hidden; word-break: normal; color: #333; background-color: #fff; border: 1px solid #ccc;\">2012<\/td>\n<\/tr>\n<tr>\n<td style=\"font-family: Verdana, Geneva, sans-serif !important; ;font-size: 14px; padding: 5px 5px; overflow: hidden; word-break: normal; color: #333; background-color: #fff; border: 1px solid #ccc;\"><a href=\"http:\/\/leb.inenco.unsa.edu.ar\/index.php\/es\/2016\/08\/08\/estudio-experimental-de-un-colector-solar-calentador-de-aire-de-doble-flujo-resultados-preliminares\/\">Estudio experimental de un colector solar calentador de aire de doble flujo: resultados preliminares<\/a><\/td>\n<td style=\"font-family: Verdana, Geneva, sans-serif !important; ;font-size: 14px; padding: 5px 5px; overflow: hidden; word-break: normal; color: #333; background-color: #fff; border: 1px solid #ccc;\">Gonz\u00e1lez S.M., Flores Larsen S., H\u00e9rnandez A.<\/td>\n<td style=\"font-family: Verdana, Geneva, sans-serif !important; ;font-size: 14px; padding: 5px 5px; overflow: hidden; word-break: normal; color: #333; background-color: #fff; border: 1px solid #ccc;\">2011<\/td>\n<\/tr>\n<tr>\n<td style=\"font-family: Verdana, Geneva, sans-serif !important; ;font-size: 14px; padding: 5px 5px; overflow: hidden; word-break: normal; color: #333; background-color: #fff; border: 1px solid #ccc;\"><a href=\"http:\/\/leb.inenco.unsa.edu.ar\/index.php\/es\/2016\/08\/07\/edificio-para-produccion-de-plantas-propuestas-para-reducir-su-consumo-energetico\/\">Edificio para producci\u00f3n de plantas: propuestas para reducir su consumo energ\u00e9tico<\/a><\/td>\n<td style=\"font-family: Verdana, Geneva, sans-serif !important; ;font-size: 14px; padding: 5px 5px; overflow: hidden; word-break: normal; color: #333; background-color: #fff; border: 1px solid #ccc;\">Garc\u00eda V., Iriarte A., Flores Larsen S., Ferron L., Pattini A., Villalba A., Lesino G.<\/td>\n<td style=\"font-family: Verdana, Geneva, sans-serif !important; ;font-size: 14px; padding: 5px 5px; overflow: hidden; word-break: normal; color: #333; background-color: #fff; border: 1px solid #ccc;\">2011<\/td>\n<\/tr>\n<\/tbody>\n<\/table>\n<p>&nbsp;<\/p>\n","protected":false},"excerpt":{"rendered":"<p>TITLE AUTHORS DATE Modelizaci\u00f3n del microclima del campus de la Universidad Nacional de Salta utilizando el software ENVI-met. Confort t\u00e9rmico y estrategias de mitigaci\u00f3n para verano JAIME D., FLORES LARSEN S. 2019 An\u00e1lisis Aerodin\u00e1mico Inestacionario y No-lineal de Perfiles con M\u00faltiples Superficies de Control de Flujo Inspirados en las Alas de las Aves Valdez, M.&hellip;&nbsp;<a href=\"https:\/\/leb.inenco.unsa.edu.ar\/index.php\/en\/publicaciones-2\/articles-in-national-congresses-and-conferences\/\" rel=\"bookmark\">Leer m\u00e1s &raquo;<span class=\"screen-reader-text\">Articles in National Congresses and Conferences<\/span><\/a><\/p>\n","protected":false},"author":2,"featured_media":0,"parent":2379,"menu_order":0,"comment_status":"closed","ping_status":"closed","template":"","meta":{"_eb_attr":"","neve_meta_sidebar":"","neve_meta_container":"","neve_meta_enable_content_width":"","neve_meta_content_width":0,"neve_meta_title_alignment":"","neve_meta_author_avatar":"","neve_post_elements_order":"","neve_meta_disable_header":"","neve_meta_disable_footer":"","neve_meta_disable_title":"","_ti_tpc_template_sync":false,"_ti_tpc_template_id":"","footnotes":""},"class_list":["post-2518","page","type-page","status-publish","hentry"],"_links":{"self":[{"href":"https:\/\/leb.inenco.unsa.edu.ar\/index.php\/wp-json\/wp\/v2\/pages\/2518"}],"collection":[{"href":"https:\/\/leb.inenco.unsa.edu.ar\/index.php\/wp-json\/wp\/v2\/pages"}],"about":[{"href":"https:\/\/leb.inenco.unsa.edu.ar\/index.php\/wp-json\/wp\/v2\/types\/page"}],"author":[{"embeddable":true,"href":"https:\/\/leb.inenco.unsa.edu.ar\/index.php\/wp-json\/wp\/v2\/users\/2"}],"replies":[{"embeddable":true,"href":"https:\/\/leb.inenco.unsa.edu.ar\/index.php\/wp-json\/wp\/v2\/comments?post=2518"}],"version-history":[{"count":4,"href":"https:\/\/leb.inenco.unsa.edu.ar\/index.php\/wp-json\/wp\/v2\/pages\/2518\/revisions"}],"predecessor-version":[{"id":3041,"href":"https:\/\/leb.inenco.unsa.edu.ar\/index.php\/wp-json\/wp\/v2\/pages\/2518\/revisions\/3041"}],"up":[{"embeddable":true,"href":"https:\/\/leb.inenco.unsa.edu.ar\/index.php\/wp-json\/wp\/v2\/pages\/2379"}],"wp:attachment":[{"href":"https:\/\/leb.inenco.unsa.edu.ar\/index.php\/wp-json\/wp\/v2\/media?parent=2518"}],"curies":[{"name":"wp","href":"https:\/\/api.w.org\/{rel}","templated":true}]}}