{"id":2523,"date":"2018-12-17T12:40:55","date_gmt":"2018-12-17T15:40:55","guid":{"rendered":"http:\/\/leb.inenco.unsa.edu.ar\/?page_id=2523"},"modified":"2020-07-01T08:13:02","modified_gmt":"2020-07-01T11:13:02","slug":"books-and-book-chapters","status":"publish","type":"page","link":"https:\/\/leb.inenco.unsa.edu.ar\/index.php\/en\/publicaciones-2\/books-and-book-chapters\/","title":{"rendered":"Books and Book Chapters"},"content":{"rendered":"<table style=\"border-collapse: collapse; border-spacing: 0px; width: 625px;\">\n<tbody>\n<tr>\n<td style=\"font-family: Arial, sans-serif; font-size: 14px; padding: 10px 5px; border-style: solid; border-width: 1px; overflow: hidden; word-break: normal; width: 73px;\">\u00a0<img fetchpriority=\"high\" decoding=\"async\" class=\"alignnone size-full wp-image-1244\" src=\"http:\/\/leb.inenco.unsa.edu.ar\/wp-content\/uploads\/2017\/02\/descarga.jpg\" alt=\"\" width=\"318\" height=\"158\" \/><\/td>\n<td style=\"font-family: Arial, sans-serif; font-size: 14px; padding: 10px 5px; border-style: solid; border-width: 1px; overflow: hidden; word-break: normal; width: 486px;\">\n<p>Book Chapter: Computational Aeroelasticity of Flying Robots with Flexible Wings,<\/p>\n<p>Authors:\u00a0Preidikman S., Roccia, B. A., Verstraete M. L., Valdez, M.F., Mook D. T., and Balachandran B.<\/p>\n<p>Book Title: <em>Aerial Robots Aerodynamics, Control and Applications<\/em>. Available in:\u00a0https:\/\/www.intechopen.com\/books\/aerial-robots-aerodynamics-control-and-applications\/computational-aeroelasticity-of-flying-robots-with-flexible-wings<\/td>\n<td style=\"font-family: Arial, sans-serif; font-size: 14px; padding: 10px 5px; border-style: solid; border-width: 1px; overflow: hidden; word-break: normal; vertical-align: top; width: 32px;\">2017<\/td>\n<\/tr>\n<tr>\n<td style=\"font-family: Arial, sans-serif; font-size: 14px; padding: 10px 5px; border-style: solid; border-width: 1px; overflow: hidden; word-break: normal; width: 73px;\">\u00a0<img fetchpriority=\"high\" decoding=\"async\" class=\"alignnone size-full wp-image-1244\" src=\"http:\/\/leb.inenco.unsa.edu.ar\/wp-content\/uploads\/2017\/02\/descarga.jpg\" alt=\"\" width=\"318\" height=\"158\" \/><\/td>\n<td style=\"font-family: Arial, sans-serif; font-size: 14px; padding: 10px 5px; border-style: solid; border-width: 1px; overflow: hidden; word-break: normal; width: 486px;\">\n<p>Book Chapter: \u201cCap\u00edtulo 4: Edificios bioclim\u00e1ticos\u201d.<\/p>\n<p>Book Title: \u201cEnerg\u00eda Solar\u201d, 1ra edici\u00f3n especial. Editores: Miguel. A. Laborde y Roberto J.J. Williams. ISBN 978-9-87411-100-5. Published by: ANCEFN &#8211; National Academy of Exact, Physical and Natural Sciences. Available in:\u00a0<a href=\"http:\/\/www.ancefn.org.ar\/biblioteca\/libros_ancefn.html\">http:\/\/www.ancefn.org.ar\/biblioteca\/libros_ancefn.html<\/a><\/p>\n<p>Authors:\u00a0FLORES LARSEN S.<\/td>\n<td style=\"font-family: Arial, sans-serif; font-size: 14px; padding: 10px 5px; border-style: solid; border-width: 1px; overflow: hidden; word-break: normal; vertical-align: top; width: 32px;\">2016<\/td>\n<\/tr>\n<tr>\n<td style=\"font-family: Arial, sans-serif; font-size: 14px; padding: 10px 5px; border-style: solid; border-width: 1px; overflow: hidden; word-break: normal; width: 73px;\"><a href=\"http:\/\/leb.inenco.unsa.edu.ar\/index.php\/es\/2017\/02\/02\/libro-del-inenco\/\"><img decoding=\"async\" class=\"alignnone wp-image-779\" src=\"http:\/\/leb.inenco.unsa.edu.ar\/wp-content\/uploads\/2017\/02\/inenco-libro.jpg\" alt=\"\" width=\"121\" height=\"123\" \/><\/a><\/td>\n<td style=\"font-family: Arial, sans-serif; font-size: 14px; padding: 10px 5px; border-style: solid; border-width: 1px; overflow: hidden; word-break: normal; width: 486px;\">\n<p>Book Title:\u00a0<a href=\"http:\/\/leb.inenco.unsa.edu.ar\/index.php\/es\/2017\/02\/02\/libro-del-inenco\/\">&#8220;Instituto de Investigaciones en Energ\u00eda No Convencional. Ciencia y Tecnolog\u00eda para un futuro sustentable 1980 \u2013 2015&#8221;<\/a>.\u00a01ra Edici\u00f3n. Editorial Instituto de Investigaci\u00f3n de Energ\u00eda No Convencional &#8211; INENCO, Salta, Argentina. ISBN 978-987-20105-7-7. Total number of pages in the book: 160.<\/p>\n<p>Authors:\u00a0BELMONTE S., CASO R., BALDERRAMA B., FLORES LARSEN S.<\/td>\n<td style=\"font-family: Arial, sans-serif; font-size: 14px; padding: 10px 5px; border-style: solid; border-width: 1px; overflow: hidden; word-break: normal; vertical-align: top; width: 32px;\">2016<\/td>\n<\/tr>\n<tr>\n<td style=\"font-family: Arial, sans-serif; font-size: 14px; padding: 10px 5px; border-style: solid; border-width: 1px; overflow: hidden; word-break: normal; width: 73px;\"><img decoding=\"async\" class=\"alignnone wp-image-1242\" src=\"http:\/\/leb.inenco.unsa.edu.ar\/wp-content\/uploads\/2017\/02\/511LT8fUAPL._SY344_BO1204203200_.jpg\" alt=\"\" width=\"118\" height=\"178\" \/><\/td>\n<td style=\"font-family: Arial, sans-serif; font-size: 14px; padding: 10px 5px; border-style: solid; border-width: 1px; overflow: hidden; word-break: normal; width: 486px;\">\n<p>Book Chapter:\u00a0\u201cArchitecture, thermal design and energy performance of solar schools in Argentina\u201d<\/p>\n<p>Authors: Filippin C., Flores Larsen S., Beascochea A.<\/p>\n<p>Book Title:\u00a0\u201cEnergy and Buildings: Efficiency, Air Quality and Conservation\u201d<\/td>\n<td style=\"font-family: Arial, sans-serif; font-size: 14px; padding: 10px 5px; border-style: solid; border-width: 1px; overflow: hidden; word-break: normal; vertical-align: top; width: 32px;\">2011<\/td>\n<\/tr>\n<tr>\n<td style=\"font-family: Arial, sans-serif; font-size: 14px; padding: 10px 5px; border-style: solid; border-width: 1px; overflow: hidden; word-break: normal; width: 73px;\"><img loading=\"lazy\" decoding=\"async\" class=\"alignnone size-full wp-image-1243\" src=\"http:\/\/leb.inenco.unsa.edu.ar\/wp-content\/uploads\/2017\/02\/9781604564617.jpg\" alt=\"\" width=\"125\" height=\"193\" \/><\/td>\n<td style=\"font-family: Arial, sans-serif; font-size: 14px; padding: 10px 5px; border-style: solid; border-width: 1px; overflow: hidden; word-break: normal; width: 486px;\">\n<p>Chapter 7: &#8220;Energy Efficiency in Buildings\u201d<\/p>\n<p>Authors: Filippin C., Flores Larsen S.<\/p>\n<p>Book T\u00edtle: \u201cEnergy Efficiency Research\u201d<\/td>\n<td style=\"font-family: Arial, sans-serif; font-size: 14px; padding: 10px 5px; border-style: solid; border-width: 1px; overflow: hidden; word-break: normal; vertical-align: top; width: 32px;\">2009<\/td>\n<\/tr>\n<tr>\n<td style=\"font-family: Arial, sans-serif; font-size: 14px; padding: 10px 5px; border-style: solid; border-width: 1px; overflow: hidden; word-break: normal; width: 73px;\"><img fetchpriority=\"high\" decoding=\"async\" class=\"alignnone size-full wp-image-1244\" src=\"http:\/\/leb.inenco.unsa.edu.ar\/wp-content\/uploads\/2017\/02\/descarga.jpg\" alt=\"\" width=\"318\" height=\"158\" \/><\/td>\n<td style=\"font-family: Arial, sans-serif; font-size: 14px; padding: 10px 5px; border-style: solid; border-width: 1px; overflow: hidden; word-break: normal; width: 486px;\">\n<p>Chapter 4: &#8220;Uso de modelos de simulaci\u00f3n en la optimizaci\u00f3n energ\u00e9tica de edificios\u201d<\/p>\n<p>Authors: C. Filipp\u00edn, Dra. Silvana Flores Larsen.<\/p>\n<p>Book Title: \u201cUso eficiente de la energ\u00eda en edificios\u201d<\/td>\n<td style=\"font-family: Arial, sans-serif; font-size: 14px; padding: 10px 5px; border-style: solid; border-width: 1px; overflow: hidden; word-break: normal; vertical-align: top; width: 32px;\">2005<\/td>\n<\/tr>\n<\/tbody>\n<\/table>\n<p>&nbsp;<\/p>\n","protected":false},"excerpt":{"rendered":"<p>\u00a0 Book Chapter: Computational Aeroelasticity of Flying Robots with Flexible Wings, Authors:\u00a0Preidikman S., Roccia, B. A., Verstraete M. L., Valdez, M.F., Mook D. T., and Balachandran B. Book Title: Aerial Robots Aerodynamics, Control and Applications. Available in:\u00a0https:\/\/www.intechopen.com\/books\/aerial-robots-aerodynamics-control-and-applications\/computational-aeroelasticity-of-flying-robots-with-flexible-wings 2017 \u00a0 Book Chapter: \u201cCap\u00edtulo 4: Edificios bioclim\u00e1ticos\u201d. Book Title: \u201cEnerg\u00eda Solar\u201d, 1ra edici\u00f3n especial. Editores: Miguel. A.&hellip;&nbsp;<a href=\"https:\/\/leb.inenco.unsa.edu.ar\/index.php\/en\/publicaciones-2\/books-and-book-chapters\/\" rel=\"bookmark\">Leer m\u00e1s &raquo;<span class=\"screen-reader-text\">Books and Book Chapters<\/span><\/a><\/p>\n","protected":false},"author":2,"featured_media":0,"parent":2379,"menu_order":0,"comment_status":"closed","ping_status":"closed","template":"","meta":{"_eb_attr":"","neve_meta_sidebar":"","neve_meta_container":"","neve_meta_enable_content_width":"","neve_meta_content_width":0,"neve_meta_title_alignment":"","neve_meta_author_avatar":"","neve_post_elements_order":"","neve_meta_disable_header":"","neve_meta_disable_footer":"","neve_meta_disable_title":"","_ti_tpc_template_sync":false,"_ti_tpc_template_id":"","footnotes":""},"class_list":["post-2523","page","type-page","status-publish","hentry"],"_links":{"self":[{"href":"https:\/\/leb.inenco.unsa.edu.ar\/index.php\/wp-json\/wp\/v2\/pages\/2523"}],"collection":[{"href":"https:\/\/leb.inenco.unsa.edu.ar\/index.php\/wp-json\/wp\/v2\/pages"}],"about":[{"href":"https:\/\/leb.inenco.unsa.edu.ar\/index.php\/wp-json\/wp\/v2\/types\/page"}],"author":[{"embeddable":true,"href":"https:\/\/leb.inenco.unsa.edu.ar\/index.php\/wp-json\/wp\/v2\/users\/2"}],"replies":[{"embeddable":true,"href":"https:\/\/leb.inenco.unsa.edu.ar\/index.php\/wp-json\/wp\/v2\/comments?post=2523"}],"version-history":[{"count":7,"href":"https:\/\/leb.inenco.unsa.edu.ar\/index.php\/wp-json\/wp\/v2\/pages\/2523\/revisions"}],"predecessor-version":[{"id":3046,"href":"https:\/\/leb.inenco.unsa.edu.ar\/index.php\/wp-json\/wp\/v2\/pages\/2523\/revisions\/3046"}],"up":[{"embeddable":true,"href":"https:\/\/leb.inenco.unsa.edu.ar\/index.php\/wp-json\/wp\/v2\/pages\/2379"}],"wp:attachment":[{"href":"https:\/\/leb.inenco.unsa.edu.ar\/index.php\/wp-json\/wp\/v2\/media?parent=2523"}],"curies":[{"name":"wp","href":"https:\/\/api.w.org\/{rel}","templated":true}]}}