{"id":3613,"date":"2023-09-18T10:28:06","date_gmt":"2023-09-18T13:28:06","guid":{"rendered":"https:\/\/leb.inenco.unsa.edu.ar\/?page_id=3613"},"modified":"2026-02-06T16:50:28","modified_gmt":"2026-02-06T19:50:28","slug":"articulos-en-revistas-internacionales-2","status":"publish","type":"page","link":"https:\/\/leb.inenco.unsa.edu.ar\/index.php\/es\/publicaciones\/articulos-en-revistas-internacionales-2\/","title":{"rendered":"Art\u00edculos en Revistas Internacionales"},"content":{"rendered":"\t\t<div data-elementor-type=\"wp-page\" data-elementor-id=\"3613\" class=\"elementor elementor-3613\">\n\t\t\t\t\t\t<section class=\"elementor-section elementor-top-section elementor-element elementor-element-2ceaece elementor-section-stretched elementor-section-boxed elementor-section-height-default elementor-section-height-default\" data-id=\"2ceaece\" data-element_type=\"section\" data-settings=\"{&quot;stretch_section&quot;:&quot;section-stretched&quot;}\">\n\t\t\t\t\t\t<div class=\"elementor-container elementor-column-gap-default\">\n\t\t\t\t\t<div class=\"elementor-column elementor-col-100 elementor-top-column elementor-element elementor-element-1fd4ed3\" data-id=\"1fd4ed3\" data-element_type=\"column\">\n\t\t\t<div class=\"elementor-widget-wrap elementor-element-populated\">\n\t\t\t\t\t\t<div class=\"elementor-element elementor-element-121bda6 elementor-widget elementor-widget-heading\" data-id=\"121bda6\" data-element_type=\"widget\" data-widget_type=\"heading.default\">\n\t\t\t\t<div class=\"elementor-widget-container\">\n\t\t\t<h1 class=\"elementor-heading-title elementor-size-default\">Articulos en Revistas Internacionales<\/h1>\t\t<\/div>\n\t\t\t\t<\/div>\n\t\t\t\t\t<\/div>\n\t\t<\/div>\n\t\t\t\t\t<\/div>\n\t\t<\/section>\n\t\t\t\t<section class=\"elementor-section elementor-top-section elementor-element elementor-element-4830bc1 elementor-section-stretched elementor-section-boxed elementor-section-height-default elementor-section-height-default\" data-id=\"4830bc1\" data-element_type=\"section\" data-settings=\"{&quot;stretch_section&quot;:&quot;section-stretched&quot;,&quot;background_background&quot;:&quot;classic&quot;}\">\n\t\t\t\t\t\t<div class=\"elementor-container elementor-column-gap-default\">\n\t\t\t\t\t<div class=\"elementor-column elementor-col-100 elementor-top-column elementor-element elementor-element-bf91063\" data-id=\"bf91063\" data-element_type=\"column\" data-settings=\"{&quot;background_background&quot;:&quot;classic&quot;}\">\n\t\t\t<div class=\"elementor-widget-wrap elementor-element-populated\">\n\t\t\t\t\t\t<div class=\"elementor-element elementor-element-ea3ad33 elementor-widget elementor-widget-eael-advanced-data-table\" data-id=\"ea3ad33\" data-element_type=\"widget\" data-widget_type=\"eael-advanced-data-table.default\">\n\t\t\t\t<div class=\"elementor-widget-container\">\n\t\t\t<div class=\"ea-advanced-data-table-wrap\" data-id=\"ea3ad33\"><div class=\"ea-advanced-data-table-search-wrap ea-advanced-data-table-search-right\"><input type=\"search\" placeholder=\"Buscar\" class=\"ea-advanced-data-table-search\"><\/div><div class=\"ea-advanced-data-table-wrap-inner\">\n                <table class=\"ea-advanced-data-table ea-advanced-data-table-csv ea-advanced-data-table-ea3ad33 ea-advanced-data-table-sortable ea-advanced-data-table-paginated ea-advanced-data-table-searchable\" data-id=\"ea3ad33\" data-items-per-page=\"6\"><tbody><tr><td>Titulo<\/td><td>Autores<\/td><td>A\u00f1o<\/td><\/tr><tr><td>Evaluaci\u00f3n del confort t\u00e9r-mico en viviendas vulnerables de Ushuaia Argentina a trav\u00e9s de datos medidos<\/td><td>Ludue\u00f1a Camila: Hongn Marcos: Acha Rom\u00e1n Consuelo<\/td><td>2025<\/td><\/tr><tr><td>Plant assemblages on extensive green roofs as a nature-based solution for energy efficiency in semi-arid urban climates<\/td><td>Robbiati Federico O.: Barea  Gustavo: Ovando Gustavo:  C\u00e1ceres Natalia: Su\u00e1rez Mario: Hick Emmanuel: Flores Larsen Silvana: Jim C. Y.: Galetto Leonardo: Imhof Lelia<\/td><td>2025<\/td><\/tr><tr><td>Night-time urban heat exposure: Overheating and thermal resilience of South American bedrooms<\/td><td>Flores Larsen Silvana: Bre Facundo<\/td><td>2025<\/td><\/tr><tr><td>Summertime overheating of bedrooms in north Argentina<\/td><td>Flores Larsen Silvana: Filipp\u00edn Celina<\/td><td>2024<\/td><\/tr><tr><td>Energy use health and sleep in a bioclimatic university residence: a case study from 20 years of use<\/td><td>Filipp\u00edn Celina: Flores Larsen Silvana: Canori Mariano<\/td><td>2024<\/td><\/tr><tr><td>Analysis and characterization of residual salts from lithium carbonate industry: Their potential uses for thermal storage systems<\/td><td>Dellicompagni Pablo R.: Franco Judith: Santapaola Julia: Flexer Victoria: Flores Larsen Silvana<\/td><td>2024<\/td><\/tr><tr><td>A Framework for Multi-Objective Optimization in Energy Retrofit of Heritage Museums: Enhancing Preservation- Comfort- and Conservation Conditions<\/td><td>Gea Salim Camila: Flores Larsen Silvana: Hongn Marcos:  Gonz\u00e1lez Silvina<\/td><td>2024<\/td><\/tr><tr><td>Multi-objective optimization of latent energy storage in buildings by using phase change materials with different melting temperatures<\/td><td>Bre Facundo: Lamberts Roberto: Flores Larsen Silvana: Koenders Eduardus A. B.<\/td><td>2023<\/td><\/tr><tr><td>New metrics for thermal resilience of passive buildings during heat events<\/td><td>Flores Larsen Silvana: Filipp\u00edn Celina: Bre Facundo<\/td><td>2023<\/td><\/tr><tr><td>Two Novel Resistance-Capacitance Network Models To Predict The Dynamic Thermal Behavior Of Active Pipe-Embedded Structures In Buildings<\/td><td>Hongn  Marcos: Bre  Facundo: Valdez  Marcelo: Flores Larsen  Silvana<\/td><td>2022<\/td><\/tr><tr><td>A Performance-Based Method To Detect And Characterize Heatwaves For Building Resilience Analysis<\/td><td>Flores Larsen  Silvana: Bre  Facundo: Hongn  Marcos<\/td><td>2022<\/td><\/tr><tr><td>In-Situ Determination Of The Wall's Thermal Properties For Energy Retrofit In A Colonial Heritage Building: The Cabildo Of Salta  Argentina<\/td><td>Flores Larsen  Silvana: Hongn  Marcos: Valdez  Marcelo: Gonz\u00e1lez  Silvina: Gea Salim  Camila<\/td><td>2021<\/td><\/tr><tr><td>Energy Efficiency  Thermal Resilience  And Health During Extreme Heat Events In Low-Income Housing In Argentina<\/td><td>Flores Larsen  Silvana: Filipp\u00edn Celina<\/td><td>2021<\/td><\/tr><tr><td>Un Concepto No Convencional Basado En Flutter Para Cosechar Energ\u00eda<\/td><td>P\u00e9rez Segura  Martin: Beltramo  Emmanuel: Roccia  Bruno A.: Valdez  Marcelo F.: Verstraete  Marcos L.: Ceballos  Luis R.: Preidkman  Sergio<\/td><td>2020<\/td><\/tr><tr><td>Constructive Aerodynamic Interference In A Network Of Weakly Coupled Flutter-Based Energy Harvesters<\/td><td>Beltramo  Emmanuel: P\u00e9rez Segura  Martin: Roccia  Bruno A.: Valdez  Marcelo F.: Verstraete  Marcos L.: Ceballos  Luis R.: Preidkman  Sergio<\/td><td>2020<\/td><\/tr><tr><td>Estudio Comparativo Sobre Modelos Aerodin\u00e1micos Anal\u00edticos Y Computacionales Para MAV De Aleteo De Alas<\/td><td>MF Valdez:  B. Balachandran:  S. Preidikman<\/td><td>2020<\/td><\/tr><tr><td>Comparative Study On Analytical And Computational Aerodynamic Models For Flapping Wings MAVs<\/td><td>MF Valdez:  B. Balachandran:  S. Preidikman<\/td><td>2020<\/td><\/tr><tr><td>Comparison Of Four In-Situ Methods For The Determination Of Walls Thermal Resistance In Free-Running Buildings With Alternating Heat Flux In Different Seasons<\/td><td>Flores Larsen  Silvana: Hongn  Marcos: Castro  Nicol\u00e1s: Gonz\u00e1lez Silvina<\/td><td>2019<\/td><\/tr><tr><td>Impact Of Climate Change On Energy Use And Bioclimatic Design Of Residential Buildings In The 21st Century In Argentina<\/td><td>Flores Larsen  Silvana: Filipp\u00edn  Celina: Barea G.<\/td><td>2019<\/td><\/tr><tr><td>Performance Energ\u00e9tica De Una Vivienda Social En Argentina Y Su Rehabilitaci\u00f3n Basada En Simulaci\u00f3n T\u00e9rmica<\/td><td>Mazzoco M.P.: Filipp\u00edn C.: Sulaiman H.: Flores Larsen S.<\/td><td>2018<\/td><\/tr><tr><td>Improvement Of Energy Performance Metrics For The Retrofit Of The Built Environment. Adaptation To Climate Change And Mitigation Of Energy Poverty<\/td><td>Filipp\u00edn C.: Flores Larsen S: RICARD F.<\/td><td>2018<\/td><\/tr><tr><td>Retrospective Analysis Of The Energy Consumption Of Single-Family Dwellings In Central Argentina. Retrofitting And Adaptation To The Climate Change<\/td><td>Filipp\u00edn C.: Ricard F.: Flores Larsen S.: Santamouris M.<\/td><td>2017<\/td><\/tr><tr><td>Modeling Double Skin Green Fa\u00e7ades With Traditional Thermal Simulation Software<\/td><td>Flores Larsen S.: Filipp\u00edn C.: Lesino G<\/td><td>2015<\/td><\/tr><tr><td>Double Skin Glazed Facades In Sunny Mediterranean Climates<\/td><td>Flores Larsen S.: Rengifo L.: Filippin C.<\/td><td>2015<\/td><\/tr><tr><td>Experimental Monitoring And Post-Occupancy Evaluation Of A Non-Domestic Solar Building In The Central Region Of Argentina<\/td><td>Filipp\u00edn C.: Flores Larsen S.: Marek L.<\/td><td>2015<\/td><\/tr><tr><td>Thermal Simulation Of A Double Skin Fa\u00e7ade With Plants<\/td><td>Flores Larsen S.: Filipp\u00edn C.: Lesino G<\/td><td>2014<\/td><\/tr><tr><td>Thermal Evaluation And Modeling Of A Double-Pass Solar Collector For Air Heating<\/td><td>Gonz\u00e1lez S.: Flores Larsen S.: Hern\u00e1ndez A.: Lesino G.<\/td><td>2014<\/td><\/tr><tr><td>Determining The Infrared Reflectance Of Specular Surfaces By Using Thermographic Analysis<\/td><td>Flores Larsen S.: Hongn M.<\/td><td>2014<\/td><\/tr><tr><td>Monitoreo Energ\u00e9tico Experimental De Vivienda Unifamiliar Compacta En Un Clima Templado Frio De Argentina<\/td><td>Filippin C.: Sipowicz E.: Flores Larsen S.<\/td><td>2013<\/td><\/tr><tr><td>Passive Solar Radiant System  SIRASOL. Physical\u2013Mathematical Modeling And Sensitivity Analysis<\/td><td>Mercado V.: Esteves A.: Filippin C.: Flores Larsen S.<\/td><td>2013<\/td><\/tr><tr><td>Evaluation Of Heating Energy Consumption Patterns In The Residential Building Sector Using Stepwise Selection And Multivariate Analysis<\/td><td>Filippin C.: Ricard F.: Flores Larsen S.<\/td><td>2013<\/td><\/tr><tr><td>Summer Thermal Behaviour Of Compact Single Family Housing In A Temperate Climate In Argentina<\/td><td>Filippin C.: Flores Larsen S.<\/td><td>2012<\/td><\/tr><tr><td>Historical Consumption Of Heating Natural Gas And Thermal Monitoring Of A Multifamily High-Rise Building In A Temperate\/Cold Climate In Argentina<\/td><td>Filipp\u00edn C.: Flores Larsen S.<\/td><td>2012<\/td><\/tr><tr><td>Study Of The Energy Consumption Of A Massive Free-Running Building In The Argentinean Northwest Through Monitoring And Thermal Simulation<\/td><td>Flores Larsen S.: Filippin C.: Gonz\u00e1lez S.<\/td><td>2012<\/td><\/tr><tr><td>Winter Energy Behaviour In Multi-Family Block Buildings In A Temperate-Cold Climate In Argentina<\/td><td>Filippin C.: Flores Larsen S.: Mercado V.<\/td><td>2011<\/td><\/tr><tr><td>Transient Simulation Of A Storage Floor With A Heating\/Cooling Parallel Pipe System<\/td><td>Flores Larsen S.: Filipin C.: Lesino G.<\/td><td>2010<\/td><\/tr><tr><td>Energy Consumption Of Bioclimatic Buildings In Argentina During The Period 2001-2008<\/td><td>Filippin C.: Flores Larsen S.: Canori M.<\/td><td>2010<\/td><\/tr><tr><td>Analysis Of Energy Consumption Patterns In Multi-Family Housing In A Moderate Cold Climate<\/td><td>Filippin C.: Flores Larsen S<\/td><td>2009<\/td><\/tr><tr><td>Thermal Behavior Of The Building Envelope: A Case Study<\/td><td>Flores Larsen S.: Filippin C.: Lesino G.<\/td><td>2009<\/td><\/tr><tr><td>Analysis And Improvement Of The Thermal Behavior Of Social Houses In Northern Argentina Through Transient Thermal Simulation<\/td><td>Flores Larsen S.: Filippin C.<\/td><td>2008<\/td><\/tr><tr><td>Energy Improvement Of A Conventional Dwelling In Argentina Through Thermal Simulation<\/td><td>Filippin C.: Flores Larsen S.: Lopez Gay E.<\/td><td>2008<\/td><\/tr><tr><td>Eficiencia Energ\u00e9tica En Un Edificio No-Residencial De Uso Intermitente Y Altas Cargas Internas En Argentina<\/td><td>Flores Larsen S.: Filippin C.: Beascochea A.<\/td><td>2008<\/td><\/tr><tr><td>An Experience On Integrating Monitoring And Simulation Tools In The Design Of Energy-Saving Buildings<\/td><td>Flores Larsen S.: Filippin C.: Beascochea A.: Lesino G.<\/td><td>2008<\/td><\/tr><tr><td>An Energy Efficient School For A Nature Disposed Population In Arid Lands Of Central Argentina<\/td><td>Filippin C.: Marek L.: Flores Larsen S.: Lesino G.<\/td><td>2007<\/td><\/tr><tr><td>Response Of Conventional And Energy-Saving Buildings To Design And Human Dependent Factors<\/td><td>Filippin C.: Flores Larsen S.: Beascochea A.: Lesino G.<\/td><td>2005<\/td><\/tr><tr><td>Estudio De La Difusividad T\u00e9rmica De Materiales De Construcci\u00f3n<\/td><td>Flores Larsen S.: Lesino G.<\/td><td>2004<\/td><\/tr><tr><td>Monitoreo Y Simulaci\u00f3n De Un Sistema De Conductos Enterrados Para Acondicionamiento De Oficinas<\/td><td>Flores Larsen S.: Lesino G.<\/td><td>2003<\/td><\/tr><\/tbody><\/table>\n            <\/div><div class=\"ea-advanced-data-table-pagination ea-advanced-data-table-pagination-button clearfix\"><\/div><\/div>\t\t<\/div>\n\t\t\t\t<\/div>\n\t\t\t\t\t<\/div>\n\t\t<\/div>\n\t\t\t\t\t<\/div>\n\t\t<\/section>\n\t\t\t\t<\/div>\n\t\t","protected":false},"excerpt":{"rendered":"<p>Articulos en Revistas Internacionales Titulo Autores A\u00f1o Evaluaci\u00f3n del confort t\u00e9r-mico en viviendas vulnerables de Ushuaia Argentina a trav\u00e9s de datos medidos Ludue\u00f1a Camila: Hongn Marcos: Acha Rom\u00e1n Consuelo 2025 Plant assemblages on extensive green roofs as a nature-based solution for energy efficiency in semi-arid urban climates Robbiati Federico O.: Barea Gustavo: Ovando Gustavo: C\u00e1ceres&hellip;&nbsp;<a href=\"https:\/\/leb.inenco.unsa.edu.ar\/index.php\/es\/publicaciones\/articulos-en-revistas-internacionales-2\/\" rel=\"bookmark\">Leer m\u00e1s &raquo;<span class=\"screen-reader-text\">Art\u00edculos en Revistas Internacionales<\/span><\/a><\/p>\n","protected":false},"author":1,"featured_media":6692,"parent":56,"menu_order":1,"comment_status":"open","ping_status":"closed","template":"","meta":{"_eb_attr":"","neve_meta_sidebar":"","neve_meta_container":"","neve_meta_enable_content_width":"","neve_meta_content_width":0,"neve_meta_title_alignment":"","neve_meta_author_avatar":"","neve_post_elements_order":"","neve_meta_disable_header":"","neve_meta_disable_footer":"","neve_meta_disable_title":"","_ti_tpc_template_sync":false,"_ti_tpc_template_id":"","footnotes":""},"class_list":["post-3613","page","type-page","status-publish","has-post-thumbnail","hentry"],"_links":{"self":[{"href":"https:\/\/leb.inenco.unsa.edu.ar\/index.php\/wp-json\/wp\/v2\/pages\/3613"}],"collection":[{"href":"https:\/\/leb.inenco.unsa.edu.ar\/index.php\/wp-json\/wp\/v2\/pages"}],"about":[{"href":"https:\/\/leb.inenco.unsa.edu.ar\/index.php\/wp-json\/wp\/v2\/types\/page"}],"author":[{"embeddable":true,"href":"https:\/\/leb.inenco.unsa.edu.ar\/index.php\/wp-json\/wp\/v2\/users\/1"}],"replies":[{"embeddable":true,"href":"https:\/\/leb.inenco.unsa.edu.ar\/index.php\/wp-json\/wp\/v2\/comments?post=3613"}],"version-history":[{"count":62,"href":"https:\/\/leb.inenco.unsa.edu.ar\/index.php\/wp-json\/wp\/v2\/pages\/3613\/revisions"}],"predecessor-version":[{"id":7222,"href":"https:\/\/leb.inenco.unsa.edu.ar\/index.php\/wp-json\/wp\/v2\/pages\/3613\/revisions\/7222"}],"up":[{"embeddable":true,"href":"https:\/\/leb.inenco.unsa.edu.ar\/index.php\/wp-json\/wp\/v2\/pages\/56"}],"wp:featuredmedia":[{"embeddable":true,"href":"https:\/\/leb.inenco.unsa.edu.ar\/index.php\/wp-json\/wp\/v2\/media\/6692"}],"wp:attachment":[{"href":"https:\/\/leb.inenco.unsa.edu.ar\/index.php\/wp-json\/wp\/v2\/media?parent=3613"}],"curies":[{"name":"wp","href":"https:\/\/api.w.org\/{rel}","templated":true}]}}