{"id":56,"date":"2016-06-16T00:54:11","date_gmt":"2016-06-16T03:54:11","guid":{"rendered":"http:\/\/leb.inenco.unsa.edu.ar\/?page_id=56"},"modified":"2025-10-07T12:14:40","modified_gmt":"2025-10-07T15:14:40","slug":"publicaciones","status":"publish","type":"page","link":"https:\/\/leb.inenco.unsa.edu.ar\/index.php\/es\/publicaciones\/","title":{"rendered":"PUBLICACIONES"},"content":{"rendered":"\t\t<div data-elementor-type=\"wp-page\" data-elementor-id=\"56\" class=\"elementor elementor-56\">\n\t\t\t\t\t\t<section class=\"elementor-section elementor-top-section elementor-element elementor-element-56931cd elementor-section-full_width elementor-section-height-default elementor-section-height-default\" data-id=\"56931cd\" data-element_type=\"section\" data-settings=\"{&quot;background_background&quot;:&quot;classic&quot;,&quot;shape_divider_top&quot;:&quot;tilt&quot;,&quot;shape_divider_bottom&quot;:&quot;tilt&quot;}\">\n\t\t\t\t\t\t\t<div class=\"elementor-background-overlay\"><\/div>\n\t\t\t\t\t\t<div class=\"elementor-shape elementor-shape-top\" data-negative=\"false\">\n\t\t\t<svg xmlns=\"http:\/\/www.w3.org\/2000\/svg\" viewBox=\"0 0 1000 100\" preserveAspectRatio=\"none\">\n\t<path class=\"elementor-shape-fill\" d=\"M0,6V0h1000v100L0,6z\"\/>\n<\/svg>\t\t<\/div>\n\t\t\t\t<div class=\"elementor-shape elementor-shape-bottom\" data-negative=\"false\">\n\t\t\t<svg xmlns=\"http:\/\/www.w3.org\/2000\/svg\" viewBox=\"0 0 1000 100\" preserveAspectRatio=\"none\">\n\t<path class=\"elementor-shape-fill\" d=\"M0,6V0h1000v100L0,6z\"\/>\n<\/svg>\t\t<\/div>\n\t\t\t\t\t<div class=\"elementor-container elementor-column-gap-default\">\n\t\t\t\t\t<div class=\"elementor-column elementor-col-100 elementor-top-column elementor-element elementor-element-e11f944\" data-id=\"e11f944\" data-element_type=\"column\" data-settings=\"{&quot;background_background&quot;:&quot;classic&quot;}\">\n\t\t\t<div class=\"elementor-widget-wrap elementor-element-populated\">\n\t\t\t\t\t\t<div class=\"elementor-element elementor-element-0542569 elementor-grid-eael-col-3 elementor-grid-tablet-eael-col-2 elementor-grid-mobile-eael-col-1 elementor-widget elementor-widget-eael-post-grid\" data-id=\"0542569\" data-element_type=\"widget\" data-settings=\"{&quot;eael_post_grid_columns&quot;:&quot;eael-col-3&quot;,&quot;eael_post_grid_columns_tablet&quot;:&quot;eael-col-2&quot;,&quot;eael_post_grid_columns_mobile&quot;:&quot;eael-col-1&quot;}\" data-widget_type=\"eael-post-grid.default\">\n\t\t\t\t<div class=\"elementor-widget-container\">\n\t\t\t<div id=\"eael-post-grid-0542569\" class=\"eael-post-grid-container\">\n            <div class=\"eael-post-grid eael-post-appender eael-post-appender-0542569 eael-post-grid-style-three\" data-layout-mode=\"grid\"><article class=\"eael-grid-post eael-post-grid-column\" data-id=\"753\">\n        <div class=\"eael-grid-post-holder\">\n            <div class=\"eael-grid-post-holder-inner\"><div class=\"eael-entry-media\"><div class=\"eael-entry-overlay fade-in\"><i class=\"fas fa-long-arrow-alt-right\" aria-hidden=\"true\"><\/i><a href=\"https:\/\/leb.inenco.unsa.edu.ar\/index.php\/es\/publicaciones\/articulos-en-congresos-internacionales\/\"target=\"_blank\"><\/a><\/div><div class=\"eael-entry-thumbnail eael-image-ratio\">\n                 <img fetchpriority=\"high\" decoding=\"async\" width=\"300\" height=\"217\" src=\"https:\/\/leb.inenco.unsa.edu.ar\/wp-content\/uploads\/2025\/09\/oscar_protocolo_protocolo_congresos-300x217.png\" class=\"attachment-medium size-medium wp-image-6696\" alt=\"\" srcset=\"https:\/\/leb.inenco.unsa.edu.ar\/wp-content\/uploads\/2025\/09\/oscar_protocolo_protocolo_congresos-300x217.png 300w, https:\/\/leb.inenco.unsa.edu.ar\/wp-content\/uploads\/2025\/09\/oscar_protocolo_protocolo_congresos.png 360w\" sizes=\"(max-width: 300px) 100vw, 300px\" \/>\n             <\/div>\n        <\/div><div class=\"eael-entry-wrapper\"><header class=\"eael-entry-header\"><h1 class=\"eael-entry-title\"><a class=\"eael-grid-post-link\" href=\"https:\/\/leb.inenco.unsa.edu.ar\/index.php\/es\/publicaciones\/articulos-en-congresos-internacionales\/\" title=\"Art\u00edculos en Congresos Internacionales\"target=\"_blank\">Art\u00edculos en Congresos Internacionales<\/a><\/h1><\/header><div class=\"eael-entry-content\">\n                        <div class=\"eael-grid-post-excerpt\"><a href=\"https:\/\/leb.inenco.unsa.edu.ar\/index.php\/es\/publicaciones\/articulos-en-congresos-internacionales\/\" class=\"eael-post-elements-readmore-btn\"target=\"_blank\">Leer m\u00e1s<\/a><\/div>\n                    <\/div><\/div><\/div>\n        <\/div>\n    <\/article><article class=\"eael-grid-post eael-post-grid-column\" data-id=\"793\">\n        <div class=\"eael-grid-post-holder\">\n            <div class=\"eael-grid-post-holder-inner\"><div class=\"eael-entry-media\"><div class=\"eael-entry-overlay fade-in\"><i class=\"fas fa-long-arrow-alt-right\" aria-hidden=\"true\"><\/i><a href=\"https:\/\/leb.inenco.unsa.edu.ar\/index.php\/es\/publicaciones\/articulos-en-jornadas-y-congresos-nacionales\/\"target=\"_blank\"><\/a><\/div><div class=\"eael-entry-thumbnail eael-image-ratio\">\n                 <img decoding=\"async\" width=\"256\" height=\"256\" src=\"https:\/\/leb.inenco.unsa.edu.ar\/wp-content\/uploads\/2025\/09\/congresos.png\" class=\"attachment-medium size-medium wp-image-6704\" alt=\"\" \/>\n             <\/div>\n        <\/div><div class=\"eael-entry-wrapper\"><header class=\"eael-entry-header\"><h1 class=\"eael-entry-title\"><a class=\"eael-grid-post-link\" href=\"https:\/\/leb.inenco.unsa.edu.ar\/index.php\/es\/publicaciones\/articulos-en-jornadas-y-congresos-nacionales\/\" title=\"Art\u00edculos en Jornadas y Congresos Nacionales\"target=\"_blank\">Art\u00edculos en Jornadas y Congresos Nacionales<\/a><\/h1><\/header><div class=\"eael-entry-content\">\n                        <div class=\"eael-grid-post-excerpt\"><a href=\"https:\/\/leb.inenco.unsa.edu.ar\/index.php\/es\/publicaciones\/articulos-en-jornadas-y-congresos-nacionales\/\" class=\"eael-post-elements-readmore-btn\"target=\"_blank\">Leer m\u00e1s<\/a><\/div>\n                    <\/div><\/div><\/div>\n        <\/div>\n    <\/article><article class=\"eael-grid-post eael-post-grid-column\" data-id=\"3613\">\n        <div class=\"eael-grid-post-holder\">\n            <div class=\"eael-grid-post-holder-inner\"><div class=\"eael-entry-media\"><div class=\"eael-entry-overlay fade-in\"><i class=\"fas fa-long-arrow-alt-right\" aria-hidden=\"true\"><\/i><a href=\"https:\/\/leb.inenco.unsa.edu.ar\/index.php\/es\/publicaciones\/articulos-en-revistas-internacionales-2\/\"target=\"_blank\"><\/a><\/div><div class=\"eael-entry-thumbnail eael-image-ratio\">\n                 <img decoding=\"async\" width=\"280\" height=\"199\" src=\"https:\/\/leb.inenco.unsa.edu.ar\/wp-content\/uploads\/2025\/09\/imgRevista.png\" class=\"attachment-medium size-medium wp-image-6692\" alt=\"\" \/>\n             <\/div>\n        <\/div><div class=\"eael-entry-wrapper\"><header class=\"eael-entry-header\"><h1 class=\"eael-entry-title\"><a class=\"eael-grid-post-link\" href=\"https:\/\/leb.inenco.unsa.edu.ar\/index.php\/es\/publicaciones\/articulos-en-revistas-internacionales-2\/\" title=\"Art\u00edculos en Revistas Internacionales\"target=\"_blank\">Art\u00edculos en Revistas Internacionales<\/a><\/h1><\/header><div class=\"eael-entry-content\">\n                        <div class=\"eael-grid-post-excerpt\"><a href=\"https:\/\/leb.inenco.unsa.edu.ar\/index.php\/es\/publicaciones\/articulos-en-revistas-internacionales-2\/\" class=\"eael-post-elements-readmore-btn\"target=\"_blank\">Leer m\u00e1s<\/a><\/div>\n                    <\/div><\/div><\/div>\n        <\/div>\n    <\/article><article class=\"eael-grid-post eael-post-grid-column\" data-id=\"791\">\n        <div class=\"eael-grid-post-holder\">\n            <div class=\"eael-grid-post-holder-inner\"><div class=\"eael-entry-media\"><div class=\"eael-entry-overlay fade-in\"><i class=\"fas fa-long-arrow-alt-right\" aria-hidden=\"true\"><\/i><a href=\"https:\/\/leb.inenco.unsa.edu.ar\/index.php\/es\/publicaciones\/articulos-en-revistas-nacionales\/\"target=\"_blank\"><\/a><\/div><div class=\"eael-entry-thumbnail eael-image-ratio\">\n                 <img decoding=\"async\" width=\"280\" height=\"199\" src=\"https:\/\/leb.inenco.unsa.edu.ar\/wp-content\/uploads\/2025\/09\/imgRevista.png\" class=\"attachment-medium size-medium wp-image-6692\" alt=\"\" \/>\n             <\/div>\n        <\/div><div class=\"eael-entry-wrapper\"><header class=\"eael-entry-header\"><h1 class=\"eael-entry-title\"><a class=\"eael-grid-post-link\" href=\"https:\/\/leb.inenco.unsa.edu.ar\/index.php\/es\/publicaciones\/articulos-en-revistas-nacionales\/\" title=\"Art\u00edculos en Revistas Nacionales\"target=\"_blank\">Art\u00edculos en Revistas Nacionales<\/a><\/h1><\/header><div class=\"eael-entry-content\">\n                        <div class=\"eael-grid-post-excerpt\"><a href=\"https:\/\/leb.inenco.unsa.edu.ar\/index.php\/es\/publicaciones\/articulos-en-revistas-nacionales\/\" class=\"eael-post-elements-readmore-btn\"target=\"_blank\">Leer m\u00e1s<\/a><\/div>\n                    <\/div><\/div><\/div>\n        <\/div>\n    <\/article><article class=\"eael-grid-post eael-post-grid-column\" data-id=\"803\">\n        <div class=\"eael-grid-post-holder\">\n            <div class=\"eael-grid-post-holder-inner\"><div class=\"eael-entry-media\"><div class=\"eael-entry-overlay fade-in\"><i class=\"fas fa-long-arrow-alt-right\" aria-hidden=\"true\"><\/i><a href=\"https:\/\/leb.inenco.unsa.edu.ar\/index.php\/es\/publicaciones\/libros-y-capitulos-de-libros\/\"target=\"_blank\"><\/a><\/div><div class=\"eael-entry-thumbnail eael-image-ratio\">\n                 <img loading=\"lazy\" decoding=\"async\" width=\"184\" height=\"127\" src=\"https:\/\/leb.inenco.unsa.edu.ar\/wp-content\/uploads\/2025\/09\/libros2-198x300-1-e1758649333965.png\" class=\"attachment-medium size-medium wp-image-6725\" alt=\"\" \/>\n             <\/div>\n        <\/div><div class=\"eael-entry-wrapper\"><header class=\"eael-entry-header\"><h1 class=\"eael-entry-title\"><a class=\"eael-grid-post-link\" href=\"https:\/\/leb.inenco.unsa.edu.ar\/index.php\/es\/publicaciones\/libros-y-capitulos-de-libros\/\" title=\"Libros y Cap\u00edtulos de Libros\"target=\"_blank\">Libros y Cap\u00edtulos de Libros<\/a><\/h1><\/header><div class=\"eael-entry-content\">\n                        <div class=\"eael-grid-post-excerpt\"><a href=\"https:\/\/leb.inenco.unsa.edu.ar\/index.php\/es\/publicaciones\/libros-y-capitulos-de-libros\/\" class=\"eael-post-elements-readmore-btn\"target=\"_blank\">Leer m\u00e1s<\/a><\/div>\n                    <\/div><\/div><\/div>\n        <\/div>\n    <\/article><article class=\"eael-grid-post eael-post-grid-column\" data-id=\"795\">\n        <div class=\"eael-grid-post-holder\">\n            <div class=\"eael-grid-post-holder-inner\"><div class=\"eael-entry-media\"><div class=\"eael-entry-overlay fade-in\"><i class=\"fas fa-long-arrow-alt-right\" aria-hidden=\"true\"><\/i><a href=\"https:\/\/leb.inenco.unsa.edu.ar\/index.php\/es\/publicaciones\/revista-avances-en-energias-renovables-y-medio-ambiente\/\"target=\"_blank\"><\/a><\/div><div class=\"eael-entry-thumbnail eael-image-ratio\">\n                 <img loading=\"lazy\" decoding=\"async\" width=\"232\" height=\"300\" src=\"https:\/\/leb.inenco.unsa.edu.ar\/wp-content\/uploads\/2025\/09\/ASADES2024-2-232x300.jpg\" class=\"attachment-medium size-medium wp-image-6732\" alt=\"\" srcset=\"https:\/\/leb.inenco.unsa.edu.ar\/wp-content\/uploads\/2025\/09\/ASADES2024-2-232x300.jpg 232w, https:\/\/leb.inenco.unsa.edu.ar\/wp-content\/uploads\/2025\/09\/ASADES2024-2.jpg 586w\" sizes=\"(max-width: 232px) 100vw, 232px\" \/>\n             <\/div>\n        <\/div><div class=\"eael-entry-wrapper\"><header class=\"eael-entry-header\"><h1 class=\"eael-entry-title\"><a class=\"eael-grid-post-link\" href=\"https:\/\/leb.inenco.unsa.edu.ar\/index.php\/es\/publicaciones\/revista-avances-en-energias-renovables-y-medio-ambiente\/\" title=\"Revista: Avances en Energ\u00edas Renovables y Medio Ambiente\"target=\"_blank\">Revista: Avances en Energ\u00edas Renovables y Medio Ambiente<\/a><\/h1><\/header><div class=\"eael-entry-content\">\n                        <div class=\"eael-grid-post-excerpt\"><a href=\"https:\/\/leb.inenco.unsa.edu.ar\/index.php\/es\/publicaciones\/revista-avances-en-energias-renovables-y-medio-ambiente\/\" class=\"eael-post-elements-readmore-btn\"target=\"_blank\">Leer m\u00e1s<\/a><\/div>\n                    <\/div><\/div><\/div>\n        <\/div>\n    <\/article><\/div>\n            <div class=\"clearfix\"><\/div>\n        <\/div>\t\t<\/div>\n\t\t\t\t<\/div>\n\t\t\t\t\t<\/div>\n\t\t<\/div>\n\t\t\t\t\t<\/div>\n\t\t<\/section>\n\t\t\t\t<\/div>\n\t\t","protected":false},"excerpt":{"rendered":"<p>Art\u00edculos en Congresos Internacionales Leer m\u00e1s Art\u00edculos en Jornadas y Congresos Nacionales Leer m\u00e1s Art\u00edculos en Revistas Internacionales Leer m\u00e1s Art\u00edculos en Revistas Nacionales Leer m\u00e1s Libros y Cap\u00edtulos de Libros Leer m\u00e1s Revista: Avances en Energ\u00edas Renovables y Medio Ambiente Leer m\u00e1s<\/p>\n","protected":false},"author":1,"featured_media":0,"parent":0,"menu_order":0,"comment_status":"closed","ping_status":"closed","template":"","meta":{"_eb_attr":"","neve_meta_sidebar":"","neve_meta_container":"","neve_meta_enable_content_width":"","neve_meta_content_width":0,"neve_meta_title_alignment":"","neve_meta_author_avatar":"","neve_post_elements_order":"","neve_meta_disable_header":"","neve_meta_disable_footer":"","neve_meta_disable_title":"","_ti_tpc_template_sync":false,"_ti_tpc_template_id":"","footnotes":""},"class_list":["post-56","page","type-page","status-publish","hentry"],"_links":{"self":[{"href":"https:\/\/leb.inenco.unsa.edu.ar\/index.php\/wp-json\/wp\/v2\/pages\/56"}],"collection":[{"href":"https:\/\/leb.inenco.unsa.edu.ar\/index.php\/wp-json\/wp\/v2\/pages"}],"about":[{"href":"https:\/\/leb.inenco.unsa.edu.ar\/index.php\/wp-json\/wp\/v2\/types\/page"}],"author":[{"embeddable":true,"href":"https:\/\/leb.inenco.unsa.edu.ar\/index.php\/wp-json\/wp\/v2\/users\/1"}],"replies":[{"embeddable":true,"href":"https:\/\/leb.inenco.unsa.edu.ar\/index.php\/wp-json\/wp\/v2\/comments?post=56"}],"version-history":[{"count":142,"href":"https:\/\/leb.inenco.unsa.edu.ar\/index.php\/wp-json\/wp\/v2\/pages\/56\/revisions"}],"predecessor-version":[{"id":6804,"href":"https:\/\/leb.inenco.unsa.edu.ar\/index.php\/wp-json\/wp\/v2\/pages\/56\/revisions\/6804"}],"wp:attachment":[{"href":"https:\/\/leb.inenco.unsa.edu.ar\/index.php\/wp-json\/wp\/v2\/media?parent=56"}],"curies":[{"name":"wp","href":"https:\/\/api.w.org\/{rel}","templated":true}]}}