{"id":753,"date":"2016-12-27T15:14:23","date_gmt":"2016-12-27T18:14:23","guid":{"rendered":"http:\/\/leb.inenco.unsa.edu.ar\/?page_id=753"},"modified":"2026-02-06T16:55:54","modified_gmt":"2026-02-06T19:55:54","slug":"articulos-en-congresos-internacionales","status":"publish","type":"page","link":"https:\/\/leb.inenco.unsa.edu.ar\/index.php\/es\/publicaciones\/articulos-en-congresos-internacionales\/","title":{"rendered":"Art\u00edculos en Congresos Internacionales"},"content":{"rendered":"\t\t<div data-elementor-type=\"wp-page\" data-elementor-id=\"753\" class=\"elementor elementor-753\">\n\t\t\t\t\t\t<section class=\"elementor-section elementor-top-section elementor-element elementor-element-4994613 elementor-section-stretched elementor-section-boxed elementor-section-height-default elementor-section-height-default\" data-id=\"4994613\" data-element_type=\"section\" data-settings=\"{&quot;stretch_section&quot;:&quot;section-stretched&quot;}\">\n\t\t\t\t\t\t<div class=\"elementor-container elementor-column-gap-default\">\n\t\t\t\t\t<div class=\"elementor-column elementor-col-100 elementor-top-column elementor-element elementor-element-cefacff\" data-id=\"cefacff\" data-element_type=\"column\">\n\t\t\t<div class=\"elementor-widget-wrap elementor-element-populated\">\n\t\t\t\t\t\t<div class=\"elementor-element elementor-element-f08b00d elementor-widget elementor-widget-heading\" data-id=\"f08b00d\" data-element_type=\"widget\" data-widget_type=\"heading.default\">\n\t\t\t\t<div class=\"elementor-widget-container\">\n\t\t\t<h1 class=\"elementor-heading-title elementor-size-default\">Art\u00edculos en Congresos Internacionales<\/h1>\t\t<\/div>\n\t\t\t\t<\/div>\n\t\t\t\t\t<\/div>\n\t\t<\/div>\n\t\t\t\t\t<\/div>\n\t\t<\/section>\n\t\t\t\t<section class=\"elementor-section elementor-top-section elementor-element elementor-element-332ba3e elementor-section-stretched elementor-section-boxed elementor-section-height-default elementor-section-height-default\" data-id=\"332ba3e\" data-element_type=\"section\" data-settings=\"{&quot;stretch_section&quot;:&quot;section-stretched&quot;}\">\n\t\t\t\t\t\t<div class=\"elementor-container elementor-column-gap-default\">\n\t\t\t\t\t<div class=\"elementor-column elementor-col-100 elementor-top-column elementor-element elementor-element-200a6a3\" data-id=\"200a6a3\" data-element_type=\"column\" data-settings=\"{&quot;background_background&quot;:&quot;classic&quot;}\">\n\t\t\t<div class=\"elementor-widget-wrap elementor-element-populated\">\n\t\t\t\t\t\t<div class=\"elementor-element elementor-element-4f261b5 elementor-widget elementor-widget-eael-advanced-data-table\" data-id=\"4f261b5\" data-element_type=\"widget\" data-widget_type=\"eael-advanced-data-table.default\">\n\t\t\t\t<div class=\"elementor-widget-container\">\n\t\t\t<div class=\"ea-advanced-data-table-wrap\" data-id=\"4f261b5\"><div class=\"ea-advanced-data-table-search-wrap ea-advanced-data-table-search-right\"><input type=\"search\" placeholder=\"Buscar\" class=\"ea-advanced-data-table-search\"><\/div><div class=\"ea-advanced-data-table-wrap-inner\">\n                <table class=\"ea-advanced-data-table ea-advanced-data-table-csv ea-advanced-data-table-4f261b5 ea-advanced-data-table-sortable ea-advanced-data-table-paginated ea-advanced-data-table-searchable\" data-id=\"4f261b5\" data-items-per-page=\"6\"><tbody><tr><td>TITULO<\/td><td>AUTORES<\/td><td>A\u00d1O<\/td><\/tr><tr><td>Sistemas constructivos activados con tubos embebidos: comparativa entre modelos termo-ernerg\u00e9ticos de diferente complejidad - XXXIX Congreso Argentino de Mec\u00e1nica Computacional MECOM 2023 - I Congreso Argentino Uruguayo de Mec\u00e1nica Computacional. Lugar: Concordia Entre R\u00edos - Salto Uruguay.<\/td><td>Montenegro Federico; Hongn Marcos E.; Valdez Marcelo F.; Flores Larsen Silvana E.<\/td><td>2023<\/td><\/tr><tr><td>Simulaci\u00f3n computacional de un arreglo de cosechadores de energ\u00eda basados en vibracioens inducidas por flujo - XXXIX Congreso Argentino de Mec\u00e1nica Computacional - I Congreso Argentino Uruguayo de Mec\u00e1nica Computacional. Lugar: Concordia Entre R\u00edos- Salto Uruguay.<\/td><td>Valdez Marcelo F.; Franco Lopera Danae; Flores Larsen Silvana E.; Preidikman Sergio<\/td><td>2023<\/td><\/tr><tr><td>Rehabilitaci\u00f3n energ\u00e9tica en biblioteca del museo Uriburu en Salta a partir de simulaci\u00f3n calibrada con monitoreo higrot\u00e9rmicovii congresso latino-americano de simula\u00e7\u00e3o de edif\u00edcios. Lugar: Florian\u00f3polis<\/td><td>Gea Camila; Flores Larsen Silvana;Hongn Marcos; Gonz\u00e1lez Silvina; Gea Gabriel<\/td><td>2023<\/td><\/tr><tr><td>Condiciones higrot\u00e9rmicas actuales y futuras en viviendas sociales en el Norte de Argentina. Congreso Internacional de Cambio Clim\u00e1tico. Lugar: Loja<\/td><td>Flores Larsen Silvana; Filipp\u00edn; Celina<\/td><td>2020<\/td><\/tr><tr><td>Estudio experimental y num\u00e9rico de una pared solar en clima templado. XVII Congresso Ib\u00e9rico e XIII Congresso Ibero-americano de Energia Solar. Lugar: Lisboa<\/td><td>Vitale Gerardo; Rodriguez J.; Berges I.; Boves I.; Flores Larsen Silvana<\/td><td>2020<\/td><\/tr><tr><td>Monitoreo post-ocupaci\u00f3n y simulaci\u00f3n de un edificio bioclim\u00e1tico no residencial durante la transici\u00f3n primaveraverano en clima de m\u00e1xima irradiancia<\/td><td>Filipp\u00edn C.; Flores Larsen S.<\/td><td>2019<\/td><\/tr><tr><td>Determinaci\u00f3n in situ de la resistencia t\u00e9rmica de envolventes edilicias livianas bajo condiciones de funcionamiento libre<\/td><td>Hongn M.; Flores Larsen S.; Gonz\u00e1lez S.; Castro N.; Jaime D.<\/td><td>2019<\/td><\/tr><tr><td>Termograf\u00eda infrarroja aplicada al Cabildo de Salta. Un primer paso hacia la rehabilitaci\u00f3n energ\u00e9tica de edificios hist\u00f3ricos<\/td><td>Flores Larsen s.; Herr C.; Gonzalez S.; Gea C.<\/td><td>2019<\/td><\/tr><tr><td>Comportamiento t\u00e9rmico de una doble fachada verde en oto\u00f1o. Resultados preliminares<\/td><td>Flores Larsen; Silvana; Filipp\u00edn; Celina; Marek L.; Hongn M.<\/td><td>2019<\/td><\/tr><tr><td>The energy retrofit of building fa\u00e7ades in 22@ innovation district of Barcelona: impact of the energy performance analysis on the business model<\/td><td>M Manca; Z Prochazkova; U Berardi; S Flores Larsen; T Batlle Pag\u00e9s; F. Pich Aguilera<\/td><td>2019<\/td><\/tr><tr><td>Modeling the spectral solar transmittance of double green facades for energy simulation<\/td><td>Flores Larsen S.; Castro N.; Filipp\u00edn C.; L\u00f3pez C.<\/td><td>2018<\/td><\/tr><tr><td>Curso de postgrado a distancia para las Am\u00e9ricas: ense\u00f1anza y aplicaciones de las energ\u00edas renovables en un entramado que potencia el desarrollo profesional y local<\/td><td>Javi V.; Manrique S.; Flores Larsen S.; Esp\u00ecnosa C.; Franco J.<\/td><td>2018<\/td><\/tr><tr><td>Comparaci\u00f3n de tres m\u00e9todos para la determinaci\u00f3n de la resistencia t\u00e9rmica de muros a partir de datos medidos<\/td><td>Castro N.; Flores Larsen S.; Gonz\u00e1lez S.; Hongn M.<\/td><td>2017<\/td><\/tr><tr><td>Determinaci\u00f3n in situ de la resistencia t\u00e9rmica de un muro para su uso en modelos de simulaci\u00f3n<\/td><td>Flores Larsen S.; Ratka A.; Castro N.; Hongn M.; Gonz\u00e1lez S.<\/td><td>2016<\/td><\/tr><tr><td>Influencia del cambio clim\u00e1tico en el consumo energ\u00e9tico de una vivienda unifamiliar en La Pampa  Argentina<\/td><td>Flores Larsen S.; Filipp\u00edn C.; Ricard F.<\/td><td>2016<\/td><\/tr><tr><td>Solarenergienutzung in Argentinien \u2013 Chancen und Hindernisse \u2013 Ein Erfahrungsbericht<\/td><td>Ratka A.; Flores Larsen S.; Ernst W.<\/td><td>2016<\/td><\/tr><tr><td>Thermal simulation of a double skin fa\u00e7ade with plants<\/td><td>Flores Larsen S.; Filippin C.; Lesino G.<\/td><td>2013<\/td><\/tr><tr><td>Energy Thermal Redesign of a Bioclimatic School through Monitoring and Simulation<\/td><td>Orce S.; Flores Larsen S.; Filippin C.; Lesino G<\/td><td>2013<\/td><\/tr><tr><td>Thermal evaluation and modeling of a double-pass solar collector for air heating<\/td><td>Gonz\u00e1lez S.; Flores Larsen S.; Hern\u00e1ndez A.; Lesino G.<\/td><td>2013<\/td><\/tr><tr><td>Monitoreo  simulaci\u00f3n y calibraci\u00f3n del comportamiento t\u00e9rmico de un edificio bioclim\u00e1tico en Argentina<\/td><td>Filippin C.; Flores Larsen S.; Mercado V.<\/td><td>2013<\/td><\/tr><tr><td>Simulaci\u00f3n t\u00e9rmica de un edificio para producci\u00f3n ag\u00e1mica de plantas y propuestas para reducir el consumo energ\u00e9tico<\/td><td>Garc\u00eda V\u00edctor O.; Iriarte Adolfo; Flores Larsen Silvana; Ferr\u00f3n Leandro; Lesino Graciela<\/td><td>2012<\/td><\/tr><tr><td>Development and Experimental Evaluation of a Vertical Solar Air Collector for Heating Of Buildings<\/td><td>Qui\u00f1onez J.; H\u00e9rnandez A.; Flores Larsen S<\/td><td>2012<\/td><\/tr><tr><td>La incidencia de los usuarios en el comportamiento t\u00e9rmico de verano de una vivienda en el Noroeste argentino<\/td><td>Flores Larsen S.; Filippin C.; Lesino G.<\/td><td>2010<\/td><\/tr><tr><td>Storage floor with solar air collectors<\/td><td>Flores Larsen S.; Saravia L.; Lesino G.<\/td><td>2009<\/td><\/tr><tr><td>Monitoring and simulation of a building for agamic propagation plant production<\/td><td>Garcia V.; Iriarte A.; Flores Larsen S.; Lesino G.<\/td><td>2009<\/td><\/tr><tr><td>Improvement of the thermal behaviour of a public social building in Argentina<\/td><td>Lesino G.; Hern\u00e1ndez A.; Flores S.; Ramirez J.W.; Quiles E.; Ferioli R.; Gaido A.<\/td><td>2008<\/td><\/tr><tr><td>Un auditorio con energ\u00eda solar en La Pampa  Argentina<\/td><td>Flores Larsen S.; Filippin C.<\/td><td>2007<\/td><\/tr><tr><td>Plant growth\/production in a chamber with bioclimatic conditioning<\/td><td>Garc\u00eda V.; Iriarte A.; Lesino ; Flores Larsen S.; Matias C<\/td><td>2008<\/td><\/tr><tr><td>La importancia del monitoreo y la simulaci\u00f3n computacional como herramienta de evaluaci\u00f3n del comportamiento t\u00e9rmico de edificios bioclim\u00e1ticos<\/td><td>Hern\u00e1ndez A.; Flores Larsen S.; Lesino G.<\/td><td>2007<\/td><\/tr><tr><td>Estrategias bioclim\u00e1ticas en aplicaciones agroindustriales: producci\u00f3n de plantas de alta calidad<\/td><td>Iriarte A.; Garcia V.; Lesino G.; Flores Larsen S.; Matias C.<\/td><td>2006<\/td><\/tr><tr><td>Refuncionalizaci\u00f3n energ\u00e9tica de una vivienda de dise\u00f1o convencional a trav\u00e9s de la simulaci\u00f3n t\u00e9rmica<\/td><td>Filippin C.; Flores Larsen S.<\/td><td>2005<\/td><\/tr><tr><td>Passive solar buildings in a temperate climate in Argentina<\/td><td>Filippin C.; Beascochea A.; Flores Larsen S.; Lesino G.<\/td><td>2005<\/td><\/tr><tr><td>A solar school building in a temperate region in Argentina<\/td><td>Filippin C.; Beascochea A.; Flores Larsen S.; Lesino G.<\/td><td>2005<\/td><\/tr><tr><td>Energy-saving apartments in a semiarid region in Argentina<\/td><td>Filippin C.; Beascochea A.; Flores Larsen S.; Lesino G.<\/td><td>2005<\/td><\/tr><tr><td>Special greenhouse for walnut grafting in arid regions<\/td><td>Garc\u00eda V.; Iriarte A.; Lesino G.; Flores Larsen S.; Mat\u00edas C.<\/td><td>2005<\/td><\/tr><\/tbody><\/table>\n            <\/div><div class=\"ea-advanced-data-table-pagination ea-advanced-data-table-pagination-button clearfix\"><\/div><\/div>\t\t<\/div>\n\t\t\t\t<\/div>\n\t\t\t\t\t<\/div>\n\t\t<\/div>\n\t\t\t\t\t<\/div>\n\t\t<\/section>\n\t\t\t\t<\/div>\n\t\t","protected":false},"excerpt":{"rendered":"<p>Art\u00edculos en Congresos Internacionales TITULO AUTORES A\u00d1O Sistemas constructivos activados con tubos embebidos: comparativa entre modelos termo-ernerg\u00e9ticos de diferente complejidad &#8211; XXXIX Congreso Argentino de Mec\u00e1nica Computacional MECOM 2023 &#8211; I Congreso Argentino Uruguayo de Mec\u00e1nica Computacional. Lugar: Concordia Entre R\u00edos &#8211; Salto Uruguay. Montenegro Federico; Hongn Marcos E.; Valdez Marcelo F.; Flores Larsen Silvana&hellip;&nbsp;<a href=\"https:\/\/leb.inenco.unsa.edu.ar\/index.php\/es\/publicaciones\/articulos-en-congresos-internacionales\/\" rel=\"bookmark\">Leer m\u00e1s &raquo;<span class=\"screen-reader-text\">Art\u00edculos en Congresos Internacionales<\/span><\/a><\/p>\n","protected":false},"author":2,"featured_media":6696,"parent":56,"menu_order":0,"comment_status":"closed","ping_status":"closed","template":"","meta":{"_eb_attr":"","neve_meta_sidebar":"","neve_meta_container":"","neve_meta_enable_content_width":"","neve_meta_content_width":0,"neve_meta_title_alignment":"","neve_meta_author_avatar":"","neve_post_elements_order":"","neve_meta_disable_header":"","neve_meta_disable_footer":"","neve_meta_disable_title":"","_ti_tpc_template_sync":false,"_ti_tpc_template_id":"","footnotes":""},"class_list":["post-753","page","type-page","status-publish","has-post-thumbnail","hentry"],"_links":{"self":[{"href":"https:\/\/leb.inenco.unsa.edu.ar\/index.php\/wp-json\/wp\/v2\/pages\/753"}],"collection":[{"href":"https:\/\/leb.inenco.unsa.edu.ar\/index.php\/wp-json\/wp\/v2\/pages"}],"about":[{"href":"https:\/\/leb.inenco.unsa.edu.ar\/index.php\/wp-json\/wp\/v2\/types\/page"}],"author":[{"embeddable":true,"href":"https:\/\/leb.inenco.unsa.edu.ar\/index.php\/wp-json\/wp\/v2\/users\/2"}],"replies":[{"embeddable":true,"href":"https:\/\/leb.inenco.unsa.edu.ar\/index.php\/wp-json\/wp\/v2\/comments?post=753"}],"version-history":[{"count":49,"href":"https:\/\/leb.inenco.unsa.edu.ar\/index.php\/wp-json\/wp\/v2\/pages\/753\/revisions"}],"predecessor-version":[{"id":7225,"href":"https:\/\/leb.inenco.unsa.edu.ar\/index.php\/wp-json\/wp\/v2\/pages\/753\/revisions\/7225"}],"up":[{"embeddable":true,"href":"https:\/\/leb.inenco.unsa.edu.ar\/index.php\/wp-json\/wp\/v2\/pages\/56"}],"wp:featuredmedia":[{"embeddable":true,"href":"https:\/\/leb.inenco.unsa.edu.ar\/index.php\/wp-json\/wp\/v2\/media\/6696"}],"wp:attachment":[{"href":"https:\/\/leb.inenco.unsa.edu.ar\/index.php\/wp-json\/wp\/v2\/media?parent=753"}],"curies":[{"name":"wp","href":"https:\/\/api.w.org\/{rel}","templated":true}]}}