{"id":798,"date":"2017-02-02T14:59:24","date_gmt":"2017-02-02T17:59:24","guid":{"rendered":"http:\/\/leb.inenco.unsa.edu.ar\/?page_id=798"},"modified":"2025-09-19T14:14:38","modified_gmt":"2025-09-19T17:14:38","slug":"maestrias-y-doctorados-2","status":"publish","type":"page","link":"https:\/\/leb.inenco.unsa.edu.ar\/index.php\/es\/maestrias-y-doctorados-2\/","title":{"rendered":"Tesistas"},"content":{"rendered":"\t\t<div data-elementor-type=\"wp-page\" data-elementor-id=\"798\" class=\"elementor elementor-798\">\n\t\t\t\t\t\t<section class=\"elementor-section elementor-top-section elementor-element elementor-element-53c58a3 elementor-section-stretched elementor-section-boxed elementor-section-height-default elementor-section-height-default\" data-id=\"53c58a3\" data-element_type=\"section\" data-settings=\"{&quot;stretch_section&quot;:&quot;section-stretched&quot;,&quot;background_background&quot;:&quot;classic&quot;}\">\n\t\t\t\t\t\t<div class=\"elementor-container elementor-column-gap-default\">\n\t\t\t\t\t<div class=\"elementor-column elementor-col-100 elementor-top-column elementor-element elementor-element-c06499d\" data-id=\"c06499d\" data-element_type=\"column\">\n\t\t\t<div class=\"elementor-widget-wrap elementor-element-populated\">\n\t\t\t\t\t\t<div class=\"elementor-element elementor-element-da677f7 elementor-widget elementor-widget-heading\" data-id=\"da677f7\" data-element_type=\"widget\" data-widget_type=\"heading.default\">\n\t\t\t\t<div class=\"elementor-widget-container\">\n\t\t\t<h2 class=\"elementor-heading-title elementor-size-default\">Direcci\u00f3n de Tesis de Grado y Postgrado<\/h2>\t\t<\/div>\n\t\t\t\t<\/div>\n\t\t\t\t\t<\/div>\n\t\t<\/div>\n\t\t\t\t\t<\/div>\n\t\t<\/section>\n\t\t\t\t<section class=\"elementor-section elementor-top-section elementor-element elementor-element-3194386 elementor-section-stretched elementor-section-height-min-height elementor-section-content-space-between elementor-section-boxed elementor-section-height-default elementor-section-items-middle\" data-id=\"3194386\" data-element_type=\"section\" data-settings=\"{&quot;stretch_section&quot;:&quot;section-stretched&quot;,&quot;background_background&quot;:&quot;classic&quot;}\">\n\t\t\t\t\t\t<div class=\"elementor-container elementor-column-gap-custom\">\n\t\t\t\t\t<div class=\"elementor-column elementor-col-100 elementor-top-column elementor-element elementor-element-750f2e2\" data-id=\"750f2e2\" data-element_type=\"column\">\n\t\t\t<div class=\"elementor-widget-wrap elementor-element-populated\">\n\t\t\t\t\t\t<div class=\"elementor-element elementor-element-036bba2 elementor-tabs-alignment-stretch elementor-widget__width-initial elementor-tabs-view-horizontal elementor-widget elementor-widget-tabs\" data-id=\"036bba2\" data-element_type=\"widget\" data-widget_type=\"tabs.default\">\n\t\t\t\t<div class=\"elementor-widget-container\">\n\t\t\t\t\t<div class=\"elementor-tabs\">\n\t\t\t<div class=\"elementor-tabs-wrapper\" role=\"tablist\" >\n\t\t\t\t\t\t\t\t\t<div id=\"elementor-tab-title-3581\" class=\"elementor-tab-title elementor-tab-desktop-title\" aria-selected=\"true\" data-tab=\"1\" role=\"tab\" tabindex=\"0\" aria-controls=\"elementor-tab-content-3581\" aria-expanded=\"false\">Tesis Doctorales en Ciencias \u2013 Area Energ\u00edas Renovables (U.N.Sa.)<\/div>\n\t\t\t\t\t\t\t\t\t<div id=\"elementor-tab-title-3582\" class=\"elementor-tab-title elementor-tab-desktop-title\" aria-selected=\"false\" data-tab=\"2\" role=\"tab\" tabindex=\"-1\" aria-controls=\"elementor-tab-content-3582\" aria-expanded=\"false\">Tesis de Especialidad y Maestr\u00eda<\/div>\n\t\t\t\t\t\t\t\t\t<div id=\"elementor-tab-title-3583\" class=\"elementor-tab-title elementor-tab-desktop-title\" aria-selected=\"false\" data-tab=\"3\" role=\"tab\" tabindex=\"-1\" aria-controls=\"elementor-tab-content-3583\" aria-expanded=\"false\">Tesinas de Grado<\/div>\n\t\t\t\t\t\t\t<\/div>\n\t\t\t<div class=\"elementor-tabs-content-wrapper\" role=\"tablist\" aria-orientation=\"vertical\">\n\t\t\t\t\t\t\t\t\t<div class=\"elementor-tab-title elementor-tab-mobile-title\" aria-selected=\"true\" data-tab=\"1\" role=\"tab\" tabindex=\"0\" aria-controls=\"elementor-tab-content-3581\" aria-expanded=\"false\">Tesis Doctorales en Ciencias \u2013 Area Energ\u00edas Renovables (U.N.Sa.)<\/div>\n\t\t\t\t\t<div id=\"elementor-tab-content-3581\" class=\"elementor-tab-content elementor-clearfix\" data-tab=\"1\" role=\"tabpanel\" aria-labelledby=\"elementor-tab-title-3581\" tabindex=\"0\" hidden=\"false\"><table style=\"width: 98.987%; border-style: hidden;\"><tbody><tr><td style=\"width: 49.4264%;\" width=\"292\"><strong>TEMA<\/strong><\/td><td style=\"width: 26.2146%;\" width=\"167\"><strong>DIRECCI\u00d3N<\/strong><\/td><td style=\"width: 9.2441%;\" width=\"201\"><strong>ESTADO<\/strong><\/td><\/tr><tr><td style=\"width: 49.4264%;\" width=\"292\">\u201cInfluencia de las dobles fachadas verdes en el consumo energ\u00e9tico de edificios en climas del Noroeste Argentino\u201d (2017-contin\u00faa). Lic. Nicol\u00e1s Castro.<\/td><td style=\"width: 26.2146%;\" width=\"167\">Direcci\u00f3n: Dra. S. Flores Larsen.<\/td><td style=\"width: 9.2441%;\" width=\"201\">En realizaci\u00f3n<\/td><\/tr><tr><td style=\"width: 49.4264%;\" width=\"292\">\u201cComportamiento energ\u00e9tico-ambiental del pulm\u00f3n de manzana en el h\u00e1bitat construido de zonas \u00e1ridas. El caso del \u00e1rea metropolitana de Mendoza\u201d (2015-contin\u00faa). Arq. Mar\u00eda Emilia Balmaceda Licciardo INAHE CCT Mendoza.<\/td><td style=\"width: 26.2146%;\" width=\"167\">Directora: Dra. Erica Correa. Codirectora: Dra. S. Flores Larsen.<\/td><td style=\"width: 9.2441%;\" width=\"201\">\u00a0En realizaci\u00f3n<\/td><\/tr><tr><td style=\"width: 49.4264%;\" width=\"292\">\u201cEdificios de energ\u00eda cero y de reducido impacto ambiental para zonas de baja densidad poblacional, en climas templado-continentales\u201d (2015-contin\u00faa). Arq. Mar\u00eda Rosario Flores C\u00e1ceres INAHE CCT Mendoza.<\/td><td style=\"width: 26.2146%;\" width=\"167\">Directora: Dr. Alfredo Est\u00e9ves. Codirectora: Dra. S. Flores Larsen.<\/td><td style=\"width: 9.2441%;\" width=\"201\">En realizaci\u00f3n<\/td><\/tr><tr><td style=\"width: 49.4264%;\" width=\"292\">\u201cTecnolog\u00edas verdes en zonas \u00e1ridas. Dise\u00f1o y evaluaci\u00f3n energ\u00e9tico-ambiental de sistemas de vegetaci\u00f3n de aplicaci\u00f3n en cubiertas edilicias\u201d (2014-2019). Ing. Agr. Emiliano Flores Assin.<\/td><td style=\"width: 26.2146%;\" width=\"167\">Directora: Dra. Claudia Mart\u00ednez. Codirectora: Dra. S. Flores Larsen.<\/td><td style=\"width: 9.2441%;\" width=\"201\">Finalizada<\/td><\/tr><tr><td style=\"width: 49.4264%;\" width=\"292\">\u201cEstudio y evaluaci\u00f3n de par\u00e1metros de funcionamiento para la tecnolog\u00eda Fresnel lineal de concentraci\u00f3n\u201d (2013-2017). Lic. Marcos Hongn.<\/td><td style=\"width: 26.2146%;\" width=\"167\">Directora: Dra. S. Flores Larsen.<\/td><td style=\"width: 9.2441%;\" width=\"201\">Finalizada<\/td><\/tr><tr><td style=\"width: 49.4264%;\" width=\"292\">\u201cInstrumentaci\u00f3n metodol\u00f3gica para el reciclado masivo de la edilicia residencial orientada a la eficiencia energ\u00e9tica\u201d (2012-2015). Arq. Lucas Rodr\u00edguez de la U.N. La Plata.<\/td><td style=\"width: 26.2146%;\" width=\"167\">Director: Dr. Carlos D\u00edscoli. Codirectora: Dra. S. Flores Larsen.<\/td><td style=\"width: 9.2441%;\" width=\"201\">Finalizada<\/td><\/tr><tr><td style=\"width: 49.4264%;\" width=\"292\">\u00a0\u00abSistemas de ventana multiacimutales para edificios sustentables en climas templados continentales\u201d (2009-2013). Arq. Gustavo Javier Barea Paci (UTN Mendoza).<\/td><td style=\"width: 26.2146%;\" width=\"167\">Director: Ing. Alfredo Est\u00e9ves. Co-directora: Dra. S. Flores Larsen.<\/td><td style=\"width: 9.2441%;\" width=\"201\">Finalizada<\/td><\/tr><tr><td style=\"width: 49.4264%;\" width=\"292\">\u201cAcondicionamiento bioclim\u00e1tico de un centro de propagaci\u00f3n ag\u00e1mica de plantas\u201d (2008-2017). Msc. V\u00edctor O. Garc\u00eda de la U.N.Catamarca.<\/td><td style=\"width: 26.2146%;\" width=\"167\">\u00a0Director: Dr. Adolfo Iriarte. Codirectora: Dra. S. Flores Larsen.<\/td><td style=\"width: 9.2441%;\" width=\"201\">Finalizada<\/td><\/tr><tr><td style=\"width: 49.4264%;\" width=\"292\">\u201cEstudio estacional de un sistema solar activo de generaci\u00f3n de aire caliente para la agroindustria\u201d (2008-2013). Lic. Gonzalo Dur\u00e1n.<\/td><td style=\"width: 26.2146%;\" width=\"167\">Director: Dr. Miguel Condor\u00ed. Co-directora: Dra. S. Flores Larsen.<\/td><td style=\"width: 9.2441%;\" width=\"201\">Finalizada<\/td><\/tr><tr><td style=\"width: 49.4264%;\" width=\"292\">\u201cArquitectura sustentable. Sistemas de acondicionamiento bioclim\u00e1tico de invierno y verano para viviendas sin fachada disponible hacia el Ecuador en Mendoza\u201d (2006-2011). Arq. M. Victoria Mercado del INCIHUSA Mendoza.<\/td><td style=\"width: 26.2146%;\" width=\"167\">Directores: Ing. Alfredo Est\u00e9ves y Dra. Celina Filipp\u00edn. Co-directora: Dra. S. Flores Larsen.<\/td><td style=\"width: 9.2441%;\" width=\"201\">Finalizada<\/td><\/tr><tr><td style=\"width: 49.4264%;\" width=\"292\">\u201cDesarrollo de una metodolog\u00eda de an\u00e1lisis del potencial energ\u00e9tico en medios urbanos de media y baja consolidaci\u00f3n, aplicando energ\u00edas renovables. El \u00e1rea del Gran La Plata como caso de estudio\u201d (2006-2010). Arq. Graciela M. Viegas de la U.N.La Plata.<\/td><td style=\"width: 26.2146%;\" width=\"167\">Direcci\u00f3n: Dr. C. D\u00edscoli. Codirecci\u00f3n: Dra. S. Flores Larsen.<\/td><td style=\"width: 9.2441%;\" width=\"201\">Finalizada<\/td><\/tr><\/tbody><\/table><\/div>\n\t\t\t\t\t\t\t\t\t<div class=\"elementor-tab-title elementor-tab-mobile-title\" aria-selected=\"false\" data-tab=\"2\" role=\"tab\" tabindex=\"-1\" aria-controls=\"elementor-tab-content-3582\" aria-expanded=\"false\">Tesis de Especialidad y Maestr\u00eda<\/div>\n\t\t\t\t\t<div id=\"elementor-tab-content-3582\" class=\"elementor-tab-content elementor-clearfix\" data-tab=\"2\" role=\"tabpanel\" aria-labelledby=\"elementor-tab-title-3582\" tabindex=\"0\" hidden=\"hidden\"><table width=\"706\"><tbody><tr><td width=\"396\">TEMA<\/td><td width=\"216\">DIRECCI\u00d3N<\/td><td width=\"94\">ESTADO<\/td><\/tr><tr><td width=\"396\">\u201cAportes al Etiquetado de Eficiencia Energ\u00e9tica en el sector residencial aplicado en la ciudad de Salta. Estudio de caso: Vivienda Social del IPV\u201d (2019-2023). Ing. Adri\u00e1n Gonz\u00e1lez. Tesis de Especialidad en Energ\u00edas Renovables (U.N.Sa.).<\/td><td width=\"216\">Directora: Dra. S. Flores Larsen. Codirectora: Dra. S. Gonz\u00e1lez.<\/td><td width=\"94\">Finalizada<\/td><\/tr><tr><td width=\"396\">\u201cAcondicionamiento bioclim\u00e1tico de la Sede de la Universidad Nacional de Salta en la Ciudad de Or\u00e1n\u201d (2019-2023). Ing. Dora Mendoza. Tesis de Maestr\u00eda en Energ\u00edas Renovables (U.N.Sa.).<\/td><td width=\"216\">Directora: Dra. S. Flores Larsen.<\/td><td width=\"94\">Finalizada<\/td><\/tr><tr><td width=\"396\">en la ciudad de Salta\u201d (2019-2021). Ing. Javier Svetliza. Tesis de Maestr\u00eda en Energ\u00edas Renovables (U.N.Sa.).<\/td><td width=\"216\">Directora: Dra. S. Flores Larsen. Co-director: Dr. Marcos Hongn.<\/td><td width=\"94\">Finalizada<\/td><\/tr><tr><td width=\"396\">\u00a0\u201cMontaje experimental, simulaci\u00f3n num\u00e9rica y estrategias de funcionamiento de un muro acumulador de energ\u00eda solar para climas templados como el de Uruguay\u201d (2019-2022). Lic. Gerardo Vitale (Universidad de la Rep\u00fablica, Salto, Uruguay). Tesis de Maestr\u00eda en Energ\u00edas Renovables (U.N.Sa.).<\/td><td width=\"216\">Directora: Dra. S. Flores Larsen. Co-director: Dr. \u00cdtalo Bove.<\/td><td width=\"94\">Finalizada<\/td><\/tr><tr><td width=\"396\">\u201cInfluencia de la envolvente en el comportamiento t\u00e9rmico de un edificio con fachada vidriada para distintos climas de Colombia\u201d (2012-2018). Ing. Mariana Aristiz\u00e1bal (Colombia). Tesis de Maestr\u00eda en Energ\u00edas Renovables (U.N.Sa.).<\/td><td width=\"216\">Directora: Dra. Silvana Flores Larsen.<\/td><td width=\"94\">Finalizadas<\/td><\/tr><tr><td width=\"396\">\u201cInfluencia de la fachada de doble piel (DSF) como herramienta arquitect\u00f3nica bioclim\u00e1tica en el comportamiento t\u00e9rmico de un edificio con orientaci\u00f3n Este-Oeste en clima templado c\u00e1lido\u201d (2014). Arq. Luis Rengifo. Tesis de Maestr\u00eda en Arquitectura Bioclim\u00e1tica de la Universidad de Colima \u2013 ISTHMUS Panam\u00e1.<\/td><td width=\"216\">Asesora: Dra. S. Flores Larsen.<\/td><td width=\"94\">Finalizadas<\/td><\/tr><tr><td width=\"396\">\u201cEstudio t\u00e9rmico y evaluaci\u00f3n econ\u00f3mica de colectores solares de aire para calefacci\u00f3n de edificios\u201d (2011-2014). Ing. Silvina Gonz\u00e1lez. Tesis de Maestr\u00eda en Energ\u00edas Renovables (U.N.Sa.).<\/td><td width=\"216\">Directora: Dra. Silvana Flores Larsen.<\/td><td width=\"94\">Finalizadas<\/td><\/tr><tr><td width=\"396\">\u201cRadiaci\u00f3n solar e iluminaci\u00f3n natural: Uso y tratamiento. Mediciones de iluminaci\u00f3n interior, en un modelo a escala\u201d (2010). Arq: Juan Ignacio Garc\u00eda Lobo. Tesis de Maestr\u00eda de la Universidad Polit\u00e9cnica de Catalunya (IDERA, UPC, Barcelona, Espa\u00f1a).<\/td><td width=\"216\">Directora: Dra. Silvana Flores Larsen.<\/td><td width=\"94\">Finalizadas<\/td><\/tr><tr><td width=\"396\">\u201cRe-dise\u00f1o de una escuela solar en un clima c\u00e1lido de Salta a partir del monitoreo y la simulaci\u00f3n t\u00e9rmica\u201d (2009). Arq. Soledad Orce Schwarz. Tesis de Especialidad en Dise\u00f1o Bioclim\u00e1tico de la Universidad Nacional de Catamarca.<\/td><td width=\"216\">Directora: Dra. C. Filipp\u00edn. Codirectora: Dra. Silvana Flores Larsen.<\/td><td width=\"94\">Finalizadas<\/td><\/tr><tr><td width=\"396\">\u201cAcondicionamiento bioclim\u00e1tico de una c\u00e1mara para germinaci\u00f3n y microinjerto de plantines de nogal\u201d (2004-2007). Lic. V\u00edctor Garc\u00eda de la U.N.Catamarca. Tesis de Maestr\u00eda en Energ\u00edas Renovables (U.N.Sa.).<\/td><td width=\"216\">Director: Dr. Adolfo Iriarte. Codirectora: Dra. Silvana Flores Larsen.<\/td><td width=\"94\">Finalizadas<\/td><\/tr><\/tbody><\/table><\/div>\n\t\t\t\t\t\t\t\t\t<div class=\"elementor-tab-title elementor-tab-mobile-title\" aria-selected=\"false\" data-tab=\"3\" role=\"tab\" tabindex=\"-1\" aria-controls=\"elementor-tab-content-3583\" aria-expanded=\"false\">Tesinas de Grado<\/div>\n\t\t\t\t\t<div id=\"elementor-tab-content-3583\" class=\"elementor-tab-content elementor-clearfix\" data-tab=\"3\" role=\"tabpanel\" aria-labelledby=\"elementor-tab-title-3583\" tabindex=\"0\" hidden=\"hidden\"><table width=\"615\"><tbody><tr><td width=\"400\">TEMA<\/td><td width=\"121\">DIRECCI\u00d3N<\/td><td width=\"94\">ESTADO<\/td><\/tr><tr><td width=\"400\"><a href=\"https:\/\/drive.google.com\/file\/d\/1VROHrqLWqwNXF7vWuP0l5nQs-db3k5Wg\/view\" target=\"_blank\" rel=\"noopener\">\u201cDeterminacion in-situ de la resistencia t\u00e9rmica de muros mediante t\u00e9cnicas no destructivas\u201d (2019-contin\u00faa). Srta. Roc\u00edo Beleiz\u00e1n. Tesina final de Licenciatura en Energ\u00edas Renovables, Fac. Cs. Exactas de la U.N.Sa.\u00a0DESCARGAR<\/a><\/td><td width=\"121\">Directora: Dra. S. Flores Larsen.<\/td><td><p>Finalizada <a href=\"https:\/\/www.youtube.com\/watch?v=BtrkhStZFG8\"><img decoding=\"async\" class=\"alignnone  wp-image-3316\" src=\"https:\/\/leb.inenco.unsa.edu.ar\/wp-content\/uploads\/2021\/05\/video.jpg\" alt=\"\" width=\"39\" height=\"34\" \/><\/a><\/p><\/td><\/tr><tr><td width=\"400\"><a href=\"https:\/\/drive.google.com\/file\/d\/1NPflkTPFqNXFy93ijxtlr_RugVYit-DQ\/view\" target=\"_blank\" rel=\"noopener\">\u201cAn\u00e1lisis de la eficiencia energ\u00e9tica de una fachada verde en distintos climas de la provincia de Salta\u201d (2019-contin\u00faa). Srta. Constanza L\u00f3pez. Tesina final de Licenciatura en Energ\u00edas Renovables, Fac. Cs. Exactas de la U.N.Sa.\u00a0DESCARGAR<\/a><\/td><td width=\"121\">Directora: Dra. S. Flores Larsen.<\/td><td width=\"94\">Finalizada <a href=\"https:\/\/www.youtube.com\/watch?v=9B59kBE6FVM\"><img decoding=\"async\" class=\"alignnone  wp-image-3316\" src=\"https:\/\/leb.inenco.unsa.edu.ar\/wp-content\/uploads\/2021\/05\/video.jpg\" alt=\"\" width=\"45\" height=\"40\" \/><\/a><\/td><\/tr><tr><td width=\"400\"><a href=\"https:\/\/drive.google.com\/file\/d\/1tlGy08ugJu8rkTlqXuzsj9sCLZf9vrk5\/view\" target=\"_blank\" rel=\"noopener\">\u201cModelizaci\u00f3n del microclima urbano en el campus de la Universidad Nacional de Salta utilizando el software enviMET 4. Confort t\u00e9rmico y estrategias de mitigaci\u00f3n\u201d (2018-contin\u00faa). Sr. Dar\u00edo Jaime. Tesina final de Licenciatura en Energ\u00edas Renovables, Fac. Cs. Exactas de la U.N.Sa.\u00a0DESCARGAR<\/a><\/td><td width=\"121\">Directora: Dra. S. Flores Larsen.<\/td><td width=\"94\">Finalizada <a href=\"https:\/\/www.youtube.com\/watch?v=-9BdnUmltZ4\"><img decoding=\"async\" class=\"alignnone  wp-image-3316\" src=\"https:\/\/leb.inenco.unsa.edu.ar\/wp-content\/uploads\/2021\/05\/video.jpg\" alt=\"\" width=\"48\" height=\"42\" \/><\/a><\/td><\/tr><tr><td width=\"400\">\u201cViviendas bioclim\u00e1ticas para San Antonio de los Cobres\u201d (2017). Sr. Walter Guzm\u00e1n. Trabajo Final de la carrera de Ingenier\u00eda Civil de la Facultad de Ingenier\u00eda de la Universidad Nacional de Salta.<\/td><td width=\"121\">Asesora: Dra. S. Flores Larsen.<\/td><td width=\"94\">Finalizada<\/td><\/tr><tr><td width=\"400\">\u201cInterface para un sistema de automatizaci\u00f3n de viviendas\u201d (2005). Sres. Juan Carlos Nieva y Carlos Miguel Valdiviezo. Sres. Juan Carlos Nieva y Carlos Miguel Valdiviezo. Seminario de Computaci\u00f3n de la carrera de An\u00e1lisis de Sistemas de la Facultad de Ciencias Exactas de la U.N.Sa.<\/td><td width=\"121\">Directora: Dra. S. Flores Larsen.<\/td><td width=\"94\">Finalizada<\/td><\/tr><tr><td width=\"400\">\u201cRe-ingenier\u00eda en Complejo Fronterizo Paso de Jama\u201d (2004). Srta. C. Viramonte y el Sr. G. Benaglia. Proyecto Final de la carrera de Ingenier\u00eda Civil de la Universidad Tecnol\u00f3gica Nacional Regional C\u00f3rdoba.<\/td><td width=\"121\">Directora: Dra. S. Flores Larsen.<\/td><td width=\"94\">Finalizada<\/td><\/tr><\/tbody><\/table><\/div>\n\t\t\t\t\t\t\t<\/div>\n\t\t<\/div>\n\t\t\t\t<\/div>\n\t\t\t\t<\/div>\n\t\t\t\t\t<\/div>\n\t\t<\/div>\n\t\t\t\t\t<\/div>\n\t\t<\/section>\n\t\t\t\t<\/div>\n\t\t","protected":false},"excerpt":{"rendered":"<p>Direcci\u00f3n de Tesis de Grado y Postgrado Tesis Doctorales en Ciencias \u2013 Area Energ\u00edas Renovables (U.N.Sa.) Tesis de Especialidad y Maestr\u00eda Tesinas de Grado Tesis Doctorales en Ciencias \u2013 Area Energ\u00edas Renovables (U.N.Sa.) TEMA DIRECCI\u00d3N ESTADO \u201cInfluencia de las dobles fachadas verdes en el consumo energ\u00e9tico de edificios en climas del Noroeste Argentino\u201d (2017-contin\u00faa). Lic.&hellip;&nbsp;<a href=\"https:\/\/leb.inenco.unsa.edu.ar\/index.php\/es\/maestrias-y-doctorados-2\/\" rel=\"bookmark\">Leer m\u00e1s &raquo;<span class=\"screen-reader-text\">Tesistas<\/span><\/a><\/p>\n","protected":false},"author":2,"featured_media":0,"parent":0,"menu_order":0,"comment_status":"closed","ping_status":"closed","template":"","meta":{"_eb_attr":"","neve_meta_sidebar":"","neve_meta_container":"","neve_meta_enable_content_width":"","neve_meta_content_width":0,"neve_meta_title_alignment":"","neve_meta_author_avatar":"","neve_post_elements_order":"","neve_meta_disable_header":"","neve_meta_disable_footer":"","neve_meta_disable_title":"","_ti_tpc_template_sync":false,"_ti_tpc_template_id":"","footnotes":""},"class_list":["post-798","page","type-page","status-publish","hentry"],"_links":{"self":[{"href":"https:\/\/leb.inenco.unsa.edu.ar\/index.php\/wp-json\/wp\/v2\/pages\/798"}],"collection":[{"href":"https:\/\/leb.inenco.unsa.edu.ar\/index.php\/wp-json\/wp\/v2\/pages"}],"about":[{"href":"https:\/\/leb.inenco.unsa.edu.ar\/index.php\/wp-json\/wp\/v2\/types\/page"}],"author":[{"embeddable":true,"href":"https:\/\/leb.inenco.unsa.edu.ar\/index.php\/wp-json\/wp\/v2\/users\/2"}],"replies":[{"embeddable":true,"href":"https:\/\/leb.inenco.unsa.edu.ar\/index.php\/wp-json\/wp\/v2\/comments?post=798"}],"version-history":[{"count":193,"href":"https:\/\/leb.inenco.unsa.edu.ar\/index.php\/wp-json\/wp\/v2\/pages\/798\/revisions"}],"predecessor-version":[{"id":6546,"href":"https:\/\/leb.inenco.unsa.edu.ar\/index.php\/wp-json\/wp\/v2\/pages\/798\/revisions\/6546"}],"wp:attachment":[{"href":"https:\/\/leb.inenco.unsa.edu.ar\/index.php\/wp-json\/wp\/v2\/media?parent=798"}],"curies":[{"name":"wp","href":"https:\/\/api.w.org\/{rel}","templated":true}]}}