{"id":803,"date":"2017-02-03T10:26:16","date_gmt":"2017-02-03T13:26:16","guid":{"rendered":"http:\/\/leb.inenco.unsa.edu.ar\/?page_id=803"},"modified":"2026-02-06T17:10:33","modified_gmt":"2026-02-06T20:10:33","slug":"libros-y-capitulos-de-libros","status":"publish","type":"page","link":"https:\/\/leb.inenco.unsa.edu.ar\/index.php\/es\/publicaciones\/libros-y-capitulos-de-libros\/","title":{"rendered":"Libros y Cap\u00edtulos de Libros"},"content":{"rendered":"\t\t<div data-elementor-type=\"wp-page\" data-elementor-id=\"803\" class=\"elementor elementor-803\">\n\t\t\t\t\t\t<section class=\"elementor-section elementor-top-section elementor-element elementor-element-9ce74c7 elementor-section-stretched elementor-section-boxed elementor-section-height-default elementor-section-height-default\" data-id=\"9ce74c7\" data-element_type=\"section\" data-settings=\"{&quot;stretch_section&quot;:&quot;section-stretched&quot;}\">\n\t\t\t\t\t\t<div class=\"elementor-container elementor-column-gap-default\">\n\t\t\t\t\t<div class=\"elementor-column elementor-col-100 elementor-top-column elementor-element elementor-element-c2c0262\" data-id=\"c2c0262\" data-element_type=\"column\">\n\t\t\t<div class=\"elementor-widget-wrap elementor-element-populated\">\n\t\t\t\t\t\t<div class=\"elementor-element elementor-element-2b89078 elementor-widget elementor-widget-heading\" data-id=\"2b89078\" data-element_type=\"widget\" data-widget_type=\"heading.default\">\n\t\t\t\t<div class=\"elementor-widget-container\">\n\t\t\t<h1 class=\"elementor-heading-title elementor-size-default\">Libros y Cap\u00edtulos de Libros<\/h1>\t\t<\/div>\n\t\t\t\t<\/div>\n\t\t\t\t\t<\/div>\n\t\t<\/div>\n\t\t\t\t\t<\/div>\n\t\t<\/section>\n\t\t\t\t<section class=\"elementor-section elementor-top-section elementor-element elementor-element-e42e727 elementor-section-stretched elementor-section-boxed elementor-section-height-default elementor-section-height-default\" data-id=\"e42e727\" data-element_type=\"section\" data-settings=\"{&quot;stretch_section&quot;:&quot;section-stretched&quot;,&quot;background_background&quot;:&quot;classic&quot;}\">\n\t\t\t\t\t\t<div class=\"elementor-container elementor-column-gap-default\">\n\t\t\t\t\t<div class=\"elementor-column elementor-col-100 elementor-top-column elementor-element elementor-element-0e52bfb\" data-id=\"0e52bfb\" data-element_type=\"column\" data-settings=\"{&quot;background_background&quot;:&quot;classic&quot;}\">\n\t\t\t<div class=\"elementor-widget-wrap elementor-element-populated\">\n\t\t\t\t\t\t<div class=\"elementor-element elementor-element-abe0c9f elementor-widget elementor-widget-eael-adv-accordion\" data-id=\"abe0c9f\" data-element_type=\"widget\" data-widget_type=\"eael-adv-accordion.default\">\n\t\t\t\t<div class=\"elementor-widget-container\">\n\t\t\t        <div class=\"eael-adv-accordion\" id=\"eael-adv-accordion-abe0c9f\" data-scroll-on-click=\"no\" data-scroll-speed=\"300\" data-accordion-id=\"abe0c9f\" data-accordion-type=\"accordion\" data-toogle-speed=\"300\">\n    <div class=\"eael-accordion-list\">\n                <div id=\"captulo-de-libropobreza-y-vulnerabilidad-socio-energtica-en-argentina-estimaciones-y-propuesta-para-su-mitigacin-en-funcin-del-territorio\" class=\"elementor-tab-title eael-accordion-header\" tabindex=\"0\" data-tab=\"1\" aria-controls=\"elementor-tab-content-1801\"><span class=\"eael-advanced-accordion-icon-closed\"><i aria-hidden=\"true\" class=\"fa-accordion-icon fas fa-plus\"><\/i><\/span><span class=\"eael-advanced-accordion-icon-opened\"><i aria-hidden=\"true\" class=\"fa-accordion-icon fas fa-minus\"><\/i><\/span><span class=\"eael-accordion-tab-title\">Cap\u00edtulo de libro:\u00a0Pobreza y vulnerabilidad socio-energ\u00e9tica en Argentina. Estimaciones y propuesta para su mitigaci\u00f3n en funci\u00f3n del territorio<\/span><i aria-hidden=\"true\" class=\"fa-toggle fas fa-angle-right\"><\/i><\/div><div id=\"elementor-tab-content-1801\" class=\"eael-accordion-content clearfix\" data-tab=\"1\" aria-labelledby=\"captulo-de-libropobreza-y-vulnerabilidad-socio-energtica-en-argentina-estimaciones-y-propuesta-para-su-mitigacin-en-funcin-del-territorio\"><table width=\"501\"><tbody><tr><td width=\"501\">Autor\/es:\u00a0DUR\u00c1N, RODRIGO; MONTONE, MAURO; FLORES LARSEN, SILVANA; CONDOR\u00cd, MIGUEL<\/td><\/tr><tr><td width=\"501\">Libro: Estrategias sostenibles para minimizar la pobreza energ\u00e9tica y mejorar el bienestar ambiental<\/td><\/tr><tr><td>Editorial:\u00a0CIEMAT<\/td><\/tr><tr><td>Referencias:\u00a0Lugar: Madrid; A\u00f1o: 2025; p. 160 &#8211; 185<\/td><\/tr><\/tbody><\/table><\/div>\n                <\/div><div class=\"eael-accordion-list\">\n                <div id=\"ttulo-del-libro-masa-trmica-en-viviendas-gua-prctica-de-dimensionamiento\" class=\"elementor-tab-title eael-accordion-header\" tabindex=\"0\" data-tab=\"2\" aria-controls=\"elementor-tab-content-1802\"><span class=\"eael-advanced-accordion-icon-closed\"><i aria-hidden=\"true\" class=\"fa-accordion-icon fas fa-plus\"><\/i><\/span><span class=\"eael-advanced-accordion-icon-opened\"><i aria-hidden=\"true\" class=\"fa-accordion-icon fas fa-minus\"><\/i><\/span><span class=\"eael-accordion-tab-title\">\u00a0T\u00edtulo del libro: Masa t\u00e9rmica en Viviendas: Gu\u00eda Pr\u00e1ctica de Dimensionamiento<\/span><i aria-hidden=\"true\" class=\"fa-toggle fas fa-angle-right\"><\/i><\/div><div id=\"elementor-tab-content-1802\" class=\"eael-accordion-content clearfix\" data-tab=\"2\" aria-labelledby=\"ttulo-del-libro-masa-trmica-en-viviendas-gua-prctica-de-dimensionamiento\"><p>Autor\/es: FLORES LARSEN SILVANA; FILIPP\u00cdN CELINA; GONZALEZ, SILVINA; GEA SALIM, CAMILA; HONGN, MARCOS; BRE, FACUNDO; VALDEZ, MARCELO.<\/p><p>Editorial: Instituto del Cemento Portland Argentino.<\/p><p>Referencias:\u00a0Lugar: Buenos Aires; A\u00f1o: 2022 p. 94<\/p><p>A\u00f1o: 2022<\/p><\/div>\n                <\/div><div class=\"eael-accordion-list\">\n                <div id=\"captulo-de-libro-computational-aeroelasticity-of-flying-robots-with-flexible-wings\" class=\"elementor-tab-title eael-accordion-header\" tabindex=\"0\" data-tab=\"3\" aria-controls=\"elementor-tab-content-1803\"><span class=\"eael-advanced-accordion-icon-closed\"><i aria-hidden=\"true\" class=\"fa-accordion-icon fas fa-plus\"><\/i><\/span><span class=\"eael-advanced-accordion-icon-opened\"><i aria-hidden=\"true\" class=\"fa-accordion-icon fas fa-minus\"><\/i><\/span><span class=\"eael-accordion-tab-title\">Cap\u00edtulo de libro: Computational Aeroelasticity of Flying Robots with Flexible Wings<\/span><i aria-hidden=\"true\" class=\"fa-toggle fas fa-angle-right\"><\/i><\/div><div id=\"elementor-tab-content-1803\" class=\"eael-accordion-content clearfix\" data-tab=\"3\" aria-labelledby=\"captulo-de-libro-computational-aeroelasticity-of-flying-robots-with-flexible-wings\"><p>Autores:\u00a0Preidikman S., Roccia, B. A., Verstraete M. L., Valdez, M.F., Mook D. T., and Balachandran B.<\/p><p><a href=\"https:\/\/www.intechopen.com\/books\/aerial-robots-aerodynamics-control-and-applications\/computational-aeroelasticity-of-flying-robots-with-flexible-wings\">T\u00edtulo del libro: Aerial Robots Aerodynamics, Control and Applications.<\/a><\/p><p>A\u00f1o: 2017<\/p><\/div>\n                <\/div><div class=\"eael-accordion-list\">\n                <div id=\"captulo-de-libro-captulo-4-edificios-bioclimticos\" class=\"elementor-tab-title eael-accordion-header\" tabindex=\"0\" data-tab=\"4\" aria-controls=\"elementor-tab-content-1804\"><span class=\"eael-advanced-accordion-icon-closed\"><i aria-hidden=\"true\" class=\"fa-accordion-icon fas fa-plus\"><\/i><\/span><span class=\"eael-advanced-accordion-icon-opened\"><i aria-hidden=\"true\" class=\"fa-accordion-icon fas fa-minus\"><\/i><\/span><span class=\"eael-accordion-tab-title\">Cap\u00edtulo de libro: \u201cCap\u00edtulo 4: Edificios bioclim\u00e1ticos\u201d.<\/span><i aria-hidden=\"true\" class=\"fa-toggle fas fa-angle-right\"><\/i><\/div><div id=\"elementor-tab-content-1804\" class=\"eael-accordion-content clearfix\" data-tab=\"4\" aria-labelledby=\"captulo-de-libro-captulo-4-edificios-bioclimticos\"><p>Autor: FLORES LARSEN SILVANA<\/p><p><a href=\"http:\/\/www.ancefn.org.ar\/biblioteca\/libros_ancefn.html\">T\u00edtulo del libro: \u201cEnerg\u00eda Solar\u201d, 1ra edici\u00f3n especial.<\/a> Editores: Miguel. A. Laborde y Roberto J.J. Williams. ISBN 978-9-87411-100-5. Publicado por: ANCEFN &#8211; Academia Nacional de Ciencias Exactas, F\u00edsicas y Naturales, 2016.<\/p><p>A\u00f1o: 2016<\/p><\/div>\n                <\/div><div class=\"eael-accordion-list\">\n                <div id=\"titulo-del-libro-instituto-de-investigaciones-en-energa-no-convencional-ciencia-y-tecnologa-para-un-futuro-sustentable-1980-2015\" class=\"elementor-tab-title eael-accordion-header\" tabindex=\"0\" data-tab=\"5\" aria-controls=\"elementor-tab-content-1805\"><span class=\"eael-advanced-accordion-icon-closed\"><i aria-hidden=\"true\" class=\"fa-accordion-icon fas fa-plus\"><\/i><\/span><span class=\"eael-advanced-accordion-icon-opened\"><i aria-hidden=\"true\" class=\"fa-accordion-icon fas fa-minus\"><\/i><\/span><span class=\"eael-accordion-tab-title\">Titulo del libro: \"Instituto de Investigaciones en Energ\u00eda No Convencional. Ciencia y Tecnolog\u00eda para un futuro sustentable 1980 \u2013 2015\".\u00a0<\/span><i aria-hidden=\"true\" class=\"fa-toggle fas fa-angle-right\"><\/i><\/div><div id=\"elementor-tab-content-1805\" class=\"eael-accordion-content clearfix\" data-tab=\"5\" aria-labelledby=\"titulo-del-libro-instituto-de-investigaciones-en-energa-no-convencional-ciencia-y-tecnologa-para-un-futuro-sustentable-1980-2015\"><p><a href=\"https:\/\/leb.inenco.unsa.edu.ar\/index.php\/es\/2017\/02\/02\/libro-del-inenco\/\">1ra Edici\u00f3n. Editorial Instituto de Investigaci\u00f3n de Energ\u00eda No Convencional &#8211; INENCO, Salta, Argentina. ISBN 978-987-20105-7-7. Nro total de p\u00e1ginas del libro: 160.<\/a><\/p><p>Autores:\u00a0BELMONTE S., CASO R., BALDERRAMA B., FLORES LARSEN S.<\/p><p>A\u00f1o: 2016<\/p><\/div>\n                <\/div><div class=\"eael-accordion-list\">\n                <div id=\"captulo-de-libro-architecture-thermal-design-and-energy-performance-of-solar-schools-in-argentina\" class=\"elementor-tab-title eael-accordion-header\" tabindex=\"0\" data-tab=\"6\" aria-controls=\"elementor-tab-content-1806\"><span class=\"eael-advanced-accordion-icon-closed\"><i aria-hidden=\"true\" class=\"fa-accordion-icon fas fa-plus\"><\/i><\/span><span class=\"eael-advanced-accordion-icon-opened\"><i aria-hidden=\"true\" class=\"fa-accordion-icon fas fa-minus\"><\/i><\/span><span class=\"eael-accordion-tab-title\">Cap\u00edtulo de libro: \u201cArchitecture, thermal design and energy performance of solar schools in Argentina\u201d<\/span><i aria-hidden=\"true\" class=\"fa-toggle fas fa-angle-right\"><\/i><\/div><div id=\"elementor-tab-content-1806\" class=\"eael-accordion-content clearfix\" data-tab=\"6\" aria-labelledby=\"captulo-de-libro-architecture-thermal-design-and-energy-performance-of-solar-schools-in-argentina\"><p>Autores: Filippin C., Flores Larsen S., Beascochea A.<\/p><p>T\u00edtulo del libro: \u201cEnergy and Buildings: Efficiency, Air Quality and Conservation\u201d<\/p><p>A\u00f1o: 2009<\/p><\/div>\n                <\/div><div class=\"eael-accordion-list\">\n                <div id=\"chapter-7-energy-efficiency-in-buildings\" class=\"elementor-tab-title eael-accordion-header\" tabindex=\"0\" data-tab=\"7\" aria-controls=\"elementor-tab-content-1807\"><span class=\"eael-advanced-accordion-icon-closed\"><i aria-hidden=\"true\" class=\"fa-accordion-icon fas fa-plus\"><\/i><\/span><span class=\"eael-advanced-accordion-icon-opened\"><i aria-hidden=\"true\" class=\"fa-accordion-icon fas fa-minus\"><\/i><\/span><span class=\"eael-accordion-tab-title\">Chapter 7: \"Energy Efficiency in Buildings\u201d<\/span><i aria-hidden=\"true\" class=\"fa-toggle fas fa-angle-right\"><\/i><\/div><div id=\"elementor-tab-content-1807\" class=\"eael-accordion-content clearfix\" data-tab=\"7\" aria-labelledby=\"chapter-7-energy-efficiency-in-buildings\"><p>Autores: Filippin C., Flores Larsen S.<\/p><p>T\u00edtulo del libro: \u201cEnergy Efficiency Research\u201d<\/p><p>A\u00f1o: 2009<\/p><\/div>\n                <\/div><div class=\"eael-accordion-list\">\n                <div id=\"energy-efficiency-in-buildings\" class=\"elementor-tab-title eael-accordion-header\" tabindex=\"0\" data-tab=\"8\" aria-controls=\"elementor-tab-content-1808\"><span class=\"eael-advanced-accordion-icon-closed\"><i aria-hidden=\"true\" class=\"fa-accordion-icon fas fa-plus\"><\/i><\/span><span class=\"eael-advanced-accordion-icon-opened\"><i aria-hidden=\"true\" class=\"fa-accordion-icon fas fa-minus\"><\/i><\/span><span class=\"eael-accordion-tab-title\">Energy Efficiency in Buildings<\/span><i aria-hidden=\"true\" class=\"fa-toggle fas fa-angle-right\"><\/i><\/div><div id=\"elementor-tab-content-1808\" class=\"eael-accordion-content clearfix\" data-tab=\"8\" aria-labelledby=\"energy-efficiency-in-buildings\"><p>Autores: Filippin C., Flores Larsen S.<\/p><p>T\u00edtulo del libro: \u201cEnergy Efficiency, Recovery and Storage&#8221;<\/p><p>A\u00f1o: 2007<\/p><\/div>\n                <\/div><div class=\"eael-accordion-list\">\n                <div id=\"captulo-4-uso-de-modelos-de-simulacin-en-la-optimizacin-energtica-de-edificios\" class=\"elementor-tab-title eael-accordion-header\" tabindex=\"0\" data-tab=\"9\" aria-controls=\"elementor-tab-content-1809\"><span class=\"eael-advanced-accordion-icon-closed\"><i aria-hidden=\"true\" class=\"fa-accordion-icon fas fa-plus\"><\/i><\/span><span class=\"eael-advanced-accordion-icon-opened\"><i aria-hidden=\"true\" class=\"fa-accordion-icon fas fa-minus\"><\/i><\/span><span class=\"eael-accordion-tab-title\">Cap\u00edtulo 4: \"Uso de modelos de simulaci\u00f3n en la optimizaci\u00f3n energ\u00e9tica de edificios\u201d<\/span><i aria-hidden=\"true\" class=\"fa-toggle fas fa-angle-right\"><\/i><\/div><div id=\"elementor-tab-content-1809\" class=\"eael-accordion-content clearfix\" data-tab=\"9\" aria-labelledby=\"captulo-4-uso-de-modelos-de-simulacin-en-la-optimizacin-energtica-de-edificios\"><p>Autores: C. Filipp\u00edn, Dra. Silvana Flores Larsen.<\/p><p>Titulo del libro: \u201cUso eficiente de la energ\u00eda en edificios\u201d<\/p><p>A\u00f1o: 2005<\/p><\/div>\n                <\/div><\/div>\t\t<\/div>\n\t\t\t\t<\/div>\n\t\t\t\t\t<\/div>\n\t\t<\/div>\n\t\t\t\t\t<\/div>\n\t\t<\/section>\n\t\t\t\t<\/div>\n\t\t","protected":false},"excerpt":{"rendered":"<p>Libros y Cap\u00edtulos de Libros Cap\u00edtulo de libro:\u00a0Pobreza y vulnerabilidad socio-energ\u00e9tica en Argentina. Estimaciones y propuesta para su mitigaci\u00f3n en funci\u00f3n del territorio Autor\/es:\u00a0DUR\u00c1N, RODRIGO; MONTONE, MAURO; FLORES LARSEN, SILVANA; CONDOR\u00cd, MIGUEL Libro: Estrategias sostenibles para minimizar la pobreza energ\u00e9tica y mejorar el bienestar ambiental Editorial:\u00a0CIEMAT Referencias:\u00a0Lugar: Madrid; A\u00f1o: 2025; p. 160 &#8211; 185 \u00a0T\u00edtulo&hellip;&nbsp;<a href=\"https:\/\/leb.inenco.unsa.edu.ar\/index.php\/es\/publicaciones\/libros-y-capitulos-de-libros\/\" rel=\"bookmark\">Leer m\u00e1s &raquo;<span class=\"screen-reader-text\">Libros y Cap\u00edtulos de Libros<\/span><\/a><\/p>\n","protected":false},"author":2,"featured_media":6725,"parent":56,"menu_order":0,"comment_status":"closed","ping_status":"closed","template":"","meta":{"_eb_attr":"","neve_meta_sidebar":"","neve_meta_container":"","neve_meta_enable_content_width":"","neve_meta_content_width":0,"neve_meta_title_alignment":"","neve_meta_author_avatar":"","neve_post_elements_order":"","neve_meta_disable_header":"","neve_meta_disable_footer":"","neve_meta_disable_title":"","_ti_tpc_template_sync":false,"_ti_tpc_template_id":"","footnotes":""},"class_list":["post-803","page","type-page","status-publish","has-post-thumbnail","hentry"],"_links":{"self":[{"href":"https:\/\/leb.inenco.unsa.edu.ar\/index.php\/wp-json\/wp\/v2\/pages\/803"}],"collection":[{"href":"https:\/\/leb.inenco.unsa.edu.ar\/index.php\/wp-json\/wp\/v2\/pages"}],"about":[{"href":"https:\/\/leb.inenco.unsa.edu.ar\/index.php\/wp-json\/wp\/v2\/types\/page"}],"author":[{"embeddable":true,"href":"https:\/\/leb.inenco.unsa.edu.ar\/index.php\/wp-json\/wp\/v2\/users\/2"}],"replies":[{"embeddable":true,"href":"https:\/\/leb.inenco.unsa.edu.ar\/index.php\/wp-json\/wp\/v2\/comments?post=803"}],"version-history":[{"count":81,"href":"https:\/\/leb.inenco.unsa.edu.ar\/index.php\/wp-json\/wp\/v2\/pages\/803\/revisions"}],"predecessor-version":[{"id":7239,"href":"https:\/\/leb.inenco.unsa.edu.ar\/index.php\/wp-json\/wp\/v2\/pages\/803\/revisions\/7239"}],"up":[{"embeddable":true,"href":"https:\/\/leb.inenco.unsa.edu.ar\/index.php\/wp-json\/wp\/v2\/pages\/56"}],"wp:featuredmedia":[{"embeddable":true,"href":"https:\/\/leb.inenco.unsa.edu.ar\/index.php\/wp-json\/wp\/v2\/media\/6725"}],"wp:attachment":[{"href":"https:\/\/leb.inenco.unsa.edu.ar\/index.php\/wp-json\/wp\/v2\/media?parent=803"}],"curies":[{"name":"wp","href":"https:\/\/api.w.org\/{rel}","templated":true}]}}