{"id":860,"date":"2017-02-06T13:43:32","date_gmt":"2017-02-06T16:43:32","guid":{"rendered":"http:\/\/leb.inenco.unsa.edu.ar\/?page_id=860"},"modified":"2018-03-15T12:31:35","modified_gmt":"2018-03-15T15:31:35","slug":"featured","status":"publish","type":"page","link":"https:\/\/leb.inenco.unsa.edu.ar\/index.php\/en\/featured\/","title":{"rendered":"FEATURED"},"content":{"rendered":"<ul class=\"display-posts-listing\"><li class=\"listing-item\"><a class=\"title\" href=\"https:\/\/leb.inenco.unsa.edu.ar\/index.php\/es\/2017\/02\/02\/libro-del-inenco\/\">Libro del INENCO<\/a><div class=\"content\"><p style=\"text-align: justify;\">Instituto de Investigaciones en Energ\u00eda No Convencional. Ciencia y Tecnolog\u00eda para un futuro sustentable 1980 &#8211; 2015. Autores: Silvina Belmonte, Ricardo Caso, Beatriz Balderrama, Silvana Flores Larsen.<\/p>\n<p><a href=\"http:\/\/170.210.201.158\/libro\/inenco%20completoFINAL_digital.pdf\"><img decoding=\"async\" class=\"wp-image-779 aligncenter\" src=\"http:\/\/leb.inenco.unsa.edu.ar\/wp-content\/uploads\/2017\/02\/inenco-libro.jpg\" alt=\"inenco libro\" width=\"129\" height=\"130\" \/><\/a><\/p>\n<p style=\"text-align: center;\"><a href=\"http:\/\/170.210.201.158\/libro\/inenco%20completoFINAL_digital.pdf\">Click Aqu\u00ed para Descargar<\/a><\/p>\n<p>&nbsp;<\/p>\n<\/div><\/li><li class=\"listing-item\"><a class=\"title\" href=\"https:\/\/leb.inenco.unsa.edu.ar\/index.php\/es\/2016\/08\/08\/proyecto-de-ley-sobre-energias-renovables-para-la-provincia-de-salta\/\">Proyecto de Ley sobre energ\u00edas renovables para la provincia de Salta<\/a><div class=\"content\"><p>Proyecto de Ley sobre energ\u00edas renovables para la provincia de Salta. <em>IX <\/em><em>Jornadas de Ciencia y Tecnolog\u00eda de Facultades de Ingenier\u00eda del NOA<\/em>, CODINOA 2013,Universidad Nacional de Santiago del Estero, 3 y 4 de Octubre de 2013. ISSN N\u00b0 1853-7871. Autores:\u00a0TILCA F., FLORES LARSEN S. 2013.<\/p>\n<\/div><\/li><li class=\"listing-item\"><a class=\"title\" href=\"https:\/\/leb.inenco.unsa.edu.ar\/index.php\/es\/2016\/08\/01\/analisis-del-ciclo-de-vida-de-una-vivienda-auditada-en-condiciones-reales-de-uso-en-la-region-central-de-argentina\/\">An\u00e1lisis del ciclo de vida de una vivienda auditada en condiciones reales de uso en la regi\u00f3n central de Argentina<\/a><div class=\"content\"><p><span style=\"font-size: 10pt; font-family: verdana, geneva, sans-serif;\"><em>Energ\u00edas Renovables y Medio Ambiente 35<\/em>, pp. 7-19. ISSN 0328-932X, Argentina 2015.<\/span><\/p>\n<p><span style=\"font-size: 10pt; font-family: verdana, geneva, sans-serif;\"> Autores: Filipp\u00edn C., Sipowicz E., Flores Larsen S.<\/span><\/p>\n<h2 style=\"text-align: justify;\" data-canvas-width=\"80.91811847788557\"><span style=\"font-size: 10pt; font-family: verdana, geneva, sans-serif;\">Resumen<\/span><\/h2>\n<p style=\"text-align: justify;\" data-canvas-width=\"80.91811847788557\"><span style=\"font-size: 10pt; font-family: verdana, geneva, sans-serif;\">El objetivo general de este trabajo es: estimar la energ\u00eda contenida y operativa de una vivienda \u00a0compacta\u00a0construida en el a\u00f1o 1975 y localizada en la ciudad\u00a0de Santa Rosa, La Pampa (latitud: 36.6\u00ba, longitud 64.3\u00ba y altura sobre el\u00a0nivel del mar: 189m) en un clima templado fr\u00edo de la regi\u00f3n central de Argentina. Se analiz\u00f3 el consumo de energ\u00eda total de\u00a0la vivienda (gas natural y energ\u00eda el\u00e9ctrica) entre\u00a01989 y 2009. Para completar la informaci\u00f3n de la energ\u00eda operativa del\u00a0per\u00edodo 1976-1989 se us\u00f3 una ecuaci\u00f3n de regresi\u00f3n\u00a0lineal simple. En este trabajo los resultados muestran la participaci\u00f3n de\u00a0la energ\u00eda contenida (inducida, gris e incorporada) y la operativa para satisfacer las necesidades b\u00e1sicas del usuario para un per\u00edodo de 34 a\u00f1os. El mejoramiento energ\u00e9tico de la envolvente vertical para satisfacer la recomendaci\u00f3n de la Norma\u00a0IRAM pertinente a invierno significar\u00eda aumentar un\u00a05% (de 12 a 17%) la energ\u00eda contenida en los componentes tecnol\u00f3gicos\u00a0m\u00e1s significativos de la vivienda. Ese incremento\u00a0permite reducir un 28% el consumo de energ\u00eda en calefacci\u00f3n pasando de\u00a0234 a 168 kWh\/m2\u00a0(120 kWh\/m2 para un edificio de bajo consumo) a pesar de que la envolvente vertical para las condiciones t\u00e9rmicas del aire interior estudiadas no satisface la certificaci\u00f3n de etiquetado energ\u00e9tico. En acuerdo con el ahorro de\u00a0energ\u00eda habr\u00eda una reducci\u00f3n de las emisiones de CO2.<\/span><\/p>\n<h2 style=\"text-align: justify;\" data-canvas-width=\"89.78450098246056\"><span style=\"font-size: 10pt; font-family: verdana, geneva, sans-serif;\">Palabras Claves<\/span><\/h2>\n<p style=\"text-align: justify;\" data-canvas-width=\"264.58812501735235\"><span style=\"font-family: verdana, geneva, sans-serif;\"><span style=\"font-size: 10pt;\">An\u00e1lisis de Ciclo de Vida &#8211; Energ\u00eda contenida \u2013 Ene<\/span><span style=\"font-size: 10pt;\">rg\u00eda operativa \u2013 Ahorro de energ\u00eda<\/span><\/span><\/p>\n<p style=\"text-align: justify;\" data-canvas-width=\"264.58812501735235\"><span style=\"font-family: verdana, geneva, sans-serif;\"><a href=\"https:\/\/www.researchgate.net\/profile\/Silvana_Flores_Larsen\/publication\/284157056_ANALISIS_DEL_CICLO_DE_VIDA_DE_UNA_VIVIENDA_AUDITADA_EN_CONDICIONES_REALES_DE_USO_EN_LA_REGION_CENTRAL_DE_ARGENTINA\/links\/564db8c808ae1ef9296ac770\/ANALISIS-DEL-CICLO-DE-VIDA-DE-UNA-VIVIENDA-AUDITADA-EN-CONDICIONES-REALES-DE-USO-EN-LA-REGION-CENTRAL-DE-ARGENTINA.pdf\"><span style=\"font-size: 10pt;\">Descargar art\u00edculo<\/span><\/a><\/span><span style=\"font-family: verdana, geneva, sans-serif;\">\u00a0<\/span><\/p>\n<\/div><\/li><li class=\"listing-item\"><a class=\"title\" href=\"https:\/\/leb.inenco.unsa.edu.ar\/index.php\/es\/2016\/08\/01\/modeling-double-skin-green-facades-with-traditional-thermal-simulation-software\/\">Modeling double skin green fa\u00e7ades with traditional thermal simulation software<\/a><div class=\"content\"><p style=\"text-align: justify;\"><img fetchpriority=\"high\" fetchpriority=\"high\" decoding=\"async\" class=\"alignnone size-full wp-image-898\" src=\"http:\/\/leb.inenco.unsa.edu.ar\/wp-content\/uploads\/2016\/08\/modelig11.jpg\" alt=\"modelig11\" width=\"610\" height=\"186\" \/><\/p>\n<p style=\"text-align: justify;\"><em><span style=\"font-size: 10pt;\">Solar Energy 121, pp. 56-67, Ed. Elsevier.\u00a0Noviembre 2015.<\/span><\/em><\/p>\n<p style=\"text-align: justify;\"><span style=\"font-size: 10pt;\">Autores: Flores Larsen S., Filipp\u00edn C.Lesino G.<\/span><\/p>\n<h2 id=\"author-highlightsab0051\" class=\"secHeading\" style=\"text-align: justify;\"><span style=\"font-size: 10pt;\">Highlights<\/span><\/h2>\n<ul style=\"list-style-type: disc; text-align: justify;\">\n<li style=\"text-align: justify;\"><span style=\"font-size: 10pt;\">A simplified method to simulate the thermal behavior of green walls is presented.<\/span><\/li>\n<li style=\"text-align: justify;\"><span style=\"font-size: 10pt;\">The model can be used in software not providing a specific green wall module.<\/span><\/li>\n<li style=\"text-align: justify;\"><span style=\"font-size: 10pt;\">The thermal behavior of the vegetation is explained.<\/span><\/li>\n<li style=\"text-align: justify;\"><span style=\"font-size: 10pt;\">An application example with EnergyPlus is described.<\/span><\/li>\n<\/ul>\n<h2 id=\"authorab0101\" class=\"secHeading\" style=\"text-align: justify;\"><span style=\"font-size: 10pt;\">Abstract<\/span><\/h2>\n<p style=\"text-align: justify;\"><span style=\"font-size: 10pt;\">The use of plants attached to the building walls is a bioclimatic strategy that has grown in popularity due to the savings in building energy consumption. The plant is a living component of the fa\u00e7ade that responds to the environment in a very complicated way, by regulating their transpiration levels. The simulation of this response is generally not included in the available software for transient thermal simulation of buildings, thus making difficult the simulation of green walls by architects and building designers. The aim of this paper is to present a simplified method to simulate a green wall using a traditional wall\/glazing element, with fictitious properties, whose thermal model is included in transient simulation softwares. Thus, green walls can be simulated with softwares that do not provide specific modules for plant calculation. The model is more accurate under humid conditions and for low wind speeds. An application example is presented, consisting of a building prototype with a green fa\u00e7ade that was simulated through EnergyPlus software. Inside and outside glass temperatures, plant foliage temperature, and window heat gain and losses were calculated. The results were discussed and recommendations for simulating green fa\u00e7ades were done.<\/span><\/p>\n<p style=\"text-align: justify;\"><span style=\"font-size: 10pt;\"><a href=\"http:\/\/www.sciencedirect.com\/science\/article\/pii\/S0038092X15004697\">Descargar art\u00edculo<\/a><\/span><\/p>\n<\/div><\/li><li class=\"listing-item\"><a class=\"title\" href=\"https:\/\/leb.inenco.unsa.edu.ar\/index.php\/es\/2016\/08\/01\/double-skin-glazed-facades-in-sunny-mediterranean-climates\/\">Double skin glazed facades in sunny Mediterranean climates<\/a><div class=\"content\"><p><img decoding=\"async\" class=\"alignnone size-full wp-image-904\" src=\"http:\/\/leb.inenco.unsa.edu.ar\/wp-content\/uploads\/2016\/08\/Double-skin-glaze.jpg\" alt=\"Double skin glaze\" width=\"618\" height=\"162\" \/><\/p>\n<p><em><span style=\"font-size: 10pt;\">Energy and Buildings 102, pp. 18-31, Ed. Elsevier.\u00a0Mayo 2015.<\/span><\/em><\/p>\n<p><span style=\"font-size: 10pt;\">Autores: FLORES LARSEN S., RENGIFO L., FILIPPIN C.<\/span><\/p>\n<h2 id=\"author-highlightsabs00051\" class=\"secHeading\" style=\"text-align: justify;\"><span style=\"font-size: 10pt;\">Highlights<\/span><\/h2>\n<ul style=\"list-style-type: disc;\">\n<li><span style=\"font-size: 10pt;\">An unoccupied office building with West double gazed fa\u00e7ade was monitored in summer.<\/span><\/li>\n<li><span style=\"font-size: 10pt;\">The temperature in the cavity exceeded in 10\u00a0\u00b0C the outdoor air at the sunset.<\/span><\/li>\n<li><span style=\"font-size: 10pt;\">Despite the high outdoor air temperatures, indoor ones do not exceeded the outdoor levels.<\/span><\/li>\n<li><span style=\"font-size: 10pt;\">Air speed in the cavity was 3.2 times lower than wind speed.<\/span><\/li>\n<li><span style=\"font-size: 10pt;\">Well-designed double glazed fa\u00e7ades can reduce the cooling energy consumption.<\/span><\/li>\n<\/ul>\n<div class=\"abstract svAbstract \" style=\"text-align: justify;\" data-etype=\"ab\">\n<h2 id=\"authorabs00101\" class=\"secHeading\"><span style=\"font-size: 10pt;\">Abstract<\/span><\/h2>\n<p id=\"spar0010\"><span style=\"font-size: 10pt;\">Double skin glazed facades (DGF) are an actual worldwide trend in new and refurbished buildings, even in warm climates with high solar radiation levels as in the Middle East and in Mediterranean climates. In such climates, overheating of indoor spaces and therefore excessive energy consumption are the main problems to be faced. These issues are commonly addressed mostly by thermal simulation or experimental evaluations on small prototypes. However, measurements on real-scale buildings with DGFs are very unusual. This information is crucial to understand and validate the predictions of the thermal behavior of the DGF technology. In this paper, thermal measurements were carried out in an unoccupied office building with a West DGF placed in the Northwest region of Argentina during 3 months in spring\/summer. The air temperature exceeded in 10\u00a0\u00b0C the outdoor air and that indoor temperatures have not exceeded the outdoor levels in the hottest hours. Two correct design decisions were the use of low-e double hermetic glazing and the addition of a screenpainting to the external DGF panel. The experimental data showed that well-designed DGFs can reduce the summer energy consumption of buildings, even using West DGFs, in sunny climates.<\/span><\/p>\n<\/div>\n<h2 id=\"kwd_1\" class=\"svKeywords\" style=\"text-align: justify;\"><span style=\"font-size: 10pt;\">Keywords<\/span><\/h2>\n<ul id=\"kwd0005\" class=\"keyword\" style=\"text-align: justify;\">\n<li id=\"kw0005\" class=\"svKeywords\"><span style=\"font-size: 10pt;\"><span id=\"\">Double skin fa\u00e7ade<\/span>;<\/span><\/li>\n<li id=\"kw0010\" class=\"svKeywords\"><span style=\"font-size: 10pt;\"><span id=\"\">Glazed fa\u00e7ade<\/span>;<\/span><\/li>\n<li id=\"kw0015\" class=\"svKeywords\"><span style=\"font-size: 10pt;\"><span id=\"\">Ventilated fa\u00e7ade<\/span>;<\/span><\/li>\n<li id=\"kw0020\" class=\"svKeywords\"><span style=\"font-size: 10pt;\"><span id=\"\">Energy efficiency<\/span>;<\/span><\/li>\n<li id=\"kw0025\" class=\"svKeywords\"><span id=\"\" style=\"font-size: 10pt;\">Office building<\/span><\/li>\n<\/ul>\n<p style=\"text-align: justify;\"><span style=\"font-size: 10pt;\"><a href=\"http:\/\/www.sciencedirect.com\/science\/article\/pii\/S0378778815003928\">Descargar art\u00edculo<\/a><\/span><\/p>\n<p>&nbsp;<\/p>\n<p>&nbsp;<\/p>\n<\/div><\/li><li class=\"listing-item\"><a class=\"title\" href=\"https:\/\/leb.inenco.unsa.edu.ar\/index.php\/es\/2016\/08\/01\/experimental-monitoring-and-post-occupancy-evaluation-of-a-non-domestic-solar-building-in-the-central-region-of-argentina\/\">Experimental monitoring and post-occupancy evaluation of a non-domestic solar building in the central region of Argentina<\/a><div class=\"content\"><p><img loading=\"lazy\" loading=\"lazy\" decoding=\"async\" class=\"alignnone size-full wp-image-908\" src=\"http:\/\/leb.inenco.unsa.edu.ar\/wp-content\/uploads\/2016\/08\/Experimental-monitoring1.jpg\" alt=\"Experimental monitoring1\" width=\"622\" height=\"189\" \/><\/p>\n<p style=\"text-align: justify;\"><em><span style=\"font-size: 10pt;\">Energy and Buildings 92, pp. 267-281, Ed. Elsevier.\u00a02015.<\/span><\/em><\/p>\n<p style=\"text-align: justify;\"><span style=\"font-size: 10pt;\">Autores: Filipp\u00edn C., Flores Larsen S., Marek L.\u00a0<\/span><\/p>\n<div class=\"abstract svAbstract abstractHighlights \" style=\"text-align: justify;\" data-etype=\"ab\">\n<h2 id=\"author-highlightsabs00051\" class=\"secHeading\"><span style=\"font-size: 10pt;\">Highlights<\/span><\/h2>\n<ul style=\"list-style-type: disc;\">\n<li><span style=\"font-size: 10pt;\">The technology and solar building design were appropriate for a semi-arid region of Argentina.<\/span><\/li>\n<li><span style=\"font-size: 10pt;\">The heating annual energy consumption was 73.5\u00a0kW\u00a0h\/m<sup>2<\/sup>.<\/span><\/li>\n<li><span style=\"font-size: 10pt;\">Cooling energy consumption corresponds to about 80% of the total daily consumption.<\/span><\/li>\n<li><span style=\"font-size: 10pt;\">The values of PMV and PPD during the summer satisfy ISO 7730.<\/span><\/li>\n<li><span style=\"font-size: 10pt;\">During winter, spring and autumn the PMV value approaches the neutral and slightly cool.<\/span><\/li>\n<\/ul>\n<\/div>\n<div class=\"abstract svAbstract \" style=\"text-align: justify;\" data-etype=\"ab\">\n<h2 id=\"authorabs00101\" class=\"secHeading\"><span style=\"font-size: 10pt;\">Abstract<\/span><\/h2>\n<p id=\"spar0010\"><span style=\"font-size: 10pt;\">Previous experience in designing and monitoring bioclimatic buildings in central Argentina suggests that their thermal behavior is a matter of concern and that further research is needed. Thus, the objectives of this work are: to describe the design and the post-occupancy evaluation of a new non-domestic solar building in a continental semiarid region of central Argentina (37\u00b038\u2032 latitude S, 63\u00b034\u2032 longitude, 175\u00a0m above sea level), to analyze the building&#8217;s hygrothermal and energy performance, and to estimate the PMV and PPD. The design guidelines were: to minimize the consumption of conventional energy in thermal-lighting conditioning, to use traditional technology, to maximize the thermal comfort, and to reach an extra-cost lower than 10%. The post-occupancy monitoring of the building was performed along one complete year (August 9th 2011\u2013August 18th 2012). Data-loggers were installed in each functional area to sense the indoor temperature and relative humidity at time steps of 10\u00a0min. A meteorological station was installed near the building. The experimental results showed that during winter the average temperature in the areas of permanent use was 20.3\u00a0\u00b0C (average outdoor temperature: 10.1\u00a0\u00b0C) and the heating energy consumption was around 73.5\u00a0kW\u00a0h\/m<sup>2<\/sup>. During summer the average indoor temperature in the building was 26.9\u00a0\u00b0C, 1.7\u00a0\u00b0C below the outdoor temperature average (28.6\u00a0\u00b0C); cooling systems were turned on when the indoor temperature reached 28\u00a0\u00b0C, at approximately 11:30 AM, when the outdoor air temperature exceeded 30\u00a0\u00b0C. Mechanical cooling consumed around 59% of the daily electricity consumption. The PDD results obtained for winter and summer representative days meet the requirements of ISO Norm 7730. Heating and cooling energy saving was around 63% and 76.5% respectively. The monitoring showed that the thermal behavior and energy performance met the expectations of both designers and users, and it is considered satisfactory and promising for low-energy consumption buildings.<\/span><\/p>\n<\/div>\n<h2 id=\"kwd_1\" class=\"svKeywords\" style=\"text-align: justify;\"><span style=\"font-size: 10pt;\">Keywords<\/span><\/h2>\n<ul id=\"kwd0005\" class=\"keyword\" style=\"text-align: justify;\">\n<li id=\"kw0005\" class=\"svKeywords\"><span style=\"font-size: 10pt;\"><span id=\"\">Solar non-domestic building<\/span>;<\/span><\/li>\n<li id=\"kw0010\" class=\"svKeywords\"><span style=\"font-size: 10pt;\"><span id=\"\">Passive solar strategies<\/span>;<\/span><\/li>\n<li id=\"kw0015\" class=\"svKeywords\"><span style=\"font-size: 10pt;\"><span id=\"\">Energy efficient envelope<\/span>;<\/span><\/li>\n<li id=\"kw0020\" class=\"svKeywords\"><span style=\"font-size: 10pt;\"><span id=\"\">Monitoring<\/span>;<\/span><\/li>\n<li id=\"kw0025\" class=\"svKeywords\"><span style=\"font-size: 10pt;\"><span id=\"\">Energy saving<\/span>;<\/span><\/li>\n<li id=\"kw0030\" class=\"svKeywords\"><span style=\"font-size: 10pt;\"><span id=\"\">Predicted Mean Vote<\/span>;<\/span><\/li>\n<li id=\"kw0035\" class=\"svKeywords\"><span id=\"\" style=\"font-size: 10pt;\">Predicted Percentage of Dissatisfied<\/span><\/li>\n<\/ul>\n<p style=\"text-align: justify;\"><span style=\"font-size: 10pt;\"><a href=\"http:\/\/www.sciencedirect.com\/science\/article\/pii\/S0378778815000791\">Descargar art\u00edculo<\/a><\/span><\/p>\n<p>&nbsp;<\/p>\n<\/div><\/li><\/ul>\n","protected":false},"excerpt":{"rendered":"","protected":false},"author":1,"featured_media":0,"parent":0,"menu_order":0,"comment_status":"closed","ping_status":"closed","template":"","meta":{"_eb_attr":"","neve_meta_sidebar":"","neve_meta_container":"","neve_meta_enable_content_width":"","neve_meta_content_width":0,"neve_meta_title_alignment":"","neve_meta_author_avatar":"","neve_post_elements_order":"","neve_meta_disable_header":"","neve_meta_disable_footer":"","neve_meta_disable_title":"","_ti_tpc_template_sync":false,"_ti_tpc_template_id":"","footnotes":""},"class_list":["post-860","page","type-page","status-publish","hentry"],"_links":{"self":[{"href":"https:\/\/leb.inenco.unsa.edu.ar\/index.php\/wp-json\/wp\/v2\/pages\/860"}],"collection":[{"href":"https:\/\/leb.inenco.unsa.edu.ar\/index.php\/wp-json\/wp\/v2\/pages"}],"about":[{"href":"https:\/\/leb.inenco.unsa.edu.ar\/index.php\/wp-json\/wp\/v2\/types\/page"}],"author":[{"embeddable":true,"href":"https:\/\/leb.inenco.unsa.edu.ar\/index.php\/wp-json\/wp\/v2\/users\/1"}],"replies":[{"embeddable":true,"href":"https:\/\/leb.inenco.unsa.edu.ar\/index.php\/wp-json\/wp\/v2\/comments?post=860"}],"version-history":[{"count":2,"href":"https:\/\/leb.inenco.unsa.edu.ar\/index.php\/wp-json\/wp\/v2\/pages\/860\/revisions"}],"predecessor-version":[{"id":2502,"href":"https:\/\/leb.inenco.unsa.edu.ar\/index.php\/wp-json\/wp\/v2\/pages\/860\/revisions\/2502"}],"wp:attachment":[{"href":"https:\/\/leb.inenco.unsa.edu.ar\/index.php\/wp-json\/wp\/v2\/media?parent=860"}],"curies":[{"name":"wp","href":"https:\/\/api.w.org\/{rel}","templated":true}]}}